{"id":912,"date":"2026-01-26T15:48:07","date_gmt":"2026-01-26T14:48:07","guid":{"rendered":"https:\/\/www.palumbo-industries.com\/?page_id=912"},"modified":"2026-04-30T11:35:09","modified_gmt":"2026-04-30T09:35:09","slug":"savoir-faire","status":"publish","type":"page","link":"https:\/\/www.palumbo-industries.com\/en\/savoir-faire\/","title":{"rendered":"Know-how"},"content":{"rendered":"<section data-etch-element=\"section\" style=\"--background: url(https:\/\/www.palumbo-industries.com\/wp-content\/uploads\/2026\/01\/Palumbo-Pieces-en-desordre-scaled.jpg);\" class=\"section-hero-alt\"><div data-etch-element=\"container\" class=\"section-hero-alt__container\"><div class=\"section-hero-alt__content-wrapper\"><h1 class=\"section-hero-alt__heading\">Know-how<\/h1><div class=\"apollo-breadcrumbs-component\"><nav class=\"apollo-breadcrumbs\" aria-label=\"Breadcrumbs\">\n            <ol class=\"apollo-breadcrumbs__list\">\n                                                       <li class=\"apollo-breadcrumbs__item\">\n                        <a class=\"apollo-breadcrumbs__content\" href=\"https:\/\/www.palumbo-industries.com\/en\/\">\n                            \n                            <span class=\"apollo-breadcrumbs__label\">\n                                Home                            <\/span>\n                        <\/a>\n\n                                            <\/li>\n                \n            <\/ol>\n        <\/nav><\/div><\/div><\/div><\/section>\n\n<section data-etch-element=\"section\" class=\"section-services\"><div data-etch-element=\"container\" class=\"section-services__container width--full\"><div data-etch-element=\"flex-div\" class=\"swiper mySwiper section-services__swiper\"><div data-etch-element=\"flex-div\" class=\"swiper-wrapper swiper__post-wrapper\"><div href=\"\" style=\"--background: url(https:\/\/www.palumbo-industries.com\/wp-content\/uploads\/2026\/01\/Palumbo-Plusieurs-pieces-scaled.jpg)\" class=\"swiper-slide swiper__expertise-card\"><div class=\"swiper__wrapper\"><h4 class=\"swiper__heading\">Machining of profiles<\/h4><a href=\"\/en\/savoir-faire\/usinage-de-profiles\/\" class=\"swiper__anchor btn--secondary\">See more<\/a><\/div><\/div><div href=\"\" style=\"--background: url(https:\/\/www.palumbo-industries.com\/wp-content\/uploads\/2026\/01\/Palumbo-Engrenages-creux-scaled.jpg)\" class=\"swiper-slide swiper__expertise-card\"><div class=\"swiper__wrapper\"><h4 class=\"swiper__heading\">Precision machining<\/h4><a href=\"\/en\/savoir-faire\/usinage-de-precision\/\" class=\"swiper__anchor btn--secondary\">See more<\/a><\/div><\/div><div href=\"\" style=\"--background: url(https:\/\/www.palumbo-industries.com\/wp-content\/uploads\/2026\/02\/Palumbo-Recherche-et-developpement-scaled.jpg)\" class=\"swiper-slide swiper__expertise-card\"><div class=\"swiper__wrapper\"><h4 class=\"swiper__heading\">Research &amp; Development \u2013 Innovations in machining profiles and precision parts<\/h4><a href=\"\/en\/savoir-faire\/recherche-developpement\/\" class=\"swiper__anchor btn--secondary\">See more<\/a><\/div><\/div><div href=\"\" style=\"--background: url(https:\/\/www.palumbo-industries.com\/wp-content\/uploads\/2026\/01\/Palumbo-Vrac-scaled.jpg)\" class=\"swiper-slide swiper__expertise-card\"><div class=\"swiper__wrapper\"><h4 class=\"swiper__heading\">Finishing<\/h4><a href=\"\/en\/savoir-faire\/finition\/\" class=\"swiper__anchor btn--secondary\">See more<\/a><\/div><\/div><\/div><div class=\"swiper-pagination swiper__pagination section-services__pagination\"><\/div><\/div><\/div><\/section>","protected":false},"excerpt":{"rendered":"","protected":false},"author":1,"featured_media":558,"parent":0,"menu_order":0,"comment_status":"closed","ping_status":"closed","template":"","meta":{"_acf_changed":false,"footnotes":""},"class_list":["post-912","page","type-page","status-publish","has-post-thumbnail","hentry"],"acf":[],"yoast_head":"<!-- This site is optimized with the Yoast SEO plugin v27.5 - https:\/\/yoast.com\/product\/yoast-seo-wordpress\/ -->\n<title>Usinage profil\u00e9 de pr\u00e9cision de pi\u00e8ce m\u00e9canique<\/title>\n<meta name=\"description\" content=\"Palumbo Industries, est sp\u00e9cialis\u00e9 dans la fabrication de pi\u00e8ce m\u00e9canique gr\u00e2ce \u00e0 des proc\u00e9d\u00e9s d&#039;usinage de profil\u00e9 et de pr\u00e9cision. Contactez-nous !\" \/>\n<meta name=\"robots\" content=\"index, follow, max-snippet:-1, max-image-preview:large, max-video-preview:-1\" \/>\n<link rel=\"canonical\" href=\"https:\/\/www.palumbo-industries.com\/en\/savoir-faire\/\" \/>\n<meta property=\"og:locale\" content=\"en_US\" \/>\n<meta property=\"og:type\" content=\"article\" \/>\n<meta property=\"og:title\" content=\"Usinage profil\u00e9 de pr\u00e9cision de pi\u00e8ce m\u00e9canique\" \/>\n<meta property=\"og:description\" content=\"Palumbo Industries, est sp\u00e9cialis\u00e9 dans la fabrication de pi\u00e8ce m\u00e9canique gr\u00e2ce \u00e0 des proc\u00e9d\u00e9s d&#039;usinage de profil\u00e9 et de pr\u00e9cision. Contactez-nous !\" \/>\n<meta property=\"og:url\" content=\"https:\/\/www.palumbo-industries.com\/en\/savoir-faire\/\" \/>\n<meta property=\"og:site_name\" content=\"Palumbo Industries\" \/>\n<meta property=\"article:modified_time\" content=\"2026-04-30T09:35:09+00:00\" \/>\n<meta property=\"og:image\" content=\"https:\/\/www.palumbo-industries.com\/wp-content\/uploads\/2026\/01\/Palumbo-Pieces-en-desordre-scaled.jpg\" \/>\n\t<meta property=\"og:image:width\" content=\"2560\" \/>\n\t<meta property=\"og:image:height\" content=\"1707\" \/>\n\t<meta property=\"og:image:type\" content=\"image\/jpeg\" \/>\n<meta name=\"twitter:card\" content=\"summary_large_image\" \/>\n<meta name=\"twitter:label1\" content=\"Est. reading time\" \/>\n\t<meta name=\"twitter:data1\" content=\"1 minute\" \/>\n<script type=\"application\/ld+json\" class=\"yoast-schema-graph\">{\"@context\":\"https:\\\/\\\/schema.org\",\"@graph\":[{\"@type\":\"WebPage\",\"@id\":\"https:\\\/\\\/www.palumbo-industries.com\\\/savoir-faire\\\/\",\"url\":\"https:\\\/\\\/www.palumbo-industries.com\\\/savoir-faire\\\/\",\"name\":\"Usinage profil\u00e9 de pr\u00e9cision de pi\u00e8ce m\u00e9canique\",\"isPartOf\":{\"@id\":\"https:\\\/\\\/www.palumbo-industries.com\\\/#website\"},\"primaryImageOfPage\":{\"@id\":\"https:\\\/\\\/www.palumbo-industries.com\\\/savoir-faire\\\/#primaryimage\"},\"image\":{\"@id\":\"https:\\\/\\\/www.palumbo-industries.com\\\/savoir-faire\\\/#primaryimage\"},\"thumbnailUrl\":\"https:\\\/\\\/www.palumbo-industries.com\\\/wp-content\\\/uploads\\\/2026\\\/01\\\/Palumbo-Pieces-en-desordre-scaled.jpg\",\"datePublished\":\"2026-01-26T14:48:07+00:00\",\"dateModified\":\"2026-04-30T09:35:09+00:00\",\"description\":\"Palumbo Industries, est sp\u00e9cialis\u00e9 dans la fabrication de pi\u00e8ce m\u00e9canique gr\u00e2ce \u00e0 des proc\u00e9d\u00e9s d'usinage de profil\u00e9 et de pr\u00e9cision. Contactez-nous !\",\"breadcrumb\":{\"@id\":\"https:\\\/\\\/www.palumbo-industries.com\\\/savoir-faire\\\/#breadcrumb\"},\"inLanguage\":\"en-US\",\"potentialAction\":[{\"@type\":\"ReadAction\",\"target\":[\"https:\\\/\\\/www.palumbo-industries.com\\\/savoir-faire\\\/\"]}]},{\"@type\":\"ImageObject\",\"inLanguage\":\"en-US\",\"@id\":\"https:\\\/\\\/www.palumbo-industries.com\\\/savoir-faire\\\/#primaryimage\",\"url\":\"https:\\\/\\\/www.palumbo-industries.com\\\/wp-content\\\/uploads\\\/2026\\\/01\\\/Palumbo-Pieces-en-desordre-scaled.jpg\",\"contentUrl\":\"https:\\\/\\\/www.palumbo-industries.com\\\/wp-content\\\/uploads\\\/2026\\\/01\\\/Palumbo-Pieces-en-desordre-scaled.jpg\",\"width\":2560,\"height\":1707},{\"@type\":\"BreadcrumbList\",\"@id\":\"https:\\\/\\\/www.palumbo-industries.com\\\/savoir-faire\\\/#breadcrumb\",\"itemListElement\":[{\"@type\":\"ListItem\",\"position\":1,\"name\":\"Accueil\",\"item\":\"https:\\\/\\\/www.palumbo-industries.com\\\/\"},{\"@type\":\"ListItem\",\"position\":2,\"name\":\"Savoir-faire\"}]},{\"@type\":\"WebSite\",\"@id\":\"https:\\\/\\\/www.palumbo-industries.com\\\/#website\",\"url\":\"https:\\\/\\\/www.palumbo-industries.com\\\/\",\"name\":\"Palumbo Industries\",\"description\":\"Profile machining\",\"potentialAction\":[{\"@type\":\"SearchAction\",\"target\":{\"@type\":\"EntryPoint\",\"urlTemplate\":\"https:\\\/\\\/www.palumbo-industries.com\\\/?s={search_term_string}\"},\"query-input\":{\"@type\":\"PropertyValueSpecification\",\"valueRequired\":true,\"valueName\":\"search_term_string\"}}],\"inLanguage\":\"en-US\"}]}<\/script>\n<!-- \/ Yoast SEO plugin. -->","yoast_head_json":{"title":"Precision machining of mechanical parts from profiles","description":"Palumbo Industries specializes in the manufacturing of mechanical parts using profile machining and precision machining processes. Contact us!","robots":{"index":"index","follow":"follow","max-snippet":"max-snippet:-1","max-image-preview":"max-image-preview:large","max-video-preview":"max-video-preview:-1"},"canonical":"https:\/\/www.palumbo-industries.com\/en\/savoir-faire\/","og_locale":"en_US","og_type":"article","og_title":"Usinage profil\u00e9 de pr\u00e9cision de pi\u00e8ce m\u00e9canique","og_description":"Palumbo Industries, est sp\u00e9cialis\u00e9 dans la fabrication de pi\u00e8ce m\u00e9canique gr\u00e2ce \u00e0 des proc\u00e9d\u00e9s d'usinage de profil\u00e9 et de pr\u00e9cision. Contactez-nous !","og_url":"https:\/\/www.palumbo-industries.com\/en\/savoir-faire\/","og_site_name":"Palumbo Industries","article_modified_time":"2026-04-30T09:35:09+00:00","og_image":[{"width":2560,"height":1707,"url":"https:\/\/www.palumbo-industries.com\/wp-content\/uploads\/2026\/01\/Palumbo-Pieces-en-desordre-scaled.jpg","type":"image\/jpeg"}],"twitter_card":"summary_large_image","twitter_misc":{"Est. reading time":"1 minute"},"schema":{"@context":"https:\/\/schema.org","@graph":[{"@type":"WebPage","@id":"https:\/\/www.palumbo-industries.com\/savoir-faire\/","url":"https:\/\/www.palumbo-industries.com\/savoir-faire\/","name":"Precision machining of mechanical parts from profiles","isPartOf":{"@id":"https:\/\/www.palumbo-industries.com\/#website"},"primaryImageOfPage":{"@id":"https:\/\/www.palumbo-industries.com\/savoir-faire\/#primaryimage"},"image":{"@id":"https:\/\/www.palumbo-industries.com\/savoir-faire\/#primaryimage"},"thumbnailUrl":"https:\/\/www.palumbo-industries.com\/wp-content\/uploads\/2026\/01\/Palumbo-Pieces-en-desordre-scaled.jpg","datePublished":"2026-01-26T14:48:07+00:00","dateModified":"2026-04-30T09:35:09+00:00","description":"Palumbo Industries specializes in the manufacturing of mechanical parts using profile machining and precision machining processes. Contact us!","breadcrumb":{"@id":"https:\/\/www.palumbo-industries.com\/savoir-faire\/#breadcrumb"},"inLanguage":"en-US","potentialAction":[{"@type":"ReadAction","target":["https:\/\/www.palumbo-industries.com\/savoir-faire\/"]}]},{"@type":"ImageObject","inLanguage":"en-US","@id":"https:\/\/www.palumbo-industries.com\/savoir-faire\/#primaryimage","url":"https:\/\/www.palumbo-industries.com\/wp-content\/uploads\/2026\/01\/Palumbo-Pieces-en-desordre-scaled.jpg","contentUrl":"https:\/\/www.palumbo-industries.com\/wp-content\/uploads\/2026\/01\/Palumbo-Pieces-en-desordre-scaled.jpg","width":2560,"height":1707},{"@type":"BreadcrumbList","@id":"https:\/\/www.palumbo-industries.com\/savoir-faire\/#breadcrumb","itemListElement":[{"@type":"ListItem","position":1,"name":"Accueil","item":"https:\/\/www.palumbo-industries.com\/"},{"@type":"ListItem","position":2,"name":"Savoir-faire"}]},{"@type":"WebSite","@id":"https:\/\/www.palumbo-industries.com\/#website","url":"https:\/\/www.palumbo-industries.com\/","name":"Palumbo Industries","description":"Profile machining","potentialAction":[{"@type":"SearchAction","target":{"@type":"EntryPoint","urlTemplate":"https:\/\/www.palumbo-industries.com\/?s={search_term_string}"},"query-input":{"@type":"PropertyValueSpecification","valueRequired":true,"valueName":"search_term_string"}}],"inLanguage":"en-US"}]}},"_links":{"self":[{"href":"https:\/\/www.palumbo-industries.com\/en\/wp-json\/wp\/v2\/pages\/912","targetHints":{"allow":["GET"]}}],"collection":[{"href":"https:\/\/www.palumbo-industries.com\/en\/wp-json\/wp\/v2\/pages"}],"about":[{"href":"https:\/\/www.palumbo-industries.com\/en\/wp-json\/wp\/v2\/types\/page"}],"author":[{"embeddable":true,"href":"https:\/\/www.palumbo-industries.com\/en\/wp-json\/wp\/v2\/users\/1"}],"replies":[{"embeddable":true,"href":"https:\/\/www.palumbo-industries.com\/en\/wp-json\/wp\/v2\/comments?post=912"}],"version-history":[{"count":14,"href":"https:\/\/www.palumbo-industries.com\/en\/wp-json\/wp\/v2\/pages\/912\/revisions"}],"predecessor-version":[{"id":1902,"href":"https:\/\/www.palumbo-industries.com\/en\/wp-json\/wp\/v2\/pages\/912\/revisions\/1902"}],"wp:featuredmedia":[{"embeddable":true,"href":"https:\/\/www.palumbo-industries.com\/en\/wp-json\/wp\/v2\/media\/558"}],"wp:attachment":[{"href":"https:\/\/www.palumbo-industries.com\/en\/wp-json\/wp\/v2\/media?parent=912"}],"curies":[{"name":"wp","href":"https:\/\/api.w.org\/{rel}","templated":true}]}}