{"id":75,"date":"2026-01-08T09:29:13","date_gmt":"2026-01-08T08:29:13","guid":{"rendered":"https:\/\/www.palumbo-industries.com\/?page_id=75"},"modified":"2026-04-21T14:11:27","modified_gmt":"2026-04-21T12:11:27","slug":"finition","status":"publish","type":"page","link":"https:\/\/www.palumbo-industries.com\/en\/savoir-faire\/finition\/","title":{"rendered":"Finishing"},"content":{"rendered":"<section data-etch-element=\"section\" style=\"--background: url(https:\/\/www.palumbo-industries.com\/wp-content\/uploads\/2026\/01\/Palumbo-Vrac-scaled.jpg);\" class=\"section-hero-alt\"><div data-etch-element=\"container\" class=\"section-hero-alt__container\"><div class=\"section-hero-alt__content-wrapper\"><h1 class=\"section-hero-alt__heading\">Finishing of machined parts<\/h1><div class=\"apollo-breadcrumbs-component\"><nav class=\"apollo-breadcrumbs\" aria-label=\"Breadcrumbs\">\n            <ol class=\"apollo-breadcrumbs__list\">\n                                                       <li class=\"apollo-breadcrumbs__item\">\n                        <a class=\"apollo-breadcrumbs__content\" href=\"https:\/\/www.palumbo-industries.com\/en\/\">\n                            \n                            <span class=\"apollo-breadcrumbs__label\">\n                                Home                            <\/span>\n                        <\/a>\n\n                                            <\/li>\n                \n            <\/ol>\n        <\/nav><\/div><\/div><\/div><\/section><section data-etch-element=\"section\" class=\"media-section\"><div data-etch-element=\"container\" class=\"media-section__container\"><div class=\"media-section__media-wrapper\" style=\"--order: 1\"><img decoding=\"async\" src=\"https:\/\/www.palumbo-industries.com\/wp-content\/uploads\/2026\/02\/parachevement-piece-usinee.jpg\" alt=\"\" class=\"media-section__image\" \/><\/div><div class=\"media-section__wrapper\"><h2 class=\"section-bloc-image__h2\">Precision finishing operations with 100 % automated camera inspection<\/h2><p class=\"section-media__text translation-block\">At Palumbo Industries, finishing is not a secondary step; it is the final stage of the <strong>machining process<\/strong>.<br> Our processes ensure the cleanliness, conformity, and durability of every part before shipment.<\/p><p class=\"section-media__text section-media__text-ul\">We carry out in-house :<\/p><ul class=\"section-media__text section-media__unordered-list\"><li>High level cleaning<\/li><li>Le polissage et la tribofinition<\/li><li>Laser marking for traceability<\/li><li>Automated final camera inspection<\/li><\/ul><p class=\"section-media__text translation-block\">These operations achieve an optimal level of visual and dimensional quality, meeting the requirements of the <a href=\"https:\/\/www.palumbo-industries.com\/en\/secteurs-dactivites\/automobile\/\" style=\"color:#00ef38\" target=\"_self\">automotive<\/a>, <a href=\"https:\/\/www.palumbo-industries.com\/en\/secteurs-dactivites\/aeronautique\/\" style=\"color:#00ef38\" target=\"_self\">aerospace<\/a>, and <a href=\"https:\/\/www.palumbo-industries.com\/en\/secteurs-dactivites\/connectique\/\" style=\"color:#00ef38\" target=\"_self\">connectivity<\/a> industries.<\/p><\/div><\/div><\/section><section data-etch-element=\"section\" class=\"media-section\"><div data-etch-element=\"container\" class=\"media-section__container\"><div class=\"media-section__media-wrapper\" style=\"--order: 0\"><img decoding=\"async\" src=\"https:\/\/www.palumbo-industries.com\/wp-content\/uploads\/2026\/02\/lavage-piece-metallique.jpg\" alt=\"\" class=\"media-section__image\" \/><\/div><div class=\"media-section__wrapper\"><h2 class=\"section-bloc-image__h2\">Finishing and cleaning of machined parts<\/h2><p class=\"section-media__text translation-block\"><strong>Cleanliness of machined parts<\/strong> is a major concern for our clients.<\/p><p class=\"section-media__text translation-block\">Palumbo Industries operates a <strong>dedicated cleaning workshop<\/strong> equipped with ultrasonic systems and fine filtration, ensuring controlled particle cleanliness.<\/p><p class=\"section-media__text\">Our controls ensure that our processes comply with ISO 16232 standards (analysis of particle residue) and fulfill the requirements of our automotive and aerospace customers.<\/p><p class=\"section-media__text\">Every delivered part is free from critical particles that could compromise assemblies or mechanical systems.<\/p><\/div><\/div><\/section><section data-etch-element=\"section\" style=\"--media: url(&#039;https:\/\/www.palumbo-industries.com\/wp-content\/uploads\/2026\/02\/Palumbo-Marquage-laser-1-scaled.jpg&#039;)\" class=\"section-bloc-image\"><div data-etch-element=\"container\" style=\"--position: end\" class=\"section-bloc-image__container\"> <svg width=\"591\" height=\"1129\" viewbox=\"0 0 591 1129\" fill=\"none\" class=\"section-bloc-image__svg\"><path d=\"M401.583 912.12C243.518 804.741 204.314 583.841 314.289 418.737C377.54 323.798 477.359 264.506 588.456 255.897L578.93 2.15619C389.313 16.5793 218.669 117.284 110.132 279.068L108.854 280.982L106.651 284.311C-79.1738 567.059 -10.9712 943.408 259.205 1125.98L401.583 912.12Z\" stroke=\"#0CEF00\" stroke-width=\"4\"><\/path><\/svg> <div class=\"section-bloc-image__content-bloc\"><h2 class=\"section-card__heading section-bloc-image__h2\">Polishing &amp; tribofinishing of machined parts<\/h2><p class=\"section-media__text\">In some cases, surface finish plays a critical functional role : sealing, friction, service life.<br \/> Nos <strong>proc\u00e9d\u00e9s de tribofinition<\/strong> et d\u2019<strong>usinage<\/strong> poli-miroir permettent d\u2019obtenir des \u00e9tats de surface extr\u00eamement lisses, adapt\u00e9s aux <strong>pi\u00e8ces de pr\u00e9cision<\/strong>.<\/p><p class=\"section-media__text section-media__text-ul\">We master various techniques :<\/p><ul class=\"section-bloc-image__ul\"><li class=\"section-bloc-image__li\">Mechanical polishing and mass finishing<\/li><li class=\"section-bloc-image__li\">Specific tribological coating<\/li><li class=\"section-bloc-image__li\">Roughness measurement and analysis in our metrology lab<\/li><\/ul><p class=\"section-media__text\">These processes ensure homogeneous and burr-free surfaces, without any geometry distortion.<\/p><a href=\"\/en\/savoir-faire\/recherche-developpement\/\" class=\"section-bloc-image__button btn--secondary\">R&amp;D<\/a><\/div><\/div><\/section><section data-etch-element=\"section\" class=\"section-bloc-image-bonus\"><div data-etch-element=\"container\" class=\"section-bloc-image-bonus__container\"><div class=\"section-bloc-image__content-bloc--alt\"><h2 class=\"section-card__heading section-bloc-image__h2\">Laser marking and parts traceability<\/h2><p class=\"section-bloc-image__text translation-block\">Palumbo Industries integrates <strong>laser marking<\/strong> into its production lines to ensure <strong>full traceability of parts<\/strong>.<br> Each part can receive a unique identifier (code, batch, customer reference) without altering its surface or causing particulate contamination.<\/p><p class=\"section-media__text section-media__text-ul\">Advantages of laser marking :<\/p><ul class=\"section-bloc-image__ul\"><li class=\"section-bloc-image__li\">Permanence over time<\/li><li class=\"section-bloc-image__li\">Camera automated reading<\/li><li class=\"section-bloc-image__li\">No added material<\/li><li class=\"section-bloc-image__li\">Full traceability for quality follow-up<\/li><\/ul><\/div><\/div><\/section><section data-etch-element=\"section\" class=\"media-section\"><div data-etch-element=\"container\" class=\"media-section__container\"><div class=\"media-section__media-wrapper\" style=\"--order: 1\"><img decoding=\"async\" src=\"https:\/\/www.palumbo-industries.com\/wp-content\/uploads\/2026\/02\/Palumbo-Cartons-scaled.jpg\" alt=\"\" class=\"media-section__image\" \/><\/div><div class=\"media-section__wrapper\"><h2 class=\"section-card__heading section-bloc-image__h2\">Final inspection and conformity of machined parts<\/h2><p class=\"section-media__text translation-block\">Before shipment, 100% of parts undergo <a href=\"https:\/\/www.palumbo-industries.com\/en\/finition\" style=\"color:#00ef38\" target=\"_self\">automated camera inspection<\/a>, ensuring geometric and dimensional conformity.<\/p><p class=\"section-media__text\">The inspection is supplemented by :<\/p><ul class=\"section-media__text section-media__unordered-list\"><li>CMM dimensional controls<\/li><li>surface optical controls<\/li><li>quality reports for each production batch<\/li><\/ul><p class=\"section-media__text\">These procedures ensure a near-zero PPM defect rate for ready-to-use components.<\/p><a href=\"\/en\/qualite-environnement\/\" class=\"section-media__button btn--secondary\">Our quality commitments<\/a> <svg width=\"591\" height=\"1129\" viewbox=\"0 0 591 1129\" fill=\"none\" class=\"media-section__svg\"><path d=\"M401.583 912.12C243.518 804.741 204.314 583.841 314.289 418.737C377.54 323.798 477.359 264.506 588.456 255.897L578.93 2.15619C389.313 16.5793 218.669 117.284 110.132 279.068L108.854 280.982L106.651 284.311C-79.1738 567.059 -10.9712 943.408 259.205 1125.98L401.583 912.12Z\" stroke=\"#0CEF00\" stroke-width=\"4\"><\/path><\/svg> <\/div><\/div><\/section>","protected":false},"excerpt":{"rendered":"","protected":false},"author":1,"featured_media":659,"parent":912,"menu_order":0,"comment_status":"closed","ping_status":"closed","template":"","meta":{"_acf_changed":false,"footnotes":""},"class_list":["post-75","page","type-page","status-publish","has-post-thumbnail","hentry"],"acf":[],"yoast_head":"<!-- This site is optimized with the Yoast SEO plugin v27.5 - https:\/\/yoast.com\/product\/yoast-seo-wordpress\/ -->\n<title>Finition pi\u00e8ce usin\u00e9e industrielle, nettoyage pi\u00e8ce m\u00e9tallique, contr\u00f4le qualit\u00e9 pi\u00e8ce usin\u00e9e<\/title>\n<meta name=\"description\" content=\"Palumbo Industries r\u00e9alise la finition de pi\u00e8ces usin\u00e9es avec lavage particulaire, polissage, marquage laser et contr\u00f4le 100 %, garantissant propret\u00e9, tra\u00e7abilit\u00e9 et conformit\u00e9. Contactez-nous !\" \/>\n<meta name=\"robots\" content=\"index, follow, max-snippet:-1, max-image-preview:large, max-video-preview:-1\" \/>\n<link rel=\"canonical\" href=\"https:\/\/www.palumbo-industries.com\/en\/savoir-faire\/finition\/\" \/>\n<meta property=\"og:locale\" content=\"en_US\" \/>\n<meta property=\"og:type\" content=\"article\" \/>\n<meta property=\"og:title\" content=\"Finition pi\u00e8ce usin\u00e9e industrielle, nettoyage pi\u00e8ce m\u00e9tallique, contr\u00f4le qualit\u00e9 pi\u00e8ce usin\u00e9e\" \/>\n<meta property=\"og:description\" content=\"Palumbo Industries r\u00e9alise la finition de pi\u00e8ces usin\u00e9es avec lavage particulaire, polissage, marquage laser et contr\u00f4le 100 %, garantissant propret\u00e9, tra\u00e7abilit\u00e9 et conformit\u00e9. Contactez-nous !\" \/>\n<meta property=\"og:url\" content=\"https:\/\/www.palumbo-industries.com\/en\/savoir-faire\/finition\/\" \/>\n<meta property=\"og:site_name\" content=\"Palumbo Industries\" \/>\n<meta property=\"article:modified_time\" content=\"2026-04-21T12:11:27+00:00\" \/>\n<meta property=\"og:image\" content=\"https:\/\/www.palumbo-industries.com\/wp-content\/uploads\/2026\/01\/Palumbo-Vrac-scaled.jpg\" \/>\n\t<meta property=\"og:image:width\" content=\"2560\" \/>\n\t<meta property=\"og:image:height\" content=\"1707\" \/>\n\t<meta property=\"og:image:type\" content=\"image\/jpeg\" \/>\n<meta name=\"twitter:card\" content=\"summary_large_image\" \/>\n<meta name=\"twitter:label1\" content=\"Est. reading time\" \/>\n\t<meta name=\"twitter:data1\" content=\"1 minute\" \/>\n<script type=\"application\/ld+json\" class=\"yoast-schema-graph\">{\"@context\":\"https:\\\/\\\/schema.org\",\"@graph\":[{\"@type\":\"WebPage\",\"@id\":\"https:\\\/\\\/www.palumbo-industries.com\\\/savoir-faire\\\/finition\\\/\",\"url\":\"https:\\\/\\\/www.palumbo-industries.com\\\/savoir-faire\\\/finition\\\/\",\"name\":\"Finition pi\u00e8ce usin\u00e9e industrielle, nettoyage pi\u00e8ce m\u00e9tallique, contr\u00f4le qualit\u00e9 pi\u00e8ce usin\u00e9e\",\"isPartOf\":{\"@id\":\"https:\\\/\\\/www.palumbo-industries.com\\\/#website\"},\"primaryImageOfPage\":{\"@id\":\"https:\\\/\\\/www.palumbo-industries.com\\\/savoir-faire\\\/finition\\\/#primaryimage\"},\"image\":{\"@id\":\"https:\\\/\\\/www.palumbo-industries.com\\\/savoir-faire\\\/finition\\\/#primaryimage\"},\"thumbnailUrl\":\"https:\\\/\\\/www.palumbo-industries.com\\\/wp-content\\\/uploads\\\/2026\\\/01\\\/Palumbo-Vrac-scaled.jpg\",\"datePublished\":\"2026-01-08T08:29:13+00:00\",\"dateModified\":\"2026-04-21T12:11:27+00:00\",\"description\":\"Palumbo Industries r\u00e9alise la finition de pi\u00e8ces usin\u00e9es avec lavage particulaire, polissage, marquage laser et contr\u00f4le 100 %, garantissant propret\u00e9, tra\u00e7abilit\u00e9 et conformit\u00e9. Contactez-nous !\",\"breadcrumb\":{\"@id\":\"https:\\\/\\\/www.palumbo-industries.com\\\/savoir-faire\\\/finition\\\/#breadcrumb\"},\"inLanguage\":\"en-US\",\"potentialAction\":[{\"@type\":\"ReadAction\",\"target\":[\"https:\\\/\\\/www.palumbo-industries.com\\\/savoir-faire\\\/finition\\\/\"]}]},{\"@type\":\"ImageObject\",\"inLanguage\":\"en-US\",\"@id\":\"https:\\\/\\\/www.palumbo-industries.com\\\/savoir-faire\\\/finition\\\/#primaryimage\",\"url\":\"https:\\\/\\\/www.palumbo-industries.com\\\/wp-content\\\/uploads\\\/2026\\\/01\\\/Palumbo-Vrac-scaled.jpg\",\"contentUrl\":\"https:\\\/\\\/www.palumbo-industries.com\\\/wp-content\\\/uploads\\\/2026\\\/01\\\/Palumbo-Vrac-scaled.jpg\",\"width\":2560,\"height\":1707},{\"@type\":\"BreadcrumbList\",\"@id\":\"https:\\\/\\\/www.palumbo-industries.com\\\/savoir-faire\\\/finition\\\/#breadcrumb\",\"itemListElement\":[{\"@type\":\"ListItem\",\"position\":1,\"name\":\"Accueil\",\"item\":\"https:\\\/\\\/www.palumbo-industries.com\\\/\"},{\"@type\":\"ListItem\",\"position\":2,\"name\":\"Savoir-faire\",\"item\":\"https:\\\/\\\/www.palumbo-industries.com\\\/savoir-faire\\\/\"},{\"@type\":\"ListItem\",\"position\":3,\"name\":\"Finition\"}]},{\"@type\":\"WebSite\",\"@id\":\"https:\\\/\\\/www.palumbo-industries.com\\\/#website\",\"url\":\"https:\\\/\\\/www.palumbo-industries.com\\\/\",\"name\":\"Palumbo Industries\",\"description\":\"Profile machining\",\"potentialAction\":[{\"@type\":\"SearchAction\",\"target\":{\"@type\":\"EntryPoint\",\"urlTemplate\":\"https:\\\/\\\/www.palumbo-industries.com\\\/?s={search_term_string}\"},\"query-input\":{\"@type\":\"PropertyValueSpecification\",\"valueRequired\":true,\"valueName\":\"search_term_string\"}}],\"inLanguage\":\"en-US\"}]}<\/script>\n<!-- \/ Yoast SEO plugin. -->","yoast_head_json":{"title":"Industrial machined part finishing, cleaning of metal parts, quality control of machined components","description":"Palumbo Industries carries out finishing of machined parts including particle cleaning, polishing, laser marking, and 100% inspection, ensuring cleanliness, traceability, and conformity. Contact us!","robots":{"index":"index","follow":"follow","max-snippet":"max-snippet:-1","max-image-preview":"max-image-preview:large","max-video-preview":"max-video-preview:-1"},"canonical":"https:\/\/www.palumbo-industries.com\/en\/savoir-faire\/finition\/","og_locale":"en_US","og_type":"article","og_title":"Finition pi\u00e8ce usin\u00e9e industrielle, nettoyage pi\u00e8ce m\u00e9tallique, contr\u00f4le qualit\u00e9 pi\u00e8ce usin\u00e9e","og_description":"Palumbo Industries r\u00e9alise la finition de pi\u00e8ces usin\u00e9es avec lavage particulaire, polissage, marquage laser et contr\u00f4le 100 %, garantissant propret\u00e9, tra\u00e7abilit\u00e9 et conformit\u00e9. Contactez-nous !","og_url":"https:\/\/www.palumbo-industries.com\/en\/savoir-faire\/finition\/","og_site_name":"Palumbo Industries","article_modified_time":"2026-04-21T12:11:27+00:00","og_image":[{"width":2560,"height":1707,"url":"https:\/\/www.palumbo-industries.com\/wp-content\/uploads\/2026\/01\/Palumbo-Vrac-scaled.jpg","type":"image\/jpeg"}],"twitter_card":"summary_large_image","twitter_misc":{"Est. reading time":"1 minute"},"schema":{"@context":"https:\/\/schema.org","@graph":[{"@type":"WebPage","@id":"https:\/\/www.palumbo-industries.com\/savoir-faire\/finition\/","url":"https:\/\/www.palumbo-industries.com\/savoir-faire\/finition\/","name":"Industrial machined part finishing, cleaning of metal parts, quality control of machined components","isPartOf":{"@id":"https:\/\/www.palumbo-industries.com\/#website"},"primaryImageOfPage":{"@id":"https:\/\/www.palumbo-industries.com\/savoir-faire\/finition\/#primaryimage"},"image":{"@id":"https:\/\/www.palumbo-industries.com\/savoir-faire\/finition\/#primaryimage"},"thumbnailUrl":"https:\/\/www.palumbo-industries.com\/wp-content\/uploads\/2026\/01\/Palumbo-Vrac-scaled.jpg","datePublished":"2026-01-08T08:29:13+00:00","dateModified":"2026-04-21T12:11:27+00:00","description":"Palumbo Industries carries out finishing of machined parts including particle cleaning, polishing, laser marking, and 100% inspection, ensuring cleanliness, traceability, and conformity. Contact us!","breadcrumb":{"@id":"https:\/\/www.palumbo-industries.com\/savoir-faire\/finition\/#breadcrumb"},"inLanguage":"en-US","potentialAction":[{"@type":"ReadAction","target":["https:\/\/www.palumbo-industries.com\/savoir-faire\/finition\/"]}]},{"@type":"ImageObject","inLanguage":"en-US","@id":"https:\/\/www.palumbo-industries.com\/savoir-faire\/finition\/#primaryimage","url":"https:\/\/www.palumbo-industries.com\/wp-content\/uploads\/2026\/01\/Palumbo-Vrac-scaled.jpg","contentUrl":"https:\/\/www.palumbo-industries.com\/wp-content\/uploads\/2026\/01\/Palumbo-Vrac-scaled.jpg","width":2560,"height":1707},{"@type":"BreadcrumbList","@id":"https:\/\/www.palumbo-industries.com\/savoir-faire\/finition\/#breadcrumb","itemListElement":[{"@type":"ListItem","position":1,"name":"Accueil","item":"https:\/\/www.palumbo-industries.com\/"},{"@type":"ListItem","position":2,"name":"Savoir-faire","item":"https:\/\/www.palumbo-industries.com\/savoir-faire\/"},{"@type":"ListItem","position":3,"name":"Finition"}]},{"@type":"WebSite","@id":"https:\/\/www.palumbo-industries.com\/#website","url":"https:\/\/www.palumbo-industries.com\/","name":"Palumbo Industries","description":"Profile machining","potentialAction":[{"@type":"SearchAction","target":{"@type":"EntryPoint","urlTemplate":"https:\/\/www.palumbo-industries.com\/?s={search_term_string}"},"query-input":{"@type":"PropertyValueSpecification","valueRequired":true,"valueName":"search_term_string"}}],"inLanguage":"en-US"}]}},"_links":{"self":[{"href":"https:\/\/www.palumbo-industries.com\/en\/wp-json\/wp\/v2\/pages\/75","targetHints":{"allow":["GET"]}}],"collection":[{"href":"https:\/\/www.palumbo-industries.com\/en\/wp-json\/wp\/v2\/pages"}],"about":[{"href":"https:\/\/www.palumbo-industries.com\/en\/wp-json\/wp\/v2\/types\/page"}],"author":[{"embeddable":true,"href":"https:\/\/www.palumbo-industries.com\/en\/wp-json\/wp\/v2\/users\/1"}],"replies":[{"embeddable":true,"href":"https:\/\/www.palumbo-industries.com\/en\/wp-json\/wp\/v2\/comments?post=75"}],"version-history":[{"count":20,"href":"https:\/\/www.palumbo-industries.com\/en\/wp-json\/wp\/v2\/pages\/75\/revisions"}],"predecessor-version":[{"id":1903,"href":"https:\/\/www.palumbo-industries.com\/en\/wp-json\/wp\/v2\/pages\/75\/revisions\/1903"}],"up":[{"embeddable":true,"href":"https:\/\/www.palumbo-industries.com\/en\/wp-json\/wp\/v2\/pages\/912"}],"wp:featuredmedia":[{"embeddable":true,"href":"https:\/\/www.palumbo-industries.com\/en\/wp-json\/wp\/v2\/media\/659"}],"wp:attachment":[{"href":"https:\/\/www.palumbo-industries.com\/en\/wp-json\/wp\/v2\/media?parent=75"}],"curies":[{"name":"wp","href":"https:\/\/api.w.org\/{rel}","templated":true}]}}