{"id":73,"date":"2026-01-08T09:28:05","date_gmt":"2026-01-08T08:28:05","guid":{"rendered":"https:\/\/www.palumbo-industries.com\/?page_id=73"},"modified":"2026-04-21T14:05:53","modified_gmt":"2026-04-21T12:05:53","slug":"recherche-developpement","status":"publish","type":"page","link":"https:\/\/www.palumbo-industries.com\/en\/savoir-faire\/recherche-developpement\/","title":{"rendered":"Research &amp; Development \u2013 Innovations in machining profiles and precision parts"},"content":{"rendered":"<section data-etch-element=\"section\" style=\"--background: url(https:\/\/www.palumbo-industries.com\/wp-content\/uploads\/2026\/02\/Palumbo-Recherche-et-developpement-scaled.jpg);\" class=\"section-hero-alt\"><div data-etch-element=\"container\" class=\"section-hero-alt__container\"><div class=\"section-hero-alt__content-wrapper\"><h1 class=\"section-hero-alt__heading\">Research &amp; development in precision profile machining<\/h1><div class=\"apollo-breadcrumbs-component\"><nav class=\"apollo-breadcrumbs\" aria-label=\"Breadcrumbs\">\n            <ol class=\"apollo-breadcrumbs__list\">\n                                                       <li class=\"apollo-breadcrumbs__item\">\n                        <a class=\"apollo-breadcrumbs__content\" href=\"https:\/\/www.palumbo-industries.com\/en\/\">\n                            \n                            <span class=\"apollo-breadcrumbs__label\">\n                                Home                            <\/span>\n                        <\/a>\n\n                                            <\/li>\n                \n            <\/ol>\n        <\/nav><\/div><\/div><\/div><\/section><section data-etch-element=\"section\" class=\"media-section\"><div data-etch-element=\"container\" class=\"media-section__container\"><div class=\"media-section__media-wrapper\" style=\"--order: 1\"><img decoding=\"async\" src=\"https:\/\/www.palumbo-industries.com\/wp-content\/uploads\/2026\/02\/bureau-etude-usinage-profile.jpg\" alt=\"\" class=\"media-section__image\" \/><\/div><div class=\"media-section__wrapper\"><h2 class=\"section-bloc-image__h2\">Innovation drives the performance of Palumbo Industries<\/h2><p class=\"section-media__text translation-block\">At Palumbo Industries, innovation is not limited to products: it is reflected in the processes, tools, and methods we develop every day.<br> Each year, 5% of our revenue is dedicated to research and development, with a clear objective: to push the boundaries of <a href=\"https:\/\/www.palumbo-industries.com\/en\/usinage-de-profiles\" style=\"color:#00ef38\" target=\"_self\">profile machining<\/a> and <a href=\"https:\/\/www.palumbo-industries.com\/en\/usinage-de-precision\" style=\"color:#00ef38\" target=\"_self\">precision machining<\/a>.<\/p><p class=\"section-media__text translation-block\">We design our own <strong>machining processes<\/strong>, tools, and <a href=\"https:\/\/www.palumbo-industries.com\/en\/finition\" style=\"color:#00ef38\" target=\"_self\">automated inspection systems<\/a> to ensure productivity, precision, and dimensional stability across industrial production volumes.<\/p><p class=\"section-media__text\"><span>Innovating is turning a technical constraint into a competitive advantage.<\/span><\/p><\/div><\/div><\/section><section data-etch-element=\"section\" class=\"media-section\"><div data-etch-element=\"container\" class=\"media-section__container\"><div class=\"media-section__media-wrapper\" style=\"--order: 0\"><img decoding=\"async\" src=\"https:\/\/www.palumbo-industries.com\/wp-content\/uploads\/2026\/01\/usinage-precision-piece-mecanique.jpg\" alt=\"\" class=\"media-section__image\" \/><\/div><div class=\"media-section__wrapper\"><h2 class=\"section-bloc-image__h2\">Palumbo Industries\u2019s integrated design office<\/h2><p class=\"section-media__text translation-block\">Our <strong>engineering department<\/strong> oversees all R&amp;D projects:<\/p><ul class=\"section-media__text section-media__unordered-list\"><li>Custom process design from the preliminary project phase<\/li><li>Digital simulation of machining conditions<\/li><li>In-house industrialization with our workshop team<\/li><li>Quality validation through scanning and CMM measurements<\/li><\/ul><p class=\"section-media__text\">This integrated expertise enables agile co-conception with our customers : we develop solutions tailored to their mechanical, cost and time contraints.<\/p><a href=\"\/en\/savoir-faire\/usinage-de-precision\/\" class=\"section-media__button btn--secondary\">Precision machining<\/a><\/div><\/div><\/section><section data-etch-element=\"section\" style=\"--media: url(&#039;https:\/\/www.palumbo-industries.com\/wp-content\/uploads\/2026\/01\/Palumbo-Ouvrier-etabli-scaled.jpg&#039;)\" class=\"section-bloc-image\"><div data-etch-element=\"container\" style=\"--position: end\" class=\"section-bloc-image__container\"> <svg width=\"591\" height=\"1129\" viewbox=\"0 0 591 1129\" fill=\"none\" class=\"section-bloc-image__svg\"><path d=\"M401.583 912.12C243.518 804.741 204.314 583.841 314.289 418.737C377.54 323.798 477.359 264.506 588.456 255.897L578.93 2.15619C389.313 16.5793 218.669 117.284 110.132 279.068L108.854 280.982L106.651 284.311C-79.1738 567.059 -10.9712 943.408 259.205 1125.98L401.583 912.12Z\" stroke=\"#0CEF00\" stroke-width=\"4\"><\/path><\/svg> <div class=\"section-bloc-image__content-bloc\"><h2 class=\"section-card__heading section-bloc-image__h2\">Patented processes, developed in-house<\/h2><p class=\"section-media__text\">Innovation at Palumbo also results in filed patents and customized machines :<\/p><ul class=\"section-bloc-image__ul\"><li class=\"section-bloc-image__li\">Development of mirror-polished milling processes for a perfect surface finish<\/li><li class=\"section-bloc-image__li\">Design of an entirely integrated camera inspection machine<\/li><li class=\"section-bloc-image__li\">Creation of machining processes with reinforced tolerances for structure components<\/li><\/ul><p class=\"section-media__text\">Our  engineers and technicians work closely together to design, test and industrialize these innovations, directly in our workshop in Vougy, Haute-Savoie.<\/p><\/div><\/div><\/section><section data-etch-element=\"section\" class=\"section-bloc-image-bonus\"><div data-etch-element=\"container\" class=\"section-bloc-image-bonus__container\"><div class=\"section-bloc-image__content-bloc--alt\"><h2 class=\"section-card__heading section-bloc-image__h2\">Co-conception with customers<\/h2><p class=\"section-bloc-image__text\">Because every industrial project is different, Palumbo Industries relies on collaborative R&amp;D.<\/p><p class=\"section-bloc-image__text\">From the earliest stages of a project, our team work alongside customers to :<\/p><ul class=\"section-bloc-image__ul\"><li class=\"section-bloc-image__li\">define optimal geometries<\/li><li class=\"section-bloc-image__li\">anticipate mechanical and thermal constraints<\/li><li class=\"section-bloc-image__li\">reduce the material costs and the cycle time<\/li><li class=\"section-bloc-image__li\">ensure quality from the design phase<\/li><\/ul><p class=\"section-bloc-image__text\">This partnership-driven approach enables faster, more reliable and more robust developments.<\/p><div class=\"button-wrapper\"><a href=\"\/en\/secteurs-dactivites\/\" class=\"btn--secondary\">Business sectors<\/a><\/div><\/div><\/div><\/section><section data-etch-element=\"section\" class=\"media-section\"><div data-etch-element=\"container\" class=\"media-section__container\"><div class=\"media-section__media-wrapper\" style=\"--order: 1\"><img decoding=\"async\" src=\"https:\/\/www.palumbo-industries.com\/wp-content\/uploads\/2026\/02\/systeme-pilotage-connectee-machine-usinage-1.jpg\" alt=\"\" class=\"media-section__image\" \/><\/div><div class=\"media-section__wrapper\"><h2 class=\"section-card__heading section-bloc-image__h2\">Towards industry 5.0<\/h2><p class=\"section-media__text\"> Notre d\u00e9partement R&amp;D travaille en \u00e9troite collaboration avec les \u00e9quipes de production pour int\u00e9grer les outils du <a href=\"https:\/\/www.palumbo-industries.com\/en\/digital-manufacturing\/\" style=\"color:#00ef38;\">digital manufacturing<\/a> : <\/p><ul class=\"section-media__text section-media__unordered-list\"><li>Real time monitoring of production means<\/li><li>Machine data collection and analysis<\/li><li>Predictive maintenance and automated workflows<\/li><li>Interoperability with our ERP and with our customers through EDI and our patented Digital Solution.<\/li><\/ul><p class=\"section-media__text\">These innovations enable Palumbo Industries to enhance precision, reactivity and sustainability, while saving resources and costs.<\/p> <svg width=\"591\" height=\"1129\" viewbox=\"0 0 591 1129\" fill=\"none\" class=\"media-section__svg\"><path d=\"M401.583 912.12C243.518 804.741 204.314 583.841 314.289 418.737C377.54 323.798 477.359 264.506 588.456 255.897L578.93 2.15619C389.313 16.5793 218.669 117.284 110.132 279.068L108.854 280.982L106.651 284.311C-79.1738 567.059 -10.9712 943.408 259.205 1125.98L401.583 912.12Z\" stroke=\"#0CEF00\" stroke-width=\"4\"><\/path><\/svg> <\/div><\/div><\/section>","protected":false},"excerpt":{"rendered":"","protected":false},"author":1,"featured_media":1175,"parent":912,"menu_order":0,"comment_status":"closed","ping_status":"closed","template":"","meta":{"_acf_changed":false,"footnotes":""},"class_list":["post-73","page","type-page","status-publish","has-post-thumbnail","hentry"],"acf":[],"yoast_head":"<!-- This site is optimized with the Yoast SEO plugin v27.5 - https:\/\/yoast.com\/product\/yoast-seo-wordpress\/ -->\n<title>Bureau \u00e9tude usinage profil\u00e9, conception profil\u00e9 m\u00e9canique<\/title>\n<meta name=\"description\" content=\"Palumbo Industries investit en recherche et d\u00e9veloppement pour concevoir des proc\u00e9d\u00e9s d\u2019usinage innovants, am\u00e9liorer la performance industrielle et co-d\u00e9velopper des solutions sur mesure. Contactez-nous !\" \/>\n<meta name=\"robots\" content=\"index, follow, max-snippet:-1, max-image-preview:large, max-video-preview:-1\" \/>\n<link rel=\"canonical\" href=\"https:\/\/www.palumbo-industries.com\/en\/savoir-faire\/recherche-developpement\/\" \/>\n<meta property=\"og:locale\" content=\"en_US\" \/>\n<meta property=\"og:type\" content=\"article\" \/>\n<meta property=\"og:title\" content=\"Bureau \u00e9tude usinage profil\u00e9, conception profil\u00e9 m\u00e9canique\" \/>\n<meta property=\"og:description\" content=\"Palumbo Industries investit en recherche et d\u00e9veloppement pour concevoir des proc\u00e9d\u00e9s d\u2019usinage innovants, am\u00e9liorer la performance industrielle et co-d\u00e9velopper des solutions sur mesure. Contactez-nous !\" \/>\n<meta property=\"og:url\" content=\"https:\/\/www.palumbo-industries.com\/en\/savoir-faire\/recherche-developpement\/\" \/>\n<meta property=\"og:site_name\" content=\"Palumbo Industries\" \/>\n<meta property=\"article:modified_time\" content=\"2026-04-21T12:05:53+00:00\" \/>\n<meta property=\"og:image\" content=\"https:\/\/www.palumbo-industries.com\/wp-content\/uploads\/2026\/02\/Palumbo-Recherche-et-developpement-scaled.jpg\" \/>\n\t<meta property=\"og:image:width\" content=\"2560\" \/>\n\t<meta property=\"og:image:height\" content=\"1707\" \/>\n\t<meta property=\"og:image:type\" content=\"image\/jpeg\" \/>\n<meta name=\"twitter:card\" content=\"summary_large_image\" \/>\n<meta name=\"twitter:label1\" content=\"Est. reading time\" \/>\n\t<meta name=\"twitter:data1\" content=\"1 minute\" \/>\n<script type=\"application\/ld+json\" class=\"yoast-schema-graph\">{\"@context\":\"https:\\\/\\\/schema.org\",\"@graph\":[{\"@type\":\"WebPage\",\"@id\":\"https:\\\/\\\/www.palumbo-industries.com\\\/savoir-faire\\\/recherche-developpement\\\/\",\"url\":\"https:\\\/\\\/www.palumbo-industries.com\\\/savoir-faire\\\/recherche-developpement\\\/\",\"name\":\"Bureau \u00e9tude usinage profil\u00e9, conception profil\u00e9 m\u00e9canique\",\"isPartOf\":{\"@id\":\"https:\\\/\\\/www.palumbo-industries.com\\\/#website\"},\"primaryImageOfPage\":{\"@id\":\"https:\\\/\\\/www.palumbo-industries.com\\\/savoir-faire\\\/recherche-developpement\\\/#primaryimage\"},\"image\":{\"@id\":\"https:\\\/\\\/www.palumbo-industries.com\\\/savoir-faire\\\/recherche-developpement\\\/#primaryimage\"},\"thumbnailUrl\":\"https:\\\/\\\/www.palumbo-industries.com\\\/wp-content\\\/uploads\\\/2026\\\/02\\\/Palumbo-Recherche-et-developpement-scaled.jpg\",\"datePublished\":\"2026-01-08T08:28:05+00:00\",\"dateModified\":\"2026-04-21T12:05:53+00:00\",\"description\":\"Palumbo Industries investit en recherche et d\u00e9veloppement pour concevoir des proc\u00e9d\u00e9s d\u2019usinage innovants, am\u00e9liorer la performance industrielle et co-d\u00e9velopper des solutions sur mesure. Contactez-nous !\",\"breadcrumb\":{\"@id\":\"https:\\\/\\\/www.palumbo-industries.com\\\/savoir-faire\\\/recherche-developpement\\\/#breadcrumb\"},\"inLanguage\":\"en-US\",\"potentialAction\":[{\"@type\":\"ReadAction\",\"target\":[\"https:\\\/\\\/www.palumbo-industries.com\\\/savoir-faire\\\/recherche-developpement\\\/\"]}]},{\"@type\":\"ImageObject\",\"inLanguage\":\"en-US\",\"@id\":\"https:\\\/\\\/www.palumbo-industries.com\\\/savoir-faire\\\/recherche-developpement\\\/#primaryimage\",\"url\":\"https:\\\/\\\/www.palumbo-industries.com\\\/wp-content\\\/uploads\\\/2026\\\/02\\\/Palumbo-Recherche-et-developpement-scaled.jpg\",\"contentUrl\":\"https:\\\/\\\/www.palumbo-industries.com\\\/wp-content\\\/uploads\\\/2026\\\/02\\\/Palumbo-Recherche-et-developpement-scaled.jpg\",\"width\":2560,\"height\":1707},{\"@type\":\"BreadcrumbList\",\"@id\":\"https:\\\/\\\/www.palumbo-industries.com\\\/savoir-faire\\\/recherche-developpement\\\/#breadcrumb\",\"itemListElement\":[{\"@type\":\"ListItem\",\"position\":1,\"name\":\"Accueil\",\"item\":\"https:\\\/\\\/www.palumbo-industries.com\\\/\"},{\"@type\":\"ListItem\",\"position\":2,\"name\":\"Savoir-faire\",\"item\":\"https:\\\/\\\/www.palumbo-industries.com\\\/savoir-faire\\\/\"},{\"@type\":\"ListItem\",\"position\":3,\"name\":\"Recherche &amp; D\u00e9veloppement\"}]},{\"@type\":\"WebSite\",\"@id\":\"https:\\\/\\\/www.palumbo-industries.com\\\/#website\",\"url\":\"https:\\\/\\\/www.palumbo-industries.com\\\/\",\"name\":\"Palumbo Industries\",\"description\":\"Profile machining\",\"potentialAction\":[{\"@type\":\"SearchAction\",\"target\":{\"@type\":\"EntryPoint\",\"urlTemplate\":\"https:\\\/\\\/www.palumbo-industries.com\\\/?s={search_term_string}\"},\"query-input\":{\"@type\":\"PropertyValueSpecification\",\"valueRequired\":true,\"valueName\":\"search_term_string\"}}],\"inLanguage\":\"en-US\"}]}<\/script>\n<!-- \/ Yoast SEO plugin. -->","yoast_head_json":{"title":"Design office for profile machining, mechanical profile design","description":"Palumbo Industries invests in research and development to design innovative machining processes, improve industrial performance, and co-develop custom solutions. Contact us!","robots":{"index":"index","follow":"follow","max-snippet":"max-snippet:-1","max-image-preview":"max-image-preview:large","max-video-preview":"max-video-preview:-1"},"canonical":"https:\/\/www.palumbo-industries.com\/en\/savoir-faire\/recherche-developpement\/","og_locale":"en_US","og_type":"article","og_title":"Bureau \u00e9tude usinage profil\u00e9, conception profil\u00e9 m\u00e9canique","og_description":"Palumbo Industries investit en recherche et d\u00e9veloppement pour concevoir des proc\u00e9d\u00e9s d\u2019usinage innovants, am\u00e9liorer la performance industrielle et co-d\u00e9velopper des solutions sur mesure. Contactez-nous !","og_url":"https:\/\/www.palumbo-industries.com\/en\/savoir-faire\/recherche-developpement\/","og_site_name":"Palumbo Industries","article_modified_time":"2026-04-21T12:05:53+00:00","og_image":[{"width":2560,"height":1707,"url":"https:\/\/www.palumbo-industries.com\/wp-content\/uploads\/2026\/02\/Palumbo-Recherche-et-developpement-scaled.jpg","type":"image\/jpeg"}],"twitter_card":"summary_large_image","twitter_misc":{"Est. reading time":"1 minute"},"schema":{"@context":"https:\/\/schema.org","@graph":[{"@type":"WebPage","@id":"https:\/\/www.palumbo-industries.com\/savoir-faire\/recherche-developpement\/","url":"https:\/\/www.palumbo-industries.com\/savoir-faire\/recherche-developpement\/","name":"Design office for profile machining, mechanical profile design","isPartOf":{"@id":"https:\/\/www.palumbo-industries.com\/#website"},"primaryImageOfPage":{"@id":"https:\/\/www.palumbo-industries.com\/savoir-faire\/recherche-developpement\/#primaryimage"},"image":{"@id":"https:\/\/www.palumbo-industries.com\/savoir-faire\/recherche-developpement\/#primaryimage"},"thumbnailUrl":"https:\/\/www.palumbo-industries.com\/wp-content\/uploads\/2026\/02\/Palumbo-Recherche-et-developpement-scaled.jpg","datePublished":"2026-01-08T08:28:05+00:00","dateModified":"2026-04-21T12:05:53+00:00","description":"Palumbo Industries invests in research and development to design innovative machining processes, improve industrial performance, and co-develop custom solutions. Contact us!","breadcrumb":{"@id":"https:\/\/www.palumbo-industries.com\/savoir-faire\/recherche-developpement\/#breadcrumb"},"inLanguage":"en-US","potentialAction":[{"@type":"ReadAction","target":["https:\/\/www.palumbo-industries.com\/savoir-faire\/recherche-developpement\/"]}]},{"@type":"ImageObject","inLanguage":"en-US","@id":"https:\/\/www.palumbo-industries.com\/savoir-faire\/recherche-developpement\/#primaryimage","url":"https:\/\/www.palumbo-industries.com\/wp-content\/uploads\/2026\/02\/Palumbo-Recherche-et-developpement-scaled.jpg","contentUrl":"https:\/\/www.palumbo-industries.com\/wp-content\/uploads\/2026\/02\/Palumbo-Recherche-et-developpement-scaled.jpg","width":2560,"height":1707},{"@type":"BreadcrumbList","@id":"https:\/\/www.palumbo-industries.com\/savoir-faire\/recherche-developpement\/#breadcrumb","itemListElement":[{"@type":"ListItem","position":1,"name":"Accueil","item":"https:\/\/www.palumbo-industries.com\/"},{"@type":"ListItem","position":2,"name":"Savoir-faire","item":"https:\/\/www.palumbo-industries.com\/savoir-faire\/"},{"@type":"ListItem","position":3,"name":"Recherche &amp; D\u00e9veloppement"}]},{"@type":"WebSite","@id":"https:\/\/www.palumbo-industries.com\/#website","url":"https:\/\/www.palumbo-industries.com\/","name":"Palumbo Industries","description":"Profile machining","potentialAction":[{"@type":"SearchAction","target":{"@type":"EntryPoint","urlTemplate":"https:\/\/www.palumbo-industries.com\/?s={search_term_string}"},"query-input":{"@type":"PropertyValueSpecification","valueRequired":true,"valueName":"search_term_string"}}],"inLanguage":"en-US"}]}},"_links":{"self":[{"href":"https:\/\/www.palumbo-industries.com\/en\/wp-json\/wp\/v2\/pages\/73","targetHints":{"allow":["GET"]}}],"collection":[{"href":"https:\/\/www.palumbo-industries.com\/en\/wp-json\/wp\/v2\/pages"}],"about":[{"href":"https:\/\/www.palumbo-industries.com\/en\/wp-json\/wp\/v2\/types\/page"}],"author":[{"embeddable":true,"href":"https:\/\/www.palumbo-industries.com\/en\/wp-json\/wp\/v2\/users\/1"}],"replies":[{"embeddable":true,"href":"https:\/\/www.palumbo-industries.com\/en\/wp-json\/wp\/v2\/comments?post=73"}],"version-history":[{"count":17,"href":"https:\/\/www.palumbo-industries.com\/en\/wp-json\/wp\/v2\/pages\/73\/revisions"}],"predecessor-version":[{"id":1881,"href":"https:\/\/www.palumbo-industries.com\/en\/wp-json\/wp\/v2\/pages\/73\/revisions\/1881"}],"up":[{"embeddable":true,"href":"https:\/\/www.palumbo-industries.com\/en\/wp-json\/wp\/v2\/pages\/912"}],"wp:featuredmedia":[{"embeddable":true,"href":"https:\/\/www.palumbo-industries.com\/en\/wp-json\/wp\/v2\/media\/1175"}],"wp:attachment":[{"href":"https:\/\/www.palumbo-industries.com\/en\/wp-json\/wp\/v2\/media?parent=73"}],"curies":[{"name":"wp","href":"https:\/\/api.w.org\/{rel}","templated":true}]}}