{"id":69,"date":"2026-01-08T09:26:35","date_gmt":"2026-01-08T08:26:35","guid":{"rendered":"https:\/\/www.palumbo-industries.com\/?page_id=69"},"modified":"2026-04-21T12:31:39","modified_gmt":"2026-04-21T10:31:39","slug":"machines-transfert","status":"publish","type":"page","link":"https:\/\/www.palumbo-industries.com\/en\/savoir-faire\/usinage-de-precision\/machines-transfert\/","title":{"rendered":"Transfer machines"},"content":{"rendered":"<section data-etch-element=\"section\" style=\"--background: url(https:\/\/www.palumbo-industries.com\/wp-content\/uploads\/2026\/01\/Palumbo-Pieces-en-desordre-scaled.jpg);\" class=\"section-hero-alt\"><div data-etch-element=\"container\" class=\"section-hero-alt__container\"><div class=\"section-hero-alt__content-wrapper\"><h1 class=\"section-hero-alt__heading\">Industrial transfer machines<\/h1><div class=\"apollo-breadcrumbs-component\"><nav class=\"apollo-breadcrumbs\" aria-label=\"Breadcrumbs\">\n            <ol class=\"apollo-breadcrumbs__list\">\n                                                       <li class=\"apollo-breadcrumbs__item\">\n                        <a class=\"apollo-breadcrumbs__content\" href=\"https:\/\/www.palumbo-industries.com\/en\/\">\n                            \n                            <span class=\"apollo-breadcrumbs__label\">\n                                Home                            <\/span>\n                        <\/a>\n\n                                            <\/li>\n                \n            <\/ol>\n        <\/nav><\/div><\/div><\/div><\/section><section data-etch-element=\"section\" class=\"media-section\"><div data-etch-element=\"container\" class=\"media-section__container\"><div class=\"media-section__media-wrapper\" style=\"--order: 1\"><img decoding=\"async\" src=\"https:\/\/www.palumbo-industries.com\/wp-content\/uploads\/2026\/01\/Palumbo-Machine-industrie-scaled.jpg\" alt=\"\" class=\"media-section__image\" \/><\/div><div class=\"media-section__wrapper\"><h2 class=\"section-bloc-image__h2\">The heart of our industrial capacity<\/h2><p class=\"section-media__text translation-block\">At Palumbo Industries, <strong>transfer machines<\/strong> are one of the pillars of our industrial performance.<\/p><p class=\"section-media__text section-media__text-ul translation-block\">Fully customized in-house, they are designed to produce <strong>high-precision parts in large series<\/strong> with:<\/p><ul class=\"section-media__text section-media__unordered-list\"><li>simultaneous operations<\/li><li>optimized cycle time<\/li><li>a constant quality<\/li><li>a perfect repeatability<\/li><\/ul><p class=\"section-media__text translation-block\">Each transfer line integrates dedicated stations for <strong>machining<\/strong>, <strong>drilling<\/strong>, <strong>tapping<\/strong>, cutting, and secondary operations, enabling multiple steps to be completed within a single automated cycle.<\/p><\/div><\/div><\/section><section data-etch-element=\"section\" style=\"--media: url(&#039;https:\/\/www.palumbo-industries.com\/wp-content\/uploads\/2026\/02\/Palumbo-Avantages-cles-scaled.jpg&#039;)\" class=\"section-bloc-image\"><div data-etch-element=\"container\" style=\"--position: start\" class=\"section-bloc-image__container\"> <svg width=\"591\" height=\"1129\" viewbox=\"0 0 591 1129\" fill=\"none\" class=\"media-section__svg\"><path d=\"M401.583 912.12C243.518 804.741 204.314 583.841 314.289 418.737C377.54 323.798 477.359 264.506 588.456 255.897L578.93 2.15619C389.313 16.5793 218.669 117.284 110.132 279.068L108.854 280.982L106.651 284.311C-79.1738 567.059 -10.9712 943.408 259.205 1125.98L401.583 912.12Z\" stroke=\"#0CEF00\" stroke-width=\"4\"><\/path><\/svg> <div class=\"section-bloc-image__content-bloc\"><h2 class=\"section-card__heading section-bloc-image__h2\">Key advantages of the transfer machines<\/h2><ul class=\"section-bloc-image__ul\"><li class=\"section-bloc-image__li\">High cycle rate for large series<\/li><li class=\"section-bloc-image__li\">Up to 16 simultaneous operations<\/li><li class=\"section-bloc-image__li\">Drastic reduction of secondary operations, handlings and downtimes<\/li><li class=\"section-bloc-image__li\">Pr\u00e9cision et constance sur des volumes allant jusqu\u2019\u00e0 2 000 000 de pi\u00e8ces\/an<\/li><li class=\"section-bloc-image__li\">Fully customized machine fleet, adapted to the most complex parts<\/li><li class=\"section-bloc-image__li\">Fitted to the machining of aluminum, steel and copper-based profiles<\/li><\/ul><a href=\"\/en\/savoir-faire\/usinage-de-profiles\/\" class=\"section-bloc-image__button btn--secondary\">Our expertise in materials<\/a><\/div><\/div><\/section><section data-etch-element=\"section\" class=\"media-section\"><div data-etch-element=\"container\" class=\"media-section__container\"><div class=\"media-section__media-wrapper\" style=\"--order: 0\"><img decoding=\"async\" src=\"https:\/\/www.palumbo-industries.com\/wp-content\/uploads\/2026\/02\/Palumbo-Applications-typiques-scaled.jpg\" alt=\"\" class=\"media-section__image\" \/><\/div><div class=\"media-section__wrapper\"><h2 class=\"section-bloc-image__h2\">Typical applications of transfer machines in high-volume production<\/h2><p class=\"section-media__text section-media__text-ul translation-block\">Thanks to their performance, our <strong>transfer machines<\/strong> are preferred for producing parts requiring:<\/p><ul class=\"section-media__text section-media__unordered-list\"><li>a perfect repeatability<\/li><li>low costs per parts<\/li><li>very stable processes<\/li><\/ul><p class=\"section-media__text section-media__text-ul\">Examples of high-volume production parts:<\/p><ul class=\"section-media__text section-media__unordered-list\"><li>automotive components (structure, safety, transmission)<\/li><li>steering components and telle mechanical systems<\/li><li>aluminium components for battery packs batteries and for structures<\/li><li>copper connectors and parts for urban mobility<\/li><li>hydraulic and pneumatic components in large volumes<\/li><\/ul><a href=\"\/en\/nos-realisations\/\" class=\"section-media__button btn--secondary\">Applications<\/a><\/div><\/div><\/section><section data-etch-element=\"section\" style=\"--media: url(&#039;https:\/\/www.palumbo-industries.com\/wp-content\/uploads\/2026\/01\/Palumbo-Qualite-scaled.jpg&#039;)\" class=\"section-bloc-image\"><div data-etch-element=\"container\" style=\"--position: end\" class=\"section-bloc-image__container\"> <svg width=\"591\" height=\"1129\" viewbox=\"0 0 591 1129\" fill=\"none\" class=\"section-bloc-image__svg\"><path d=\"M401.583 912.12C243.518 804.741 204.314 583.841 314.289 418.737C377.54 323.798 477.359 264.506 588.456 255.897L578.93 2.15619C389.313 16.5793 218.669 117.284 110.132 279.068L108.854 280.982L106.651 284.311C-79.1738 567.059 -10.9712 943.408 259.205 1125.98L401.583 912.12Z\" stroke=\"#0CEF00\" stroke-width=\"4\"><\/path><\/svg> <div class=\"section-bloc-image__content-bloc\"><h2 class=\"section-card__heading section-bloc-image__h2\">A quality control tailored to mass production<\/h2><h3 class=\"section-services__h3 section-bloc-image__h3\">Cameras, scanning and automatic devices on the production line<\/h3><p class=\"section-media__text translation-block\">Production carried out on <strong>transfer machines<\/strong> follows a reinforced quality protocol:<\/p><ul class=\"section-bloc-image__ul\"><li class=\"section-bloc-image__li\">frequent dimensional measurements on the production line<\/li><li class=\"section-bloc-image__li\">integrated automatic camera inspection<\/li><li class=\"section-bloc-image__li\">scanning of geometry and of surface defects<\/li><li class=\"section-bloc-image__li\">final 100% automated inspection to confirm the compliance of the batches<\/li><li class=\"section-bloc-image__li\">mesures tridimensionnelle en compl\u00e9ment pour les pi\u00e8ces critiques<\/li><\/ul><p class=\"section-bloc-image__text\">This organization guarantees a stable and measurable quality, even for large production volumes.<\/p><a href=\"\/en\/qualite-environnement\/\" class=\"section-bloc-image__button btn--secondary\">Our quality commitments<\/a><\/div><\/div><\/section><section data-etch-element=\"section\" class=\"section-services\"><div data-etch-element=\"container\" class=\"section-services__container width--full\"><div class=\"section-services__intro-wrapper content-width--safe\"><h2 class=\"section-services__h2\">A process adapted to demanding markets<\/h2><p class=\"section-services__text\">Our transfer lines comply with the requirements of the following industries :<\/p><\/div><div data-etch-element=\"flex-div\" class=\"swiper mySwiper section-services__swiper\"><div data-etch-element=\"flex-div\" class=\"swiper-wrapper swiper__post-wrapper\"><div href=\"\" style=\"--background: url(https:\/\/www.palumbo-industries.com\/wp-content\/uploads\/2026\/01\/Palumbo-Engrenages-scaled.jpg)\" class=\"swiper-slide swiper__expertise-card\"><div class=\"swiper__wrapper\"><h4 class=\"swiper__heading\">Internal combustion and electric vehicles<\/h4><p class=\"swiper__text\">Structure and safety components<\/p><a href=\"\/en\/automobile\/\" class=\"swiper__anchor btn--secondary\">See more<\/a><\/div><\/div><div href=\"\" style=\"--background: url(https:\/\/www.palumbo-industries.com\/wp-content\/uploads\/2026\/02\/Palumbo-Data-center.png)\" class=\"swiper-slide swiper__expertise-card\"><div class=\"swiper__wrapper\"><h4 class=\"swiper__heading\">Industrial equipement<\/h4><p class=\"swiper__text\">Pistons and pump components<\/p><a href=\"\/en\/biens-dequipement\/\" class=\"swiper__anchor btn--secondary\">See more<\/a><\/div><\/div><div href=\"\" style=\"--background: url(https:\/\/www.palumbo-industries.com\/wp-content\/uploads\/2026\/01\/Palumbo-Mobilite-urbaine.jpg)\" class=\"swiper-slide swiper__expertise-card\"><div class=\"swiper__wrapper\"><h4 class=\"swiper__heading\">Urban mobility<\/h4><p class=\"swiper__text\">Components for electric busses, bicycles and scooters<\/p><a href=\"\/en\/mobilite-urbaine\/\" class=\"swiper__anchor btn--secondary\">See more<\/a><\/div><\/div><div href=\"\" style=\"--background: url(https:\/\/www.palumbo-industries.com\/wp-content\/uploads\/2026\/01\/Palumbo-Aeronautique.jpg)\" class=\"swiper-slide swiper__expertise-card\"><div class=\"swiper__wrapper\"><h4 class=\"swiper__heading\">Aeronautics<\/h4><p class=\"swiper__text\">Rails and high rigidity structural aluminium parts<\/p><a href=\"\/en\/aeronautique\/\" class=\"swiper__anchor btn--secondary\">See more<\/a><\/div><\/div><div href=\"\" style=\"--background: url(https:\/\/www.palumbo-industries.com\/wp-content\/uploads\/2026\/01\/Palumbo-Connectique.jpg)\" class=\"swiper-slide swiper__expertise-card\"><div class=\"swiper__wrapper\"><h4 class=\"swiper__heading\">Connectors<\/h4><p class=\"swiper__text\">High and low voltage connectors<\/p><a href=\"\/en\/connectique\/\" class=\"swiper__anchor btn--secondary\">See more<\/a><\/div><\/div><\/div><div class=\"swiper-pagination swiper__pagination section-services__pagination\"><\/div><\/div><\/div><\/section>","protected":false},"excerpt":{"rendered":"","protected":false},"author":1,"featured_media":558,"parent":64,"menu_order":0,"comment_status":"closed","ping_status":"closed","template":"","meta":{"_acf_changed":false,"footnotes":""},"class_list":["post-69","page","type-page","status-publish","has-post-thumbnail","hentry"],"acf":[],"yoast_head":"<!-- This site is optimized with the Yoast SEO plugin v27.5 - https:\/\/yoast.com\/product\/yoast-seo-wordpress\/ -->\n<title>Machine transfert usinage grande s\u00e9rie, fabrication pi\u00e8ce grande s\u00e9rie CNC<\/title>\n<meta name=\"description\" content=\"Palumbo Industries dispose de machines transfert customis\u00e9es pour la production en grande s\u00e9rie, avec haute cadence, r\u00e9p\u00e9tabilit\u00e9 et contr\u00f4le qualit\u00e9 automatis\u00e9. Contactez-nous !\" \/>\n<meta name=\"robots\" content=\"index, follow, max-snippet:-1, max-image-preview:large, max-video-preview:-1\" \/>\n<link rel=\"canonical\" href=\"https:\/\/www.palumbo-industries.com\/en\/savoir-faire\/usinage-de-precision\/machines-transfert\/\" \/>\n<meta property=\"og:locale\" content=\"en_US\" \/>\n<meta property=\"og:type\" content=\"article\" \/>\n<meta property=\"og:title\" content=\"Machine transfert usinage grande s\u00e9rie, fabrication pi\u00e8ce grande s\u00e9rie CNC\" \/>\n<meta property=\"og:description\" content=\"Palumbo Industries dispose de machines transfert customis\u00e9es pour la production en grande s\u00e9rie, avec haute cadence, r\u00e9p\u00e9tabilit\u00e9 et contr\u00f4le qualit\u00e9 automatis\u00e9. Contactez-nous !\" \/>\n<meta property=\"og:url\" content=\"https:\/\/www.palumbo-industries.com\/en\/savoir-faire\/usinage-de-precision\/machines-transfert\/\" \/>\n<meta property=\"og:site_name\" content=\"Palumbo Industries\" \/>\n<meta property=\"article:modified_time\" content=\"2026-04-21T10:31:39+00:00\" \/>\n<meta property=\"og:image\" content=\"https:\/\/www.palumbo-industries.com\/wp-content\/uploads\/2026\/01\/Palumbo-Pieces-en-desordre-scaled.jpg\" \/>\n\t<meta property=\"og:image:width\" content=\"2560\" \/>\n\t<meta property=\"og:image:height\" content=\"1707\" \/>\n\t<meta property=\"og:image:type\" content=\"image\/jpeg\" \/>\n<meta name=\"twitter:card\" content=\"summary_large_image\" \/>\n<meta name=\"twitter:label1\" content=\"Est. reading time\" \/>\n\t<meta name=\"twitter:data1\" content=\"1 minute\" \/>\n<script type=\"application\/ld+json\" class=\"yoast-schema-graph\">{\"@context\":\"https:\\\/\\\/schema.org\",\"@graph\":[{\"@type\":\"WebPage\",\"@id\":\"https:\\\/\\\/www.palumbo-industries.com\\\/savoir-faire\\\/usinage-de-precision\\\/machines-transfert\\\/\",\"url\":\"https:\\\/\\\/www.palumbo-industries.com\\\/savoir-faire\\\/usinage-de-precision\\\/machines-transfert\\\/\",\"name\":\"Machine transfert usinage grande s\u00e9rie, fabrication pi\u00e8ce grande s\u00e9rie CNC\",\"isPartOf\":{\"@id\":\"https:\\\/\\\/www.palumbo-industries.com\\\/#website\"},\"primaryImageOfPage\":{\"@id\":\"https:\\\/\\\/www.palumbo-industries.com\\\/savoir-faire\\\/usinage-de-precision\\\/machines-transfert\\\/#primaryimage\"},\"image\":{\"@id\":\"https:\\\/\\\/www.palumbo-industries.com\\\/savoir-faire\\\/usinage-de-precision\\\/machines-transfert\\\/#primaryimage\"},\"thumbnailUrl\":\"https:\\\/\\\/www.palumbo-industries.com\\\/wp-content\\\/uploads\\\/2026\\\/01\\\/Palumbo-Pieces-en-desordre-scaled.jpg\",\"datePublished\":\"2026-01-08T08:26:35+00:00\",\"dateModified\":\"2026-04-21T10:31:39+00:00\",\"description\":\"Palumbo Industries dispose de machines transfert customis\u00e9es pour la production en grande s\u00e9rie, avec haute cadence, r\u00e9p\u00e9tabilit\u00e9 et contr\u00f4le qualit\u00e9 automatis\u00e9. Contactez-nous !\",\"breadcrumb\":{\"@id\":\"https:\\\/\\\/www.palumbo-industries.com\\\/savoir-faire\\\/usinage-de-precision\\\/machines-transfert\\\/#breadcrumb\"},\"inLanguage\":\"en-US\",\"potentialAction\":[{\"@type\":\"ReadAction\",\"target\":[\"https:\\\/\\\/www.palumbo-industries.com\\\/savoir-faire\\\/usinage-de-precision\\\/machines-transfert\\\/\"]}]},{\"@type\":\"ImageObject\",\"inLanguage\":\"en-US\",\"@id\":\"https:\\\/\\\/www.palumbo-industries.com\\\/savoir-faire\\\/usinage-de-precision\\\/machines-transfert\\\/#primaryimage\",\"url\":\"https:\\\/\\\/www.palumbo-industries.com\\\/wp-content\\\/uploads\\\/2026\\\/01\\\/Palumbo-Pieces-en-desordre-scaled.jpg\",\"contentUrl\":\"https:\\\/\\\/www.palumbo-industries.com\\\/wp-content\\\/uploads\\\/2026\\\/01\\\/Palumbo-Pieces-en-desordre-scaled.jpg\",\"width\":2560,\"height\":1707},{\"@type\":\"BreadcrumbList\",\"@id\":\"https:\\\/\\\/www.palumbo-industries.com\\\/savoir-faire\\\/usinage-de-precision\\\/machines-transfert\\\/#breadcrumb\",\"itemListElement\":[{\"@type\":\"ListItem\",\"position\":1,\"name\":\"Accueil\",\"item\":\"https:\\\/\\\/www.palumbo-industries.com\\\/\"},{\"@type\":\"ListItem\",\"position\":2,\"name\":\"Savoir-faire\",\"item\":\"https:\\\/\\\/www.palumbo-industries.com\\\/savoir-faire\\\/\"},{\"@type\":\"ListItem\",\"position\":3,\"name\":\"Usinage de pr\u00e9cision\",\"item\":\"https:\\\/\\\/www.palumbo-industries.com\\\/savoir-faire\\\/usinage-de-precision\\\/\"},{\"@type\":\"ListItem\",\"position\":4,\"name\":\"Machines transfert\"}]},{\"@type\":\"WebSite\",\"@id\":\"https:\\\/\\\/www.palumbo-industries.com\\\/#website\",\"url\":\"https:\\\/\\\/www.palumbo-industries.com\\\/\",\"name\":\"Palumbo Industries\",\"description\":\"Profile machining\",\"potentialAction\":[{\"@type\":\"SearchAction\",\"target\":{\"@type\":\"EntryPoint\",\"urlTemplate\":\"https:\\\/\\\/www.palumbo-industries.com\\\/?s={search_term_string}\"},\"query-input\":{\"@type\":\"PropertyValueSpecification\",\"valueRequired\":true,\"valueName\":\"search_term_string\"}}],\"inLanguage\":\"en-US\"}]}<\/script>\n<!-- \/ Yoast SEO plugin. -->","yoast_head_json":{"title":"Transfer machine high-volume machining, CNC high-volume parts manufacturing","description":"Palumbo Industries operates custom-built transfer machines for high-volume production, delivering high throughput, repeatability, and automated quality control. Contact us!","robots":{"index":"index","follow":"follow","max-snippet":"max-snippet:-1","max-image-preview":"max-image-preview:large","max-video-preview":"max-video-preview:-1"},"canonical":"https:\/\/www.palumbo-industries.com\/en\/savoir-faire\/usinage-de-precision\/machines-transfert\/","og_locale":"en_US","og_type":"article","og_title":"Machine transfert usinage grande s\u00e9rie, fabrication pi\u00e8ce grande s\u00e9rie CNC","og_description":"Palumbo Industries dispose de machines transfert customis\u00e9es pour la production en grande s\u00e9rie, avec haute cadence, r\u00e9p\u00e9tabilit\u00e9 et contr\u00f4le qualit\u00e9 automatis\u00e9. Contactez-nous !","og_url":"https:\/\/www.palumbo-industries.com\/en\/savoir-faire\/usinage-de-precision\/machines-transfert\/","og_site_name":"Palumbo Industries","article_modified_time":"2026-04-21T10:31:39+00:00","og_image":[{"width":2560,"height":1707,"url":"https:\/\/www.palumbo-industries.com\/wp-content\/uploads\/2026\/01\/Palumbo-Pieces-en-desordre-scaled.jpg","type":"image\/jpeg"}],"twitter_card":"summary_large_image","twitter_misc":{"Est. reading time":"1 minute"},"schema":{"@context":"https:\/\/schema.org","@graph":[{"@type":"WebPage","@id":"https:\/\/www.palumbo-industries.com\/savoir-faire\/usinage-de-precision\/machines-transfert\/","url":"https:\/\/www.palumbo-industries.com\/savoir-faire\/usinage-de-precision\/machines-transfert\/","name":"Transfer machine high-volume machining, CNC high-volume parts manufacturing","isPartOf":{"@id":"https:\/\/www.palumbo-industries.com\/#website"},"primaryImageOfPage":{"@id":"https:\/\/www.palumbo-industries.com\/savoir-faire\/usinage-de-precision\/machines-transfert\/#primaryimage"},"image":{"@id":"https:\/\/www.palumbo-industries.com\/savoir-faire\/usinage-de-precision\/machines-transfert\/#primaryimage"},"thumbnailUrl":"https:\/\/www.palumbo-industries.com\/wp-content\/uploads\/2026\/01\/Palumbo-Pieces-en-desordre-scaled.jpg","datePublished":"2026-01-08T08:26:35+00:00","dateModified":"2026-04-21T10:31:39+00:00","description":"Palumbo Industries operates custom-built transfer machines for high-volume production, delivering high throughput, repeatability, and automated quality control. Contact us!","breadcrumb":{"@id":"https:\/\/www.palumbo-industries.com\/savoir-faire\/usinage-de-precision\/machines-transfert\/#breadcrumb"},"inLanguage":"en-US","potentialAction":[{"@type":"ReadAction","target":["https:\/\/www.palumbo-industries.com\/savoir-faire\/usinage-de-precision\/machines-transfert\/"]}]},{"@type":"ImageObject","inLanguage":"en-US","@id":"https:\/\/www.palumbo-industries.com\/savoir-faire\/usinage-de-precision\/machines-transfert\/#primaryimage","url":"https:\/\/www.palumbo-industries.com\/wp-content\/uploads\/2026\/01\/Palumbo-Pieces-en-desordre-scaled.jpg","contentUrl":"https:\/\/www.palumbo-industries.com\/wp-content\/uploads\/2026\/01\/Palumbo-Pieces-en-desordre-scaled.jpg","width":2560,"height":1707},{"@type":"BreadcrumbList","@id":"https:\/\/www.palumbo-industries.com\/savoir-faire\/usinage-de-precision\/machines-transfert\/#breadcrumb","itemListElement":[{"@type":"ListItem","position":1,"name":"Accueil","item":"https:\/\/www.palumbo-industries.com\/"},{"@type":"ListItem","position":2,"name":"Savoir-faire","item":"https:\/\/www.palumbo-industries.com\/savoir-faire\/"},{"@type":"ListItem","position":3,"name":"Usinage de pr\u00e9cision","item":"https:\/\/www.palumbo-industries.com\/savoir-faire\/usinage-de-precision\/"},{"@type":"ListItem","position":4,"name":"Machines transfert"}]},{"@type":"WebSite","@id":"https:\/\/www.palumbo-industries.com\/#website","url":"https:\/\/www.palumbo-industries.com\/","name":"Palumbo Industries","description":"Profile machining","potentialAction":[{"@type":"SearchAction","target":{"@type":"EntryPoint","urlTemplate":"https:\/\/www.palumbo-industries.com\/?s={search_term_string}"},"query-input":{"@type":"PropertyValueSpecification","valueRequired":true,"valueName":"search_term_string"}}],"inLanguage":"en-US"}]}},"_links":{"self":[{"href":"https:\/\/www.palumbo-industries.com\/en\/wp-json\/wp\/v2\/pages\/69","targetHints":{"allow":["GET"]}}],"collection":[{"href":"https:\/\/www.palumbo-industries.com\/en\/wp-json\/wp\/v2\/pages"}],"about":[{"href":"https:\/\/www.palumbo-industries.com\/en\/wp-json\/wp\/v2\/types\/page"}],"author":[{"embeddable":true,"href":"https:\/\/www.palumbo-industries.com\/en\/wp-json\/wp\/v2\/users\/1"}],"replies":[{"embeddable":true,"href":"https:\/\/www.palumbo-industries.com\/en\/wp-json\/wp\/v2\/comments?post=69"}],"version-history":[{"count":18,"href":"https:\/\/www.palumbo-industries.com\/en\/wp-json\/wp\/v2\/pages\/69\/revisions"}],"predecessor-version":[{"id":1873,"href":"https:\/\/www.palumbo-industries.com\/en\/wp-json\/wp\/v2\/pages\/69\/revisions\/1873"}],"up":[{"embeddable":true,"href":"https:\/\/www.palumbo-industries.com\/en\/wp-json\/wp\/v2\/pages\/64"}],"wp:featuredmedia":[{"embeddable":true,"href":"https:\/\/www.palumbo-industries.com\/en\/wp-json\/wp\/v2\/media\/558"}],"wp:attachment":[{"href":"https:\/\/www.palumbo-industries.com\/en\/wp-json\/wp\/v2\/media?parent=69"}],"curies":[{"name":"wp","href":"https:\/\/api.w.org\/{rel}","templated":true}]}}