{"id":66,"date":"2026-01-08T09:24:49","date_gmt":"2026-01-08T08:24:49","guid":{"rendered":"https:\/\/www.palumbo-industries.com\/?page_id=66"},"modified":"2026-04-30T15:02:59","modified_gmt":"2026-04-30T13:02:59","slug":"centres-usinage","status":"publish","type":"page","link":"https:\/\/www.palumbo-industries.com\/en\/savoir-faire\/usinage-de-precision\/centres-usinage\/","title":{"rendered":"Centres d\u2019usinage"},"content":{"rendered":"<section data-etch-element=\"section\" style=\"--background: url(https:\/\/www.palumbo-industries.com\/wp-content\/uploads\/2026\/02\/usinage-piece-aluminium.png);\" class=\"section-hero-alt\"><div data-etch-element=\"container\" class=\"section-hero-alt__container\"><div class=\"section-hero-alt__content-wrapper\"><h1 class=\"section-hero-alt__heading\">Precision machining centers<\/h1><div class=\"apollo-breadcrumbs-component\"><nav class=\"apollo-breadcrumbs\" aria-label=\"Breadcrumbs\">\n            <ol class=\"apollo-breadcrumbs__list\">\n                                                       <li class=\"apollo-breadcrumbs__item\">\n                        <a class=\"apollo-breadcrumbs__content\" href=\"https:\/\/www.palumbo-industries.com\/en\/\">\n                            \n                            <span class=\"apollo-breadcrumbs__label\">\n                                Home                            <\/span>\n                        <\/a>\n\n                                            <\/li>\n                \n            <\/ol>\n        <\/nav><\/div><\/div><\/div><\/section><section data-etch-element=\"section\" class=\"media-section\"><div data-etch-element=\"container\" class=\"media-section__container\"><div class=\"media-section__media-wrapper\" style=\"--order: 1\"><img decoding=\"async\" src=\"https:\/\/www.palumbo-industries.com\/wp-content\/uploads\/2026\/02\/Palumbo-Usinage-multiaxes-scaled.jpg\" alt=\"\" class=\"media-section__image\" \/><\/div><div class=\"media-section__wrapper\"><h2 class=\"section-bloc-image__h2\">Multi-axis centers for the most demanding operations<\/h2><p class=\"section-media__text translation-block\">At Palumbo Industries, <strong>multi-axis machining centers<\/strong> play a key role in the production of high value-added <strong>components<\/strong>.<\/p><p class=\"section-media__text section-media__text-ul\">They are able to perform in a few sequences complex operations such as :<\/p><ul class=\"section-media__text section-media__unordered-list\"><li>milling<\/li><li>drilling<\/li><li>tapping<\/li><li>contouring<\/li><li>secondary operations<\/li><\/ul><p class=\"section-media__text section-media__text-ul translation-block\">Thanks to their mechanical rigidity, thermal stability, and multi-axis capabilities, our <strong>machining centers<\/strong> ensure:<\/p><ul class=\"section-media__text section-media__unordered-list\"><li>a high machining precision<\/li><li>une r\u00e9duction des retouches manuelles<\/li><li>impeccable surface finishes<\/li><li>a high repeatability even for technical production runs<\/li><\/ul><\/div><\/div><\/section><section data-etch-element=\"section\" class=\"media-section\"><div data-etch-element=\"container\" class=\"media-section__container\"><div class=\"media-section__media-wrapper\" style=\"--order: 0\"><img decoding=\"async\" src=\"https:\/\/www.palumbo-industries.com\/wp-content\/uploads\/2026\/02\/usinage-reflecteur-optique-pour-automobile.jpg\" alt=\"\" class=\"media-section__image\" \/><\/div><div class=\"media-section__wrapper\"><h2 class=\"section-bloc-image__h2\">A patented mirror-polished milling process on aluminium<\/h2><p class=\"section-media__text translation-block\">Palumbo Industries developed and patented a <strong>mirror-polished milling process on aluminium<\/strong>, for machining centers. This process is able to reach extremely high quality surfaces, with a reflectance rate over 80%,   without any additional polishing operation.<\/p><p class=\"section-media__text section-media__text-ul\">This innovation ensures :<\/p><ul class=\"section-media__text section-media__unordered-list\"><li>an exceptional surface finish<\/li><li>a perfect repeatability in mass production<\/li><li>cost savings (no extra finishing)<\/li><li>a mastered optical performance<\/li><\/ul><p class=\"section-media__text section-media__text-ul etch-guhvnns\"><strong>Main application :<\/strong><\/p><ul class=\"section-media__text section-media__unordered-list\"><li class=\"translation-block\"><strong>Optical reflectors<\/strong> for LED modules of lighting systems<\/li><\/ul><a href=\"\/en\/savoir-faire\/usinage-daluminium\/\" class=\"section-media__button btn--secondary\">Usinage d&#039;aluminium<\/a><\/div><\/div><\/section><section data-etch-element=\"section\" style=\"--media: url(&#039;https:\/\/www.palumbo-industries.com\/wp-content\/uploads\/2026\/01\/Palumbo-Ouvrier-scaled.jpg&#039;)\" class=\"section-bloc-image\"><div data-etch-element=\"container\" style=\"--position: end\" class=\"section-bloc-image__container\"> <svg width=\"591\" height=\"1129\" viewbox=\"0 0 591 1129\" fill=\"none\" class=\"section-bloc-image__svg\"><path d=\"M401.583 912.12C243.518 804.741 204.314 583.841 314.289 418.737C377.54 323.798 477.359 264.506 588.456 255.897L578.93 2.15619C389.313 16.5793 218.669 117.284 110.132 279.068L108.854 280.982L106.651 284.311C-79.1738 567.059 -10.9712 943.408 259.205 1125.98L401.583 912.12Z\" stroke=\"#0CEF00\" stroke-width=\"4\"><\/path><\/svg> <div class=\"section-bloc-image__content-bloc\"><h2 class=\"section-card__heading section-bloc-image__h2\">Key advantages of the machining centers<\/h2><ul class=\"section-bloc-image__ul\"><li class=\"section-bloc-image__li\">Tailored to complex geometries or to combined operations<\/li><li class=\"section-bloc-image__li\">High precision thanks to spindle rigidity, thermal stability and CNC drive<\/li><li class=\"section-bloc-image__li\">Optimized cycle times thanks to continuous machining<\/li><li class=\"section-bloc-image__li\">Thermal stability ensuring micrometric tolerances<\/li><li class=\"section-bloc-image__li\">Ability to machine aluminum, steel and copper alloys<\/li><\/ul><a href=\"\/en\/savoir-faire\/usinage-de-profiles\/\" class=\"section-bloc-image__button btn--secondary\">Machining of profiles<\/a><\/div><\/div><\/section><section data-etch-element=\"section\" class=\"section-bloc-image-bonus\"><div data-etch-element=\"container\" class=\"section-bloc-image-bonus__container\"><div class=\"section-bloc-image__content-bloc--alt\"><h2 class=\"section-card__heading section-bloc-image__h2\">Typical applications<\/h2><p class=\"section-bloc-image__text translation-block\"><strong>Machining centers<\/strong> enable the <strong>production of parts<\/strong> requiring high precision or secondary operations after extrusion or turning:<\/p><ul class=\"section-bloc-image__ul\"><li class=\"section-bloc-image__li\">Aluminium structural parts for automotive and aeronautics<\/li><li class=\"section-bloc-image__li\">Optical reflectors optiques for automotive and aeronautics<\/li><li class=\"section-bloc-image__li\">Urban mobility components<\/li><li class=\"section-bloc-image__li\">Brackets, clamps and similar complex mechanical parts<\/li><li class=\"section-bloc-image__li\">Applications requiring a fine and homogenous surface<\/li><\/ul><a href=\"\/en\/nos-realisations\/\" class=\"section-bloc-image__button btn--secondary\">Applications<\/a><\/div><\/div><\/section><section data-etch-element=\"section\" class=\"media-section\"><div data-etch-element=\"container\" class=\"media-section__container\"><div class=\"media-section__media-wrapper\" style=\"--order: 1\"><img decoding=\"async\" src=\"https:\/\/www.palumbo-industries.com\/wp-content\/uploads\/2026\/01\/Palumbo-Point-qualite-1-scaled.jpg\" alt=\"\" class=\"media-section__image\" \/><\/div><div class=\"media-section__wrapper\"><h2 class=\"section-bloc-image__h2\">A quality control tailored to complex parts<\/h2><h3 class=\"section-services__h3 section-bloc-image__h3\">An automated optical inspection<\/h3><p class=\"section-media__text translation-block\">Parts produced on <strong>machining centers<\/strong> are subject to enhanced inspections:<\/p><ul class=\"section-media__text section-media__unordered-list\"><li>periodic dimensional measurements on the production line<\/li><li>optical inspection adapted to the geometry<\/li><li>surface scanning for surface defects<\/li><li>final automated inspection and CMM measurement<\/li><\/ul><p class=\"section-media__text\">This process guarantees the part compliance, even for complex geometries and for secondary operations.<\/p><\/div><\/div><\/section><section data-etch-element=\"section\" class=\"section-services\"><div data-etch-element=\"container\" class=\"section-services__container width--full\"><div class=\"section-services__intro-wrapper content-width--safe\"><h2 class=\"section-services__h2\">Parts from machining centers d\u2019usinage for many business sectors<\/h2><p class=\"section-services__text\">Products from our machining centers  comply with the requirements from :<\/p><\/div><div data-etch-element=\"flex-div\" class=\"swiper mySwiper section-services__swiper\"><div data-etch-element=\"flex-div\" class=\"swiper-wrapper swiper__post-wrapper\"><div href=\"\" style=\"--background: url(https:\/\/www.palumbo-industries.com\/wp-content\/uploads\/2026\/01\/Palumbo-Engrenages-scaled.jpg)\" class=\"swiper-slide swiper__expertise-card\"><div class=\"swiper__wrapper\"><h4 class=\"swiper__heading\">Internal combustion and electric vehicles<\/h4><p class=\"swiper__text\">Structure and safety components<\/p><a href=\"\/en\/automobile\/\" class=\"swiper__anchor btn--secondary\">See more<\/a><\/div><\/div><div href=\"\" style=\"--background: url(https:\/\/www.palumbo-industries.com\/wp-content\/uploads\/2026\/02\/Palumbo-Data-center.png)\" class=\"swiper-slide swiper__expertise-card\"><div class=\"swiper__wrapper\"><h4 class=\"swiper__heading\">Industrial equipement<\/h4><p class=\"swiper__text\">Pistons and pump components<\/p><a href=\"\/en\/biens-dequipement\/\" class=\"swiper__anchor btn--secondary\">See more<\/a><\/div><\/div><div href=\"\" style=\"--background: url(https:\/\/www.palumbo-industries.com\/wp-content\/uploads\/2026\/01\/Palumbo-Mobilite-urbaine.jpg)\" class=\"swiper-slide swiper__expertise-card\"><div class=\"swiper__wrapper\"><h4 class=\"swiper__heading\">Urban mobility<\/h4><p class=\"swiper__text\">Components for electric busses, bicycles and scooters<\/p><a href=\"\/en\/mobilite-urbaine\/\" class=\"swiper__anchor btn--secondary\">See more<\/a><\/div><\/div><div href=\"\" style=\"--background: url(https:\/\/www.palumbo-industries.com\/wp-content\/uploads\/2026\/01\/Palumbo-Aeronautique.jpg)\" class=\"swiper-slide swiper__expertise-card\"><div class=\"swiper__wrapper\"><h4 class=\"swiper__heading\">Aeronautics<\/h4><p class=\"swiper__text\">Rails and high rigidity structural aluminium parts<\/p><a href=\"\/en\/aeronautique\/\" class=\"swiper__anchor btn--secondary\">See more<\/a><\/div><\/div><div href=\"\" style=\"--background: url(https:\/\/www.palumbo-industries.com\/wp-content\/uploads\/2026\/01\/Palumbo-Connectique.jpg)\" class=\"swiper-slide swiper__expertise-card\"><div class=\"swiper__wrapper\"><h4 class=\"swiper__heading\">Connectors<\/h4><p class=\"swiper__text\">High and low voltage connectors<\/p><a href=\"\/en\/connectique\/\" class=\"swiper__anchor btn--secondary\">See more<\/a><\/div><\/div><\/div><div class=\"swiper-pagination swiper__pagination section-services__pagination\"><\/div><\/div><\/div><\/section>","protected":false},"excerpt":{"rendered":"","protected":false},"author":1,"featured_media":1186,"parent":64,"menu_order":0,"comment_status":"closed","ping_status":"closed","template":"","meta":{"_acf_changed":false,"footnotes":""},"class_list":["post-66","page","type-page","status-publish","has-post-thumbnail","hentry"],"acf":[],"yoast_head":"<!-- This site is optimized with the Yoast SEO plugin v27.5 - https:\/\/yoast.com\/product\/yoast-seo-wordpress\/ -->\n<title>Centres d\u2019usinage multiaxes de pr\u00e9cision, usinage pi\u00e8ce complexe CNC<\/title>\n<meta name=\"description\" content=\"Palumbo Industries dispose de centres d\u2019usinage multiaxes pour r\u00e9aliser des pi\u00e8ces complexes avec haute pr\u00e9cision, stabilit\u00e9 dimensionnelle et production s\u00e9rie. Contactez-nous !\" \/>\n<meta name=\"robots\" content=\"index, follow, max-snippet:-1, max-image-preview:large, max-video-preview:-1\" \/>\n<link rel=\"canonical\" href=\"https:\/\/www.palumbo-industries.com\/en\/savoir-faire\/usinage-de-precision\/centres-usinage\/\" \/>\n<meta property=\"og:locale\" content=\"en_US\" \/>\n<meta property=\"og:type\" content=\"article\" \/>\n<meta property=\"og:title\" content=\"Centres d\u2019usinage multiaxes de pr\u00e9cision, usinage pi\u00e8ce complexe CNC\" \/>\n<meta property=\"og:description\" content=\"Palumbo Industries dispose de centres d\u2019usinage multiaxes pour r\u00e9aliser des pi\u00e8ces complexes avec haute pr\u00e9cision, stabilit\u00e9 dimensionnelle et production s\u00e9rie. Contactez-nous !\" \/>\n<meta property=\"og:url\" content=\"https:\/\/www.palumbo-industries.com\/en\/savoir-faire\/usinage-de-precision\/centres-usinage\/\" \/>\n<meta property=\"og:site_name\" content=\"Palumbo Industries\" \/>\n<meta property=\"article:modified_time\" content=\"2026-04-30T13:02:59+00:00\" \/>\n<meta property=\"og:image\" content=\"https:\/\/www.palumbo-industries.com\/wp-content\/uploads\/2026\/02\/usinage-piece-aluminium.png\" \/>\n\t<meta property=\"og:image:width\" content=\"2560\" \/>\n\t<meta property=\"og:image:height\" content=\"1356\" \/>\n\t<meta property=\"og:image:type\" content=\"image\/png\" \/>\n<meta name=\"twitter:card\" content=\"summary_large_image\" \/>\n<meta name=\"twitter:label1\" content=\"Est. reading time\" \/>\n\t<meta name=\"twitter:data1\" content=\"1 minute\" \/>\n<script type=\"application\/ld+json\" class=\"yoast-schema-graph\">{\"@context\":\"https:\\\/\\\/schema.org\",\"@graph\":[{\"@type\":\"WebPage\",\"@id\":\"https:\\\/\\\/www.palumbo-industries.com\\\/savoir-faire\\\/usinage-de-precision\\\/centres-usinage\\\/\",\"url\":\"https:\\\/\\\/www.palumbo-industries.com\\\/savoir-faire\\\/usinage-de-precision\\\/centres-usinage\\\/\",\"name\":\"Centres d\u2019usinage multiaxes de pr\u00e9cision, usinage pi\u00e8ce complexe CNC\",\"isPartOf\":{\"@id\":\"https:\\\/\\\/www.palumbo-industries.com\\\/#website\"},\"primaryImageOfPage\":{\"@id\":\"https:\\\/\\\/www.palumbo-industries.com\\\/savoir-faire\\\/usinage-de-precision\\\/centres-usinage\\\/#primaryimage\"},\"image\":{\"@id\":\"https:\\\/\\\/www.palumbo-industries.com\\\/savoir-faire\\\/usinage-de-precision\\\/centres-usinage\\\/#primaryimage\"},\"thumbnailUrl\":\"https:\\\/\\\/www.palumbo-industries.com\\\/wp-content\\\/uploads\\\/2026\\\/02\\\/usinage-piece-aluminium.png\",\"datePublished\":\"2026-01-08T08:24:49+00:00\",\"dateModified\":\"2026-04-30T13:02:59+00:00\",\"description\":\"Palumbo Industries dispose de centres d\u2019usinage multiaxes pour r\u00e9aliser des pi\u00e8ces complexes avec haute pr\u00e9cision, stabilit\u00e9 dimensionnelle et production s\u00e9rie. Contactez-nous !\",\"breadcrumb\":{\"@id\":\"https:\\\/\\\/www.palumbo-industries.com\\\/savoir-faire\\\/usinage-de-precision\\\/centres-usinage\\\/#breadcrumb\"},\"inLanguage\":\"en-US\",\"potentialAction\":[{\"@type\":\"ReadAction\",\"target\":[\"https:\\\/\\\/www.palumbo-industries.com\\\/savoir-faire\\\/usinage-de-precision\\\/centres-usinage\\\/\"]}]},{\"@type\":\"ImageObject\",\"inLanguage\":\"en-US\",\"@id\":\"https:\\\/\\\/www.palumbo-industries.com\\\/savoir-faire\\\/usinage-de-precision\\\/centres-usinage\\\/#primaryimage\",\"url\":\"https:\\\/\\\/www.palumbo-industries.com\\\/wp-content\\\/uploads\\\/2026\\\/02\\\/usinage-piece-aluminium.png\",\"contentUrl\":\"https:\\\/\\\/www.palumbo-industries.com\\\/wp-content\\\/uploads\\\/2026\\\/02\\\/usinage-piece-aluminium.png\",\"width\":2560,\"height\":1356,\"caption\":\"usinage de pi\u00e8ce en aluminium\"},{\"@type\":\"BreadcrumbList\",\"@id\":\"https:\\\/\\\/www.palumbo-industries.com\\\/savoir-faire\\\/usinage-de-precision\\\/centres-usinage\\\/#breadcrumb\",\"itemListElement\":[{\"@type\":\"ListItem\",\"position\":1,\"name\":\"Accueil\",\"item\":\"https:\\\/\\\/www.palumbo-industries.com\\\/\"},{\"@type\":\"ListItem\",\"position\":2,\"name\":\"Savoir-faire\",\"item\":\"https:\\\/\\\/www.palumbo-industries.com\\\/savoir-faire\\\/\"},{\"@type\":\"ListItem\",\"position\":3,\"name\":\"Usinage de pr\u00e9cision\",\"item\":\"https:\\\/\\\/www.palumbo-industries.com\\\/savoir-faire\\\/usinage-de-precision\\\/\"},{\"@type\":\"ListItem\",\"position\":4,\"name\":\"Centres d\u2019usinage\"}]},{\"@type\":\"WebSite\",\"@id\":\"https:\\\/\\\/www.palumbo-industries.com\\\/#website\",\"url\":\"https:\\\/\\\/www.palumbo-industries.com\\\/\",\"name\":\"Palumbo Industries\",\"description\":\"Profile machining\",\"potentialAction\":[{\"@type\":\"SearchAction\",\"target\":{\"@type\":\"EntryPoint\",\"urlTemplate\":\"https:\\\/\\\/www.palumbo-industries.com\\\/?s={search_term_string}\"},\"query-input\":{\"@type\":\"PropertyValueSpecification\",\"valueRequired\":true,\"valueName\":\"search_term_string\"}}],\"inLanguage\":\"en-US\"}]}<\/script>\n<!-- \/ Yoast SEO plugin. -->","yoast_head_json":{"title":"Multi-axis precision machining centers, CNC complex part machining","description":"Palumbo Industries operates multi-axis machining centers to produce complex parts with high precision, dimensional stability, and serial production. Contact us!","robots":{"index":"index","follow":"follow","max-snippet":"max-snippet:-1","max-image-preview":"max-image-preview:large","max-video-preview":"max-video-preview:-1"},"canonical":"https:\/\/www.palumbo-industries.com\/en\/savoir-faire\/usinage-de-precision\/centres-usinage\/","og_locale":"en_US","og_type":"article","og_title":"Centres d\u2019usinage multiaxes de pr\u00e9cision, usinage pi\u00e8ce complexe CNC","og_description":"Palumbo Industries dispose de centres d\u2019usinage multiaxes pour r\u00e9aliser des pi\u00e8ces complexes avec haute pr\u00e9cision, stabilit\u00e9 dimensionnelle et production s\u00e9rie. Contactez-nous !","og_url":"https:\/\/www.palumbo-industries.com\/en\/savoir-faire\/usinage-de-precision\/centres-usinage\/","og_site_name":"Palumbo Industries","article_modified_time":"2026-04-30T13:02:59+00:00","og_image":[{"width":2560,"height":1356,"url":"https:\/\/www.palumbo-industries.com\/wp-content\/uploads\/2026\/02\/usinage-piece-aluminium.png","type":"image\/png"}],"twitter_card":"summary_large_image","twitter_misc":{"Est. reading time":"1 minute"},"schema":{"@context":"https:\/\/schema.org","@graph":[{"@type":"WebPage","@id":"https:\/\/www.palumbo-industries.com\/savoir-faire\/usinage-de-precision\/centres-usinage\/","url":"https:\/\/www.palumbo-industries.com\/savoir-faire\/usinage-de-precision\/centres-usinage\/","name":"Multi-axis precision machining centers, CNC complex part machining","isPartOf":{"@id":"https:\/\/www.palumbo-industries.com\/#website"},"primaryImageOfPage":{"@id":"https:\/\/www.palumbo-industries.com\/savoir-faire\/usinage-de-precision\/centres-usinage\/#primaryimage"},"image":{"@id":"https:\/\/www.palumbo-industries.com\/savoir-faire\/usinage-de-precision\/centres-usinage\/#primaryimage"},"thumbnailUrl":"https:\/\/www.palumbo-industries.com\/wp-content\/uploads\/2026\/02\/usinage-piece-aluminium.png","datePublished":"2026-01-08T08:24:49+00:00","dateModified":"2026-04-30T13:02:59+00:00","description":"Palumbo Industries operates multi-axis machining centers to produce complex parts with high precision, dimensional stability, and serial production. Contact us!","breadcrumb":{"@id":"https:\/\/www.palumbo-industries.com\/savoir-faire\/usinage-de-precision\/centres-usinage\/#breadcrumb"},"inLanguage":"en-US","potentialAction":[{"@type":"ReadAction","target":["https:\/\/www.palumbo-industries.com\/savoir-faire\/usinage-de-precision\/centres-usinage\/"]}]},{"@type":"ImageObject","inLanguage":"en-US","@id":"https:\/\/www.palumbo-industries.com\/savoir-faire\/usinage-de-precision\/centres-usinage\/#primaryimage","url":"https:\/\/www.palumbo-industries.com\/wp-content\/uploads\/2026\/02\/usinage-piece-aluminium.png","contentUrl":"https:\/\/www.palumbo-industries.com\/wp-content\/uploads\/2026\/02\/usinage-piece-aluminium.png","width":2560,"height":1356,"caption":"usinage de pi\u00e8ce en aluminium"},{"@type":"BreadcrumbList","@id":"https:\/\/www.palumbo-industries.com\/savoir-faire\/usinage-de-precision\/centres-usinage\/#breadcrumb","itemListElement":[{"@type":"ListItem","position":1,"name":"Accueil","item":"https:\/\/www.palumbo-industries.com\/"},{"@type":"ListItem","position":2,"name":"Savoir-faire","item":"https:\/\/www.palumbo-industries.com\/savoir-faire\/"},{"@type":"ListItem","position":3,"name":"Usinage de pr\u00e9cision","item":"https:\/\/www.palumbo-industries.com\/savoir-faire\/usinage-de-precision\/"},{"@type":"ListItem","position":4,"name":"Centres d\u2019usinage"}]},{"@type":"WebSite","@id":"https:\/\/www.palumbo-industries.com\/#website","url":"https:\/\/www.palumbo-industries.com\/","name":"Palumbo Industries","description":"Profile machining","potentialAction":[{"@type":"SearchAction","target":{"@type":"EntryPoint","urlTemplate":"https:\/\/www.palumbo-industries.com\/?s={search_term_string}"},"query-input":{"@type":"PropertyValueSpecification","valueRequired":true,"valueName":"search_term_string"}}],"inLanguage":"en-US"}]}},"_links":{"self":[{"href":"https:\/\/www.palumbo-industries.com\/en\/wp-json\/wp\/v2\/pages\/66","targetHints":{"allow":["GET"]}}],"collection":[{"href":"https:\/\/www.palumbo-industries.com\/en\/wp-json\/wp\/v2\/pages"}],"about":[{"href":"https:\/\/www.palumbo-industries.com\/en\/wp-json\/wp\/v2\/types\/page"}],"author":[{"embeddable":true,"href":"https:\/\/www.palumbo-industries.com\/en\/wp-json\/wp\/v2\/users\/1"}],"replies":[{"embeddable":true,"href":"https:\/\/www.palumbo-industries.com\/en\/wp-json\/wp\/v2\/comments?post=66"}],"version-history":[{"count":22,"href":"https:\/\/www.palumbo-industries.com\/en\/wp-json\/wp\/v2\/pages\/66\/revisions"}],"predecessor-version":[{"id":1870,"href":"https:\/\/www.palumbo-industries.com\/en\/wp-json\/wp\/v2\/pages\/66\/revisions\/1870"}],"up":[{"embeddable":true,"href":"https:\/\/www.palumbo-industries.com\/en\/wp-json\/wp\/v2\/pages\/64"}],"wp:featuredmedia":[{"embeddable":true,"href":"https:\/\/www.palumbo-industries.com\/en\/wp-json\/wp\/v2\/media\/1186"}],"wp:attachment":[{"href":"https:\/\/www.palumbo-industries.com\/en\/wp-json\/wp\/v2\/media?parent=66"}],"curies":[{"name":"wp","href":"https:\/\/api.w.org\/{rel}","templated":true}]}}