{"id":60,"date":"2026-01-08T09:20:08","date_gmt":"2026-01-08T08:20:08","guid":{"rendered":"https:\/\/www.palumbo-industries.com\/?page_id=60"},"modified":"2026-04-30T14:54:52","modified_gmt":"2026-04-30T12:54:52","slug":"usinage-acier","status":"publish","type":"page","link":"https:\/\/www.palumbo-industries.com\/en\/savoir-faire\/usinage-de-profiles\/usinage-acier\/","title":{"rendered":"Usinage d&#8217;acier"},"content":{"rendered":"<section data-etch-element=\"section\" style=\"--background: url(https:\/\/www.palumbo-industries.com\/wp-content\/uploads\/2026\/01\/Palumbo-Pieces-incurvees-scaled.jpg);\" class=\"section-hero-alt\"><div data-etch-element=\"container\" class=\"section-hero-alt__container\"><div class=\"section-hero-alt__content-wrapper\"><h1 class=\"section-hero-alt__heading\">Steel profile machining<\/h1><div class=\"apollo-breadcrumbs-component\"><nav class=\"apollo-breadcrumbs\" aria-label=\"Breadcrumbs\">\n            <ol class=\"apollo-breadcrumbs__list\">\n                                                       <li class=\"apollo-breadcrumbs__item\">\n                        <a class=\"apollo-breadcrumbs__content\" href=\"https:\/\/www.palumbo-industries.com\/en\/\">\n                            \n                            <span class=\"apollo-breadcrumbs__label\">\n                                Home                            <\/span>\n                        <\/a>\n\n                                            <\/li>\n                \n            <\/ol>\n        <\/nav><\/div><\/div><\/div><\/section><section data-etch-element=\"section\" class=\"media-section\"><div data-etch-element=\"container\" class=\"media-section__container\"><div class=\"media-section__media-wrapper\" style=\"--order: 1\"><img decoding=\"async\" src=\"https:\/\/www.palumbo-industries.com\/wp-content\/uploads\/2026\/01\/usinage-profile-acier.jpg\" alt=\"\" class=\"media-section__image\" \/><\/div><div class=\"media-section__wrapper\"><h2 class=\"section-bloc-image__h2\">A comprehensive mastery of machining steel bars and profiles<\/h2><p class=\"section-media__text translation-block\">Palumbo Industries machines <strong>precision components<\/strong> from <strong>drawn steel profiles<\/strong> and <strong>stainless steel<\/strong>, designed for the most demanding mechanical environments, including internal combustion and electric vehicles.<br> Our <a href=\"https:\/\/www.palumbo-industries.com\/en\/savoir-faire\/usinage-de-precision\/machines-transfert\/\" style=\"color:#00ef38\" target=\"_self\">rotary transfer machines<\/a> and <a href=\"https:\/\/www.palumbo-industries.com\/en\/savoir-faire\/usinage-de-precision\/tournage-cnc\/\" style=\"color:#00ef38\" target=\"_self\">multi-axis CNC lathes<\/a> enable high-volume production while ensuring consistent precision, wear resistance, and automated <a href=\"https:\/\/www.palumbo-industries.com\/en\/finition\" style=\"color:#00ef38\" target=\"_self\">quality control<\/a>.<br> We work with various grades depending on performance requirements: 11SMn37, 16MnCr5, 42CrMo4, C45, stainless steels 303, 304, and 316, adapted to constraints such as strength, hardness, wear, and fatigue resistance.<br> Heat treatments, nitriding, and quenching &amp; tempering enhance part durability and improve performance under severe operating conditions.<\/p><\/div><\/div><\/section><section data-etch-element=\"section\" class=\"media-section\"><div data-etch-element=\"container\" class=\"media-section__container\"><div class=\"media-section__media-wrapper\" style=\"--order: 0\"><img decoding=\"async\" src=\"https:\/\/www.palumbo-industries.com\/wp-content\/uploads\/2026\/02\/fabricant-piece-profile-acier-1.jpg\" alt=\"\" class=\"media-section__image\" \/><\/div><div class=\"media-section__wrapper\"><h2 class=\"section-bloc-image__h2\">Applications typiques de l\u2019usinage de profil\u00e9s EN ACIER<\/h2><ul class=\"section-media__text section-media__unordered-list\"><li>Lock bolts for steering systems<\/li><li>Gears and shafts for electric motors<\/li><li>Spacer for dual clutch systems<\/li><li>Steel battery rails<\/li><\/ul><h2 class=\"section-bloc-image__h2\">Key advantages of steel machining<\/h2><ul class=\"section-media__text section-media__unordered-list\"><li>Excellent rigidity<\/li><li>Long lifespan, even under severe conditions<\/li><li>Cost-effectiveness for high volumes<\/li><li>Traceability and systematical controls included<\/li><li>R\u00e9sistance \u00e0 l&#039;usure<\/li><\/ul><a href=\"\/en\/nos-realisations\/\" class=\"section-media__button btn--secondary\">Applications<\/a><\/div><\/div><\/section><section data-etch-element=\"section\" style=\"--media: url(&#039;https:\/\/www.palumbo-industries.com\/wp-content\/uploads\/2026\/02\/Palumbo-Controle-qualite-avance-scaled.jpg&#039;)\" class=\"section-bloc-image\"><div data-etch-element=\"container\" style=\"--position: start\" class=\"section-bloc-image__container\"> <svg width=\"591\" height=\"1129\" viewbox=\"0 0 591 1129\" fill=\"none\" class=\"media-section__svg\"><path d=\"M401.583 912.12C243.518 804.741 204.314 583.841 314.289 418.737C377.54 323.798 477.359 264.506 588.456 255.897L578.93 2.15619C389.313 16.5793 218.669 117.284 110.132 279.068L108.854 280.982L106.651 284.311C-79.1738 567.059 -10.9712 943.408 259.205 1125.98L401.583 912.12Z\" stroke=\"#0CEF00\" stroke-width=\"4\"><\/path><\/svg> <div class=\"section-bloc-image__content-bloc\"><h2 class=\"section-card__heading section-bloc-image__h2\">Advanced quality controls for steel machined parts<\/h2><h3 class=\"section-services__h3 section-bloc-image__h3\">Automated inspection and high-precision metrology<\/h3><p class=\"section-bloc-image__text translation-block\">Each <strong>machined steel part<\/strong> follows a strict inspection protocol:<\/p><ul class=\"section-bloc-image__ul\"><li class=\"section-bloc-image__li\">Camera inspection of most of the products<\/li><li class=\"section-bloc-image__li\">Final inspection per 100% automatic inspection<\/li><li class=\"section-bloc-image__li\">Geometry measurements in an air conditioned metrology room<\/li><\/ul><p class=\"section-bloc-image__text\">This system ensures an constant quality, a PPM rate close to 0, and a full traceability from raw material to final product.<\/p><a href=\"\/en\/qualite-environnement\/\" class=\"section-bloc-image__button btn--secondary\">Our quality approach<\/a><\/div><\/div><\/section><section data-etch-element=\"section\" class=\"section-bloc-image-bonus\"><div data-etch-element=\"container\" class=\"section-bloc-image-bonus__container etch-ikgwq14\"><div class=\"section-bloc-image__content-bloc--alt\"><h2 class=\"section-card__heading section-bloc-image__h2\">An expertise for steel serving various industries<\/h2><p class=\"section-bloc-image__text translation-block\"><strong>Machined steel parts<\/strong> produced by Palumbo are integrated into:<\/p><ul class=\"section-bloc-image__ul\"><li class=\"section-bloc-image__li\">Internal combustion and electric automotive systems<\/li><li class=\"section-bloc-image__li\">Industrial mechanical assemblies<\/li><li class=\"section-bloc-image__li\">Hydraulic and pneumatic actuators<\/li><li class=\"section-bloc-image__li\">Structures for urban mobility<\/li><li class=\"section-bloc-image__li\">Mechanical connecting components<\/li><\/ul><a href=\"\/en\/secteurs-dactivites\/\" class=\"section-bloc-image__button btn--secondary\">Business sectors<\/a><\/div><\/div><\/section>","protected":false},"excerpt":{"rendered":"","protected":false},"author":1,"featured_media":708,"parent":56,"menu_order":0,"comment_status":"closed","ping_status":"closed","template":"","meta":{"_acf_changed":false,"footnotes":""},"class_list":["post-60","page","type-page","status-publish","has-post-thumbnail","hentry"],"acf":[],"yoast_head":"<!-- This site is optimized with the Yoast SEO plugin v27.5 - https:\/\/yoast.com\/product\/yoast-seo-wordpress\/ -->\n<title>Usinage profil\u00e9 acier, fabricant pi\u00e8ce profil\u00e9 acier, sous-traitant usinage profil\u00e9 acier<\/title>\n<meta name=\"description\" content=\"Palumbo Industries r\u00e9alise l\u2019usinage d\u2019acier de pr\u00e9cision \u00e0 partir de profil\u00e9s et barres, avec haute r\u00e9sistance, stabilit\u00e9 dimensionnelle et production en s\u00e9rie. Contactez-nous !\" \/>\n<meta name=\"robots\" content=\"index, follow, max-snippet:-1, max-image-preview:large, max-video-preview:-1\" \/>\n<link rel=\"canonical\" href=\"https:\/\/www.palumbo-industries.com\/en\/savoir-faire\/usinage-de-profiles\/usinage-acier\/\" \/>\n<meta property=\"og:locale\" content=\"en_US\" \/>\n<meta property=\"og:type\" content=\"article\" \/>\n<meta property=\"og:title\" content=\"Usinage profil\u00e9 acier, fabricant pi\u00e8ce profil\u00e9 acier, sous-traitant usinage profil\u00e9 acier\" \/>\n<meta property=\"og:description\" content=\"Palumbo Industries r\u00e9alise l\u2019usinage d\u2019acier de pr\u00e9cision \u00e0 partir de profil\u00e9s et barres, avec haute r\u00e9sistance, stabilit\u00e9 dimensionnelle et production en s\u00e9rie. Contactez-nous !\" \/>\n<meta property=\"og:url\" content=\"https:\/\/www.palumbo-industries.com\/en\/savoir-faire\/usinage-de-profiles\/usinage-acier\/\" \/>\n<meta property=\"og:site_name\" content=\"Palumbo Industries\" \/>\n<meta property=\"article:modified_time\" content=\"2026-04-30T12:54:52+00:00\" \/>\n<meta property=\"og:image\" content=\"https:\/\/www.palumbo-industries.com\/wp-content\/uploads\/2026\/01\/Palumbo-Pieces-incurvees-scaled.jpg\" \/>\n\t<meta property=\"og:image:width\" content=\"2560\" \/>\n\t<meta property=\"og:image:height\" content=\"1707\" \/>\n\t<meta property=\"og:image:type\" content=\"image\/jpeg\" \/>\n<meta name=\"twitter:card\" content=\"summary_large_image\" \/>\n<meta name=\"twitter:label1\" content=\"Est. reading time\" \/>\n\t<meta name=\"twitter:data1\" content=\"1 minute\" \/>\n<script type=\"application\/ld+json\" class=\"yoast-schema-graph\">{\"@context\":\"https:\\\/\\\/schema.org\",\"@graph\":[{\"@type\":\"WebPage\",\"@id\":\"https:\\\/\\\/www.palumbo-industries.com\\\/savoir-faire\\\/usinage-de-profiles\\\/usinage-acier\\\/\",\"url\":\"https:\\\/\\\/www.palumbo-industries.com\\\/savoir-faire\\\/usinage-de-profiles\\\/usinage-acier\\\/\",\"name\":\"Usinage profil\u00e9 acier, fabricant pi\u00e8ce profil\u00e9 acier, sous-traitant usinage profil\u00e9 acier\",\"isPartOf\":{\"@id\":\"https:\\\/\\\/www.palumbo-industries.com\\\/#website\"},\"primaryImageOfPage\":{\"@id\":\"https:\\\/\\\/www.palumbo-industries.com\\\/savoir-faire\\\/usinage-de-profiles\\\/usinage-acier\\\/#primaryimage\"},\"image\":{\"@id\":\"https:\\\/\\\/www.palumbo-industries.com\\\/savoir-faire\\\/usinage-de-profiles\\\/usinage-acier\\\/#primaryimage\"},\"thumbnailUrl\":\"https:\\\/\\\/www.palumbo-industries.com\\\/wp-content\\\/uploads\\\/2026\\\/01\\\/Palumbo-Pieces-incurvees-scaled.jpg\",\"datePublished\":\"2026-01-08T08:20:08+00:00\",\"dateModified\":\"2026-04-30T12:54:52+00:00\",\"description\":\"Palumbo Industries r\u00e9alise l\u2019usinage d\u2019acier de pr\u00e9cision \u00e0 partir de profil\u00e9s et barres, avec haute r\u00e9sistance, stabilit\u00e9 dimensionnelle et production en s\u00e9rie. Contactez-nous !\",\"breadcrumb\":{\"@id\":\"https:\\\/\\\/www.palumbo-industries.com\\\/savoir-faire\\\/usinage-de-profiles\\\/usinage-acier\\\/#breadcrumb\"},\"inLanguage\":\"en-US\",\"potentialAction\":[{\"@type\":\"ReadAction\",\"target\":[\"https:\\\/\\\/www.palumbo-industries.com\\\/savoir-faire\\\/usinage-de-profiles\\\/usinage-acier\\\/\"]}]},{\"@type\":\"ImageObject\",\"inLanguage\":\"en-US\",\"@id\":\"https:\\\/\\\/www.palumbo-industries.com\\\/savoir-faire\\\/usinage-de-profiles\\\/usinage-acier\\\/#primaryimage\",\"url\":\"https:\\\/\\\/www.palumbo-industries.com\\\/wp-content\\\/uploads\\\/2026\\\/01\\\/Palumbo-Pieces-incurvees-scaled.jpg\",\"contentUrl\":\"https:\\\/\\\/www.palumbo-industries.com\\\/wp-content\\\/uploads\\\/2026\\\/01\\\/Palumbo-Pieces-incurvees-scaled.jpg\",\"width\":2560,\"height\":1707},{\"@type\":\"BreadcrumbList\",\"@id\":\"https:\\\/\\\/www.palumbo-industries.com\\\/savoir-faire\\\/usinage-de-profiles\\\/usinage-acier\\\/#breadcrumb\",\"itemListElement\":[{\"@type\":\"ListItem\",\"position\":1,\"name\":\"Accueil\",\"item\":\"https:\\\/\\\/www.palumbo-industries.com\\\/\"},{\"@type\":\"ListItem\",\"position\":2,\"name\":\"Savoir-faire\",\"item\":\"https:\\\/\\\/www.palumbo-industries.com\\\/savoir-faire\\\/\"},{\"@type\":\"ListItem\",\"position\":3,\"name\":\"Usinage de profil\u00e9s\",\"item\":\"https:\\\/\\\/www.palumbo-industries.com\\\/savoir-faire\\\/usinage-de-profiles\\\/\"},{\"@type\":\"ListItem\",\"position\":4,\"name\":\"Usinage d&#8217;acier\"}]},{\"@type\":\"WebSite\",\"@id\":\"https:\\\/\\\/www.palumbo-industries.com\\\/#website\",\"url\":\"https:\\\/\\\/www.palumbo-industries.com\\\/\",\"name\":\"Palumbo Industries\",\"description\":\"Profile machining\",\"potentialAction\":[{\"@type\":\"SearchAction\",\"target\":{\"@type\":\"EntryPoint\",\"urlTemplate\":\"https:\\\/\\\/www.palumbo-industries.com\\\/?s={search_term_string}\"},\"query-input\":{\"@type\":\"PropertyValueSpecification\",\"valueRequired\":true,\"valueName\":\"search_term_string\"}}],\"inLanguage\":\"en-US\"}]}<\/script>\n<!-- \/ Yoast SEO plugin. -->","yoast_head_json":{"title":"Steel profile machining, steel profile parts manufacturer, steel profile machining subcontractor","description":"Palumbo Industries provides precision steel machining from profiles and bars, delivering high strength, dimensional stability, and serial production. Contact us!","robots":{"index":"index","follow":"follow","max-snippet":"max-snippet:-1","max-image-preview":"max-image-preview:large","max-video-preview":"max-video-preview:-1"},"canonical":"https:\/\/www.palumbo-industries.com\/en\/savoir-faire\/usinage-de-profiles\/usinage-acier\/","og_locale":"en_US","og_type":"article","og_title":"Usinage profil\u00e9 acier, fabricant pi\u00e8ce profil\u00e9 acier, sous-traitant usinage profil\u00e9 acier","og_description":"Palumbo Industries r\u00e9alise l\u2019usinage d\u2019acier de pr\u00e9cision \u00e0 partir de profil\u00e9s et barres, avec haute r\u00e9sistance, stabilit\u00e9 dimensionnelle et production en s\u00e9rie. Contactez-nous !","og_url":"https:\/\/www.palumbo-industries.com\/en\/savoir-faire\/usinage-de-profiles\/usinage-acier\/","og_site_name":"Palumbo Industries","article_modified_time":"2026-04-30T12:54:52+00:00","og_image":[{"width":2560,"height":1707,"url":"https:\/\/www.palumbo-industries.com\/wp-content\/uploads\/2026\/01\/Palumbo-Pieces-incurvees-scaled.jpg","type":"image\/jpeg"}],"twitter_card":"summary_large_image","twitter_misc":{"Est. reading time":"1 minute"},"schema":{"@context":"https:\/\/schema.org","@graph":[{"@type":"WebPage","@id":"https:\/\/www.palumbo-industries.com\/savoir-faire\/usinage-de-profiles\/usinage-acier\/","url":"https:\/\/www.palumbo-industries.com\/savoir-faire\/usinage-de-profiles\/usinage-acier\/","name":"Steel profile machining, steel profile parts manufacturer, steel profile machining subcontractor","isPartOf":{"@id":"https:\/\/www.palumbo-industries.com\/#website"},"primaryImageOfPage":{"@id":"https:\/\/www.palumbo-industries.com\/savoir-faire\/usinage-de-profiles\/usinage-acier\/#primaryimage"},"image":{"@id":"https:\/\/www.palumbo-industries.com\/savoir-faire\/usinage-de-profiles\/usinage-acier\/#primaryimage"},"thumbnailUrl":"https:\/\/www.palumbo-industries.com\/wp-content\/uploads\/2026\/01\/Palumbo-Pieces-incurvees-scaled.jpg","datePublished":"2026-01-08T08:20:08+00:00","dateModified":"2026-04-30T12:54:52+00:00","description":"Palumbo Industries provides precision steel machining from profiles and bars, delivering high strength, dimensional stability, and serial production. Contact us!","breadcrumb":{"@id":"https:\/\/www.palumbo-industries.com\/savoir-faire\/usinage-de-profiles\/usinage-acier\/#breadcrumb"},"inLanguage":"en-US","potentialAction":[{"@type":"ReadAction","target":["https:\/\/www.palumbo-industries.com\/savoir-faire\/usinage-de-profiles\/usinage-acier\/"]}]},{"@type":"ImageObject","inLanguage":"en-US","@id":"https:\/\/www.palumbo-industries.com\/savoir-faire\/usinage-de-profiles\/usinage-acier\/#primaryimage","url":"https:\/\/www.palumbo-industries.com\/wp-content\/uploads\/2026\/01\/Palumbo-Pieces-incurvees-scaled.jpg","contentUrl":"https:\/\/www.palumbo-industries.com\/wp-content\/uploads\/2026\/01\/Palumbo-Pieces-incurvees-scaled.jpg","width":2560,"height":1707},{"@type":"BreadcrumbList","@id":"https:\/\/www.palumbo-industries.com\/savoir-faire\/usinage-de-profiles\/usinage-acier\/#breadcrumb","itemListElement":[{"@type":"ListItem","position":1,"name":"Accueil","item":"https:\/\/www.palumbo-industries.com\/"},{"@type":"ListItem","position":2,"name":"Savoir-faire","item":"https:\/\/www.palumbo-industries.com\/savoir-faire\/"},{"@type":"ListItem","position":3,"name":"Usinage de profil\u00e9s","item":"https:\/\/www.palumbo-industries.com\/savoir-faire\/usinage-de-profiles\/"},{"@type":"ListItem","position":4,"name":"Usinage d&#8217;acier"}]},{"@type":"WebSite","@id":"https:\/\/www.palumbo-industries.com\/#website","url":"https:\/\/www.palumbo-industries.com\/","name":"Palumbo Industries","description":"Profile machining","potentialAction":[{"@type":"SearchAction","target":{"@type":"EntryPoint","urlTemplate":"https:\/\/www.palumbo-industries.com\/?s={search_term_string}"},"query-input":{"@type":"PropertyValueSpecification","valueRequired":true,"valueName":"search_term_string"}}],"inLanguage":"en-US"}]}},"_links":{"self":[{"href":"https:\/\/www.palumbo-industries.com\/en\/wp-json\/wp\/v2\/pages\/60","targetHints":{"allow":["GET"]}}],"collection":[{"href":"https:\/\/www.palumbo-industries.com\/en\/wp-json\/wp\/v2\/pages"}],"about":[{"href":"https:\/\/www.palumbo-industries.com\/en\/wp-json\/wp\/v2\/types\/page"}],"author":[{"embeddable":true,"href":"https:\/\/www.palumbo-industries.com\/en\/wp-json\/wp\/v2\/users\/1"}],"replies":[{"embeddable":true,"href":"https:\/\/www.palumbo-industries.com\/en\/wp-json\/wp\/v2\/comments?post=60"}],"version-history":[{"count":20,"href":"https:\/\/www.palumbo-industries.com\/en\/wp-json\/wp\/v2\/pages\/60\/revisions"}],"predecessor-version":[{"id":1862,"href":"https:\/\/www.palumbo-industries.com\/en\/wp-json\/wp\/v2\/pages\/60\/revisions\/1862"}],"up":[{"embeddable":true,"href":"https:\/\/www.palumbo-industries.com\/en\/wp-json\/wp\/v2\/pages\/56"}],"wp:featuredmedia":[{"embeddable":true,"href":"https:\/\/www.palumbo-industries.com\/en\/wp-json\/wp\/v2\/media\/708"}],"wp:attachment":[{"href":"https:\/\/www.palumbo-industries.com\/en\/wp-json\/wp\/v2\/media?parent=60"}],"curies":[{"name":"wp","href":"https:\/\/api.w.org\/{rel}","templated":true}]}}