{"id":58,"date":"2026-01-08T09:19:11","date_gmt":"2026-01-08T08:19:11","guid":{"rendered":"https:\/\/www.palumbo-industries.com\/?page_id=58"},"modified":"2026-04-30T14:54:14","modified_gmt":"2026-04-30T12:54:14","slug":"usinage-aluminium","status":"publish","type":"page","link":"https:\/\/www.palumbo-industries.com\/en\/savoir-faire\/usinage-de-profiles\/usinage-aluminium\/","title":{"rendered":"Usinage d&#8217;aluminium"},"content":{"rendered":"<section data-etch-element=\"section\" style=\"--background: url(https:\/\/www.palumbo-industries.com\/wp-content\/uploads\/2026\/01\/Palumbo-Grosses-pieces-vrac-scaled.jpg);\" class=\"section-hero-alt\"><div data-etch-element=\"container\" class=\"section-hero-alt__container\"><div class=\"section-hero-alt__content-wrapper\"><h1 class=\"section-hero-alt__heading\">Machining of extruded aluminum profiles <\/h1><div class=\"apollo-breadcrumbs-component\"><nav class=\"apollo-breadcrumbs\" aria-label=\"Breadcrumbs\">\n            <ol class=\"apollo-breadcrumbs__list\">\n                                                       <li class=\"apollo-breadcrumbs__item\">\n                        <a class=\"apollo-breadcrumbs__content\" href=\"https:\/\/www.palumbo-industries.com\/en\/\">\n                            \n                            <span class=\"apollo-breadcrumbs__label\">\n                                Home                            <\/span>\n                        <\/a>\n\n                                            <\/li>\n                \n            <\/ol>\n        <\/nav><\/div><\/div><\/div><\/section>\n\n<section data-etch-element=\"section\" class=\"media-section\"><div data-etch-element=\"container\" class=\"media-section__container\"><div class=\"media-section__media-wrapper\" style=\"--order: 1\"><img decoding=\"async\" src=\"https:\/\/www.palumbo-industries.com\/wp-content\/uploads\/2026\/02\/sous-traitant-usinage-profile-extrude-aluminium.jpg\" alt=\"\" class=\"media-section__image\" \/><\/div><div class=\"media-section__wrapper\"><h2 class=\"section-bloc-image__h2\">A specific expertise for extruded aluminum profiles<\/h2><p class=\"section-media__text translation-block\">Palumbo Industries machines <strong>high-precision components<\/strong> from <strong>extruded aluminum profiles<\/strong>, primarily intended for electric vehicles and applications requiring lightweight design, rigidity, and dimensional stability.<\/p><p class=\"section-media__text translation-block\"><strong>Aluminum<\/strong>, infinitely recyclable, offers an excellent strength-to-weight ratio and significantly reduces the mass of mechanical systems. We master the machining of grades 2017, 5083, 6060, 6061, and 6082, with T4 or T6 heat treatments to enhance their mechanical performance. The aesthetic, optical, and corrosion resistance properties of our products are improved through surface treatments such as anodizing or metallization.<\/p><p class=\"section-media__text section-media__text-ul\">Machining is performed on :<\/p><ul class=\"section-media__text section-media__unordered-list\"><li>Rotary transfer machines for large series<\/li><li>Robotized machining centers for complex geometries and medium series<\/li><\/ul><p class=\"section-media__text\">This combination ensures a high productivity, a consistent quality, and a perfect repeatability.<\/p><\/div><\/div><\/section>\n\n<section data-etch-element=\"section\" class=\"media-section\"><div data-etch-element=\"container\" class=\"media-section__container\"><div class=\"media-section__media-wrapper\" style=\"--order: 0\"><img decoding=\"async\" src=\"https:\/\/www.palumbo-industries.com\/wp-content\/uploads\/2026\/04\/usinage-piece-aluminium.webp\" alt=\"\" class=\"media-section__image\" \/><\/div><div class=\"media-section__wrapper\"><h2 class=\"section-bloc-image__h2\">Advantages of aluminium machining<\/h2><p class=\"section-media__text section-media__text-ul\">Key factors :<\/p><ul class=\"section-media__text section-media__unordered-list\"><li>Reduction of structural weight and of energy consumption<\/li><li>Enhanced mechanical properties after T4 \/ T6 heat treatments<\/li><li>High performance anodized or metallized surface finishing (reflectance &gt; 85 %)<\/li><li>Dimensional stability of narrow or long parts<\/li><\/ul><h2 class=\"section-bloc-image__h2\">Applications of machined aluminum profiles<\/h2><ul class=\"section-media__text section-media__unordered-list\"><li>Optical reflectors for LED systems (patented)<\/li><li>Frames and components of battery for electric vehicles<\/li><li>Elements of car suspensions<\/li><li>Light and rigid car body reinforcement<\/li><li>Components of braking systems requiring a high level of particle cleanliness<\/li><\/ul><a href=\"\/en\/nos-realisations\/\" class=\"section-media__button btn--secondary\">Applications<\/a><\/div><\/div><\/section>\n\n<section data-etch-element=\"section\" style=\"--media: url(&#039;https:\/\/www.palumbo-industries.com\/wp-content\/uploads\/2026\/01\/Palumbo-Point-qualite-scaled.jpg&#039;)\" class=\"section-bloc-image\"><div data-etch-element=\"container\" style=\"--position: end\" class=\"section-bloc-image__container\"> <svg width=\"591\" height=\"1129\" viewbox=\"0 0 591 1129\" fill=\"none\" class=\"section-bloc-image__svg\"><path d=\"M401.583 912.12C243.518 804.741 204.314 583.841 314.289 418.737C377.54 323.798 477.359 264.506 588.456 255.897L578.93 2.15619C389.313 16.5793 218.669 117.284 110.132 279.068L108.854 280.982L106.651 284.311C-79.1738 567.059 -10.9712 943.408 259.205 1125.98L401.583 912.12Z\" stroke=\"#0CEF00\" stroke-width=\"4\"><\/path><\/svg> <div class=\"section-bloc-image__content-bloc\"><h2 class=\"section-card__heading section-bloc-image__h2\">A rigorous quality control for machined aluminium profiles<\/h2><h3 class=\"section-services__h3 section-bloc-image__h3\">Cameras, scanners, measuring machines : a comprehensive mastery of compliance<\/h3><p class=\"section-bloc-image__text translation-block\">Each <strong>machined aluminum component<\/strong> is subject to a set of strict inspections:<\/p><ul class=\"section-bloc-image__ul\"><li class=\"section-bloc-image__li\">Camera inspection of over 80% of the products<\/li><li class=\"section-bloc-image__li\">Automatic inspection before shipment of 100% of the products<\/li><li class=\"section-bloc-image__li\">Geometry measurements in an air conditioned metrology room<\/li><\/ul><p class=\"section-bloc-image__text\">This system ensures an almost perfect compliance (PPM rate close to 0) and a full traceability from raw material to final packaging.<\/p><a href=\"\/en\/qualite-environnement\/\" class=\"section-bloc-image__button btn--secondary\">Our quality commitments<\/a><\/div><\/div><\/section>\n\n<section data-etch-element=\"section\" class=\"section-bloc-image-bonus\"><div data-etch-element=\"container\" class=\"section-bloc-image-bonus__container\"><div class=\"section-bloc-image__content-bloc--alt\"><h2 class=\"section-card__heading section-bloc-image__h2\">An expertise for aluminum serving the most demanding markets<\/h2><p class=\"section-bloc-image__text translation-block\"><strong>Machined aluminum parts<\/strong> are integrated into:<\/p><ul class=\"section-bloc-image__ul\"><li class=\"section-bloc-image__li\">Internal combustion and electric automotive systems<\/li><li class=\"section-bloc-image__li\">Lightweight aeronautics systems<\/li><li class=\"section-bloc-image__li\">Urban mobility modules<\/li><li class=\"section-bloc-image__li\">Industrial equipment<\/li><li class=\"section-bloc-image__li\">High performance connector systems<\/li><li class=\"section-bloc-image__li\">Data center architectures<\/li><\/ul><a href=\"\/en\/secteurs-dactivites\/\" class=\"section-bloc-image__button btn--secondary\">Business sectors<\/a><\/div><\/div><\/section>","protected":false},"excerpt":{"rendered":"","protected":false},"author":1,"featured_media":696,"parent":56,"menu_order":0,"comment_status":"closed","ping_status":"closed","template":"","meta":{"_acf_changed":false,"footnotes":""},"class_list":["post-58","page","type-page","status-publish","has-post-thumbnail","hentry"],"acf":[],"yoast_head":"<!-- This site is optimized with the Yoast SEO plugin v27.5 - https:\/\/yoast.com\/product\/yoast-seo-wordpress\/ -->\n<title>Sous-traitant usinage profil\u00e9 aluminium, usinage profil\u00e9 extrud\u00e9 aluminium<\/title>\n<meta name=\"description\" content=\"Palumbo Industries r\u00e9alise l\u2019usinage d\u2019aluminium de pr\u00e9cision \u00e0 partir de profil\u00e9s extrud\u00e9s, avec haute qualit\u00e9, r\u00e9p\u00e9tabilit\u00e9 et production en s\u00e9rie pour industries exigeantes. Contactez-nous !\" \/>\n<meta name=\"robots\" content=\"index, follow, max-snippet:-1, max-image-preview:large, max-video-preview:-1\" \/>\n<link rel=\"canonical\" href=\"https:\/\/www.palumbo-industries.com\/en\/savoir-faire\/usinage-de-profiles\/usinage-aluminium\/\" \/>\n<meta property=\"og:locale\" content=\"en_US\" \/>\n<meta property=\"og:type\" content=\"article\" \/>\n<meta property=\"og:title\" content=\"Sous-traitant usinage profil\u00e9 aluminium, usinage profil\u00e9 extrud\u00e9 aluminium\" \/>\n<meta property=\"og:description\" content=\"Palumbo Industries r\u00e9alise l\u2019usinage d\u2019aluminium de pr\u00e9cision \u00e0 partir de profil\u00e9s extrud\u00e9s, avec haute qualit\u00e9, r\u00e9p\u00e9tabilit\u00e9 et production en s\u00e9rie pour industries exigeantes. Contactez-nous !\" \/>\n<meta property=\"og:url\" content=\"https:\/\/www.palumbo-industries.com\/en\/savoir-faire\/usinage-de-profiles\/usinage-aluminium\/\" \/>\n<meta property=\"og:site_name\" content=\"Palumbo Industries\" \/>\n<meta property=\"article:modified_time\" content=\"2026-04-30T12:54:14+00:00\" \/>\n<meta property=\"og:image\" content=\"https:\/\/www.palumbo-industries.com\/wp-content\/uploads\/2026\/01\/Palumbo-Grosses-pieces-vrac-scaled.jpg\" \/>\n\t<meta property=\"og:image:width\" content=\"2560\" \/>\n\t<meta property=\"og:image:height\" content=\"1707\" \/>\n\t<meta property=\"og:image:type\" content=\"image\/jpeg\" \/>\n<meta name=\"twitter:card\" content=\"summary_large_image\" \/>\n<meta name=\"twitter:label1\" content=\"Est. reading time\" \/>\n\t<meta name=\"twitter:data1\" content=\"1 minute\" \/>\n<script type=\"application\/ld+json\" class=\"yoast-schema-graph\">{\"@context\":\"https:\\\/\\\/schema.org\",\"@graph\":[{\"@type\":\"WebPage\",\"@id\":\"https:\\\/\\\/www.palumbo-industries.com\\\/savoir-faire\\\/usinage-de-profiles\\\/usinage-aluminium\\\/\",\"url\":\"https:\\\/\\\/www.palumbo-industries.com\\\/savoir-faire\\\/usinage-de-profiles\\\/usinage-aluminium\\\/\",\"name\":\"Sous-traitant usinage profil\u00e9 aluminium, usinage profil\u00e9 extrud\u00e9 aluminium\",\"isPartOf\":{\"@id\":\"https:\\\/\\\/www.palumbo-industries.com\\\/#website\"},\"primaryImageOfPage\":{\"@id\":\"https:\\\/\\\/www.palumbo-industries.com\\\/savoir-faire\\\/usinage-de-profiles\\\/usinage-aluminium\\\/#primaryimage\"},\"image\":{\"@id\":\"https:\\\/\\\/www.palumbo-industries.com\\\/savoir-faire\\\/usinage-de-profiles\\\/usinage-aluminium\\\/#primaryimage\"},\"thumbnailUrl\":\"https:\\\/\\\/www.palumbo-industries.com\\\/wp-content\\\/uploads\\\/2026\\\/01\\\/Palumbo-Grosses-pieces-vrac-scaled.jpg\",\"datePublished\":\"2026-01-08T08:19:11+00:00\",\"dateModified\":\"2026-04-30T12:54:14+00:00\",\"description\":\"Palumbo Industries r\u00e9alise l\u2019usinage d\u2019aluminium de pr\u00e9cision \u00e0 partir de profil\u00e9s extrud\u00e9s, avec haute qualit\u00e9, r\u00e9p\u00e9tabilit\u00e9 et production en s\u00e9rie pour industries exigeantes. Contactez-nous !\",\"breadcrumb\":{\"@id\":\"https:\\\/\\\/www.palumbo-industries.com\\\/savoir-faire\\\/usinage-de-profiles\\\/usinage-aluminium\\\/#breadcrumb\"},\"inLanguage\":\"en-US\",\"potentialAction\":[{\"@type\":\"ReadAction\",\"target\":[\"https:\\\/\\\/www.palumbo-industries.com\\\/savoir-faire\\\/usinage-de-profiles\\\/usinage-aluminium\\\/\"]}]},{\"@type\":\"ImageObject\",\"inLanguage\":\"en-US\",\"@id\":\"https:\\\/\\\/www.palumbo-industries.com\\\/savoir-faire\\\/usinage-de-profiles\\\/usinage-aluminium\\\/#primaryimage\",\"url\":\"https:\\\/\\\/www.palumbo-industries.com\\\/wp-content\\\/uploads\\\/2026\\\/01\\\/Palumbo-Grosses-pieces-vrac-scaled.jpg\",\"contentUrl\":\"https:\\\/\\\/www.palumbo-industries.com\\\/wp-content\\\/uploads\\\/2026\\\/01\\\/Palumbo-Grosses-pieces-vrac-scaled.jpg\",\"width\":2560,\"height\":1707},{\"@type\":\"BreadcrumbList\",\"@id\":\"https:\\\/\\\/www.palumbo-industries.com\\\/savoir-faire\\\/usinage-de-profiles\\\/usinage-aluminium\\\/#breadcrumb\",\"itemListElement\":[{\"@type\":\"ListItem\",\"position\":1,\"name\":\"Accueil\",\"item\":\"https:\\\/\\\/www.palumbo-industries.com\\\/\"},{\"@type\":\"ListItem\",\"position\":2,\"name\":\"Savoir-faire\",\"item\":\"https:\\\/\\\/www.palumbo-industries.com\\\/savoir-faire\\\/\"},{\"@type\":\"ListItem\",\"position\":3,\"name\":\"Usinage de profil\u00e9s\",\"item\":\"https:\\\/\\\/www.palumbo-industries.com\\\/savoir-faire\\\/usinage-de-profiles\\\/\"},{\"@type\":\"ListItem\",\"position\":4,\"name\":\"Usinage d&#8217;aluminium\"}]},{\"@type\":\"WebSite\",\"@id\":\"https:\\\/\\\/www.palumbo-industries.com\\\/#website\",\"url\":\"https:\\\/\\\/www.palumbo-industries.com\\\/\",\"name\":\"Palumbo Industries\",\"description\":\"Profile machining\",\"potentialAction\":[{\"@type\":\"SearchAction\",\"target\":{\"@type\":\"EntryPoint\",\"urlTemplate\":\"https:\\\/\\\/www.palumbo-industries.com\\\/?s={search_term_string}\"},\"query-input\":{\"@type\":\"PropertyValueSpecification\",\"valueRequired\":true,\"valueName\":\"search_term_string\"}}],\"inLanguage\":\"en-US\"}]}<\/script>\n<!-- \/ Yoast SEO plugin. -->","yoast_head_json":{"title":"Aluminum profile machining subcontractor, extruded aluminum profile machining","description":"Palumbo Industries provides precision aluminum machining from extruded profiles, delivering high quality, repeatability, and serial production for demanding industries. Contact us!","robots":{"index":"index","follow":"follow","max-snippet":"max-snippet:-1","max-image-preview":"max-image-preview:large","max-video-preview":"max-video-preview:-1"},"canonical":"https:\/\/www.palumbo-industries.com\/en\/savoir-faire\/usinage-de-profiles\/usinage-aluminium\/","og_locale":"en_US","og_type":"article","og_title":"Sous-traitant usinage profil\u00e9 aluminium, usinage profil\u00e9 extrud\u00e9 aluminium","og_description":"Palumbo Industries r\u00e9alise l\u2019usinage d\u2019aluminium de pr\u00e9cision \u00e0 partir de profil\u00e9s extrud\u00e9s, avec haute qualit\u00e9, r\u00e9p\u00e9tabilit\u00e9 et production en s\u00e9rie pour industries exigeantes. Contactez-nous !","og_url":"https:\/\/www.palumbo-industries.com\/en\/savoir-faire\/usinage-de-profiles\/usinage-aluminium\/","og_site_name":"Palumbo Industries","article_modified_time":"2026-04-30T12:54:14+00:00","og_image":[{"width":2560,"height":1707,"url":"https:\/\/www.palumbo-industries.com\/wp-content\/uploads\/2026\/01\/Palumbo-Grosses-pieces-vrac-scaled.jpg","type":"image\/jpeg"}],"twitter_card":"summary_large_image","twitter_misc":{"Est. reading time":"1 minute"},"schema":{"@context":"https:\/\/schema.org","@graph":[{"@type":"WebPage","@id":"https:\/\/www.palumbo-industries.com\/savoir-faire\/usinage-de-profiles\/usinage-aluminium\/","url":"https:\/\/www.palumbo-industries.com\/savoir-faire\/usinage-de-profiles\/usinage-aluminium\/","name":"Aluminum profile machining subcontractor, extruded aluminum profile machining","isPartOf":{"@id":"https:\/\/www.palumbo-industries.com\/#website"},"primaryImageOfPage":{"@id":"https:\/\/www.palumbo-industries.com\/savoir-faire\/usinage-de-profiles\/usinage-aluminium\/#primaryimage"},"image":{"@id":"https:\/\/www.palumbo-industries.com\/savoir-faire\/usinage-de-profiles\/usinage-aluminium\/#primaryimage"},"thumbnailUrl":"https:\/\/www.palumbo-industries.com\/wp-content\/uploads\/2026\/01\/Palumbo-Grosses-pieces-vrac-scaled.jpg","datePublished":"2026-01-08T08:19:11+00:00","dateModified":"2026-04-30T12:54:14+00:00","description":"Palumbo Industries provides precision aluminum machining from extruded profiles, delivering high quality, repeatability, and serial production for demanding industries. Contact us!","breadcrumb":{"@id":"https:\/\/www.palumbo-industries.com\/savoir-faire\/usinage-de-profiles\/usinage-aluminium\/#breadcrumb"},"inLanguage":"en-US","potentialAction":[{"@type":"ReadAction","target":["https:\/\/www.palumbo-industries.com\/savoir-faire\/usinage-de-profiles\/usinage-aluminium\/"]}]},{"@type":"ImageObject","inLanguage":"en-US","@id":"https:\/\/www.palumbo-industries.com\/savoir-faire\/usinage-de-profiles\/usinage-aluminium\/#primaryimage","url":"https:\/\/www.palumbo-industries.com\/wp-content\/uploads\/2026\/01\/Palumbo-Grosses-pieces-vrac-scaled.jpg","contentUrl":"https:\/\/www.palumbo-industries.com\/wp-content\/uploads\/2026\/01\/Palumbo-Grosses-pieces-vrac-scaled.jpg","width":2560,"height":1707},{"@type":"BreadcrumbList","@id":"https:\/\/www.palumbo-industries.com\/savoir-faire\/usinage-de-profiles\/usinage-aluminium\/#breadcrumb","itemListElement":[{"@type":"ListItem","position":1,"name":"Accueil","item":"https:\/\/www.palumbo-industries.com\/"},{"@type":"ListItem","position":2,"name":"Savoir-faire","item":"https:\/\/www.palumbo-industries.com\/savoir-faire\/"},{"@type":"ListItem","position":3,"name":"Usinage de profil\u00e9s","item":"https:\/\/www.palumbo-industries.com\/savoir-faire\/usinage-de-profiles\/"},{"@type":"ListItem","position":4,"name":"Usinage d&#8217;aluminium"}]},{"@type":"WebSite","@id":"https:\/\/www.palumbo-industries.com\/#website","url":"https:\/\/www.palumbo-industries.com\/","name":"Palumbo Industries","description":"Profile machining","potentialAction":[{"@type":"SearchAction","target":{"@type":"EntryPoint","urlTemplate":"https:\/\/www.palumbo-industries.com\/?s={search_term_string}"},"query-input":{"@type":"PropertyValueSpecification","valueRequired":true,"valueName":"search_term_string"}}],"inLanguage":"en-US"}]}},"_links":{"self":[{"href":"https:\/\/www.palumbo-industries.com\/en\/wp-json\/wp\/v2\/pages\/58","targetHints":{"allow":["GET"]}}],"collection":[{"href":"https:\/\/www.palumbo-industries.com\/en\/wp-json\/wp\/v2\/pages"}],"about":[{"href":"https:\/\/www.palumbo-industries.com\/en\/wp-json\/wp\/v2\/types\/page"}],"author":[{"embeddable":true,"href":"https:\/\/www.palumbo-industries.com\/en\/wp-json\/wp\/v2\/users\/1"}],"replies":[{"embeddable":true,"href":"https:\/\/www.palumbo-industries.com\/en\/wp-json\/wp\/v2\/comments?post=58"}],"version-history":[{"count":18,"href":"https:\/\/www.palumbo-industries.com\/en\/wp-json\/wp\/v2\/pages\/58\/revisions"}],"predecessor-version":[{"id":1904,"href":"https:\/\/www.palumbo-industries.com\/en\/wp-json\/wp\/v2\/pages\/58\/revisions\/1904"}],"up":[{"embeddable":true,"href":"https:\/\/www.palumbo-industries.com\/en\/wp-json\/wp\/v2\/pages\/56"}],"wp:featuredmedia":[{"embeddable":true,"href":"https:\/\/www.palumbo-industries.com\/en\/wp-json\/wp\/v2\/media\/696"}],"wp:attachment":[{"href":"https:\/\/www.palumbo-industries.com\/en\/wp-json\/wp\/v2\/media?parent=58"}],"curies":[{"name":"wp","href":"https:\/\/api.w.org\/{rel}","templated":true}]}}