{"id":54,"date":"2026-01-08T09:16:27","date_gmt":"2026-01-08T08:16:27","guid":{"rendered":"https:\/\/www.palumbo-industries.com\/?page_id=54"},"modified":"2026-04-20T16:51:59","modified_gmt":"2026-04-20T14:51:59","slug":"contact","status":"publish","type":"page","link":"https:\/\/www.palumbo-industries.com\/en\/contact\/","title":{"rendered":"Contact"},"content":{"rendered":"<section data-etch-element=\"section\" style=\"--background: url(https:\/\/www.palumbo-industries.com\/wp-content\/uploads\/2026\/01\/Palumbo-Pieces-en-vrac-scaled.jpg);\" class=\"section-hero-alt\"><div data-etch-element=\"container\" class=\"section-hero-alt__container\"><div class=\"section-hero-alt__content-wrapper\"><h1 class=\"section-hero-alt__heading\">Contactez Palumbo Industries<\/h1><div class=\"apollo-breadcrumbs-component\"><nav class=\"apollo-breadcrumbs\" aria-label=\"Breadcrumbs\">\n            <ol class=\"apollo-breadcrumbs__list\">\n                                                       <li class=\"apollo-breadcrumbs__item\">\n                        <a class=\"apollo-breadcrumbs__content\" href=\"https:\/\/www.palumbo-industries.com\/en\/\">\n                            \n                            <span class=\"apollo-breadcrumbs__label\">\n                                Accueil                            <\/span>\n                        <\/a>\n\n                                            <\/li>\n                \n            <\/ol>\n        <\/nav><\/div><\/div><\/div><\/section>\n\n<section data-etch-element=\"section\" class=\"section-contact\"><div data-etch-element=\"container\" class=\"section-contact__container\"><div class=\"section-contact__form-wrapper\"><p>Chez Palumbo Industries, chaque projet commence par une discussion. Vous souhaitez en savoir plus sur nos savoir-faire, \u00e9changer sur un besoin technique ou obtenir un devis ? <\/p><p>Nos \u00e9quipes vous accompagnent avec r\u00e9activit\u00e9 et pr\u00e9cision. Laissez-nous un message, nous reviendrons vers vous rapidement.<\/p><div class=\"jet-fb-form-block\" data-is-block=\"jet-forms\/form-block\"><style id=\"jet-form-builder-42-inline-css\"><\/style><form  class=\"jet-form-builder layout-column submit-type-reload\" action=\"https:\/\/www.palumbo-industries.com\/en\/wp-json\/wp\/v2\/pages\/54\/?0u07Hu=QF6X9142iHK2&amp;method=reload\" method=\"POST\" data-form-id=\"42\" data-layout=\"column\" enctype=\"multipart\/form-data\" novalidate=\"null\" ssr_validation_method=\"rest\"><input type=\"hidden\" id=\"_wpnonce\" name=\"_wpnonce\" value=\"ab8abc739a\" \/><input type=\"hidden\" name=\"_wp_http_referer\" value=\"\/en\/wp-json\/wp\/v2\/pages\/54\" \/>\r\n<input type=\"hidden\" name=\"_jfb_current_render_states[]\" value=\"DEFAULT.STATE\" data-jfb-sync \/><input type=\"hidden\" class=\"jet-form-builder__field hidden-field\" name=\"_jet_engine_booking_form_id\" data-field-name=\"_jet_engine_booking_form_id\" value=\"42\">\n<input type=\"hidden\" class=\"jet-form-builder__field hidden-field\" name=\"_jet_engine_refer\" data-field-name=\"_jet_engine_refer\" value=\"https:\/\/www.palumbo-industries.com\/en\/wp-json\/wp\/v2\/pages\/54\/\">\n<input type=\"hidden\" class=\"jet-form-builder__field hidden-field\" name=\"__queried_post_id\" data-field-name=\"__queried_post_id\" value=\"54\">\n\n<div class=\"wp-block-columns is-layout-flex wp-container-core-columns-is-layout-9d6595d7 wp-block-columns-is-layout-flex\">\n<div class=\"wp-block-column is-layout-flow wp-block-column-is-layout-flow\"><div  class=\"jet-form-builder-row field-type-text-field cb-tjpe2sgb\" >\n<div class=\"jet-form-builder__label\">\r\n<div class=\"jet-form-builder__label-text\">Nom <span class=\"jet-form-builder__required\">*<\/span><\/div><\/div><div class=\"jet-form-builder__field-wrap\">\n\t\t\t\t<input placeholder=\"Nom\" required=\"required\" name=\"nom\" id=\"nom\" type=\"text\" data-field-name=\"nom\" class=\"jet-form-builder__field text-field\" data-jfb-sync=\"null\" autocomplete=\"off_i5ChMjKm\">\n\t\t\t\t\t<\/div>\n<\/div><\/div>\n\n\n\n<div class=\"wp-block-column is-layout-flow wp-block-column-is-layout-flow\"><div  class=\"jet-form-builder-row field-type-text-field cb-usxa62eb\" >\n<div class=\"jet-form-builder__label\">\r\n<div class=\"jet-form-builder__label-text\">Pr\u00e9nom <span class=\"jet-form-builder__required\">*<\/span><\/div><\/div><div class=\"jet-form-builder__field-wrap\">\n\t\t\t\t<input placeholder=\"Pr\u00e9nom\" required=\"required\" name=\"prenom\" id=\"prenom\" type=\"text\" data-field-name=\"prenom\" class=\"jet-form-builder__field text-field\" data-jfb-sync=\"null\" autocomplete=\"off_Cqupw8RW\">\n\t\t\t\t\t<\/div>\n<\/div><\/div>\n<\/div>\n\n\n\n<div class=\"wp-block-columns is-layout-flex wp-container-core-columns-is-layout-9d6595d7 wp-block-columns-is-layout-flex\">\n<div class=\"wp-block-column is-layout-flow wp-block-column-is-layout-flow\"><div  class=\"jet-form-builder-row field-type-text-field cb-hxd7xjie\" >\n<div class=\"jet-form-builder__label\">\r\n<div class=\"jet-form-builder__label-text\">Email <span class=\"jet-form-builder__required\">*<\/span><\/div><\/div><div class=\"jet-form-builder__field-wrap\">\n\t\t\t\t<input placeholder=\"Email\" required=\"required\" name=\"email\" id=\"email\" type=\"email\" data-field-name=\"email\" class=\"jet-form-builder__field text-field\" data-jfb-sync=\"null\" autocomplete=\"off_7vPrVRtQ\">\n\t\t\t\t\t<\/div>\n<\/div><\/div>\n\n\n\n<div class=\"wp-block-column is-layout-flow wp-block-column-is-layout-flow\"><div  class=\"jet-form-builder-row field-type-text-field cb-xtlflzfv\" >\n<div class=\"jet-form-builder__label\">\r\n<div class=\"jet-form-builder__label-text\">T\u00e9l\u00e9phone <span class=\"jet-form-builder__required\">*<\/span><\/div><\/div><div class=\"jet-form-builder__field-wrap\">\n\t\t\t\t<input placeholder=\"T\u00e9l\u00e9phone\" required=\"required\" name=\"telephone\" id=\"telephone\" type=\"tel\" data-field-name=\"telephone\" class=\"jet-form-builder__field text-field\" data-jfb-sync=\"null\" autocomplete=\"off_T2lN6yqr\">\n\t\t\t\t\t<\/div>\n<\/div><\/div>\n<\/div>\n\n\n\n<div class=\"wp-block-columns is-layout-flex wp-container-core-columns-is-layout-9d6595d7 wp-block-columns-is-layout-flex\">\n<div class=\"wp-block-column is-layout-flow wp-block-column-is-layout-flow\"><div  class=\"jet-form-builder-row field-type-text-field cb-pj1kjjj9\" >\n<div class=\"jet-form-builder__label\">\r\n<div class=\"jet-form-builder__label-text\">Entreprise<\/div><\/div><div class=\"jet-form-builder__field-wrap\">\n\t\t\t\t<input placeholder=\"Entreprise\" name=\"entreprise\" id=\"entreprise\" type=\"text\" data-field-name=\"entreprise\" class=\"jet-form-builder__field text-field\" data-jfb-sync=\"null\" autocomplete=\"off_vp7uUGMI\">\n\t\t\t\t\t<\/div>\n<\/div><\/div>\n\n\n\n<div class=\"wp-block-column is-layout-flow wp-block-column-is-layout-flow\"><div  class=\"jet-form-builder-row field-type-text-field cb-hlx43bks\" >\n<div class=\"jet-form-builder__label\">\r\n<div class=\"jet-form-builder__label-text\">Secteur d&#8217;activit\u00e9<\/div><\/div><div class=\"jet-form-builder__field-wrap\">\n\t\t\t\t<input placeholder=\"Secteur d&#039;activit\u00e9\" name=\"secteur\" id=\"secteur\" type=\"text\" data-field-name=\"secteur\" class=\"jet-form-builder__field text-field\" data-jfb-sync=\"null\" autocomplete=\"off_g6anmHbK\">\n\t\t\t\t\t<\/div>\n<\/div><\/div>\n<\/div>\n\n\n<div  class=\"jet-form-builder-row field-type-text-field cb-apkrr3fk\" >\n<div class=\"jet-form-builder__label\">\r\n<div class=\"jet-form-builder__label-text\">Objet<\/div><\/div><div class=\"jet-form-builder__field-wrap\">\n\t\t\t\t<input placeholder=\"Objet\" name=\"objet\" id=\"objet\" type=\"text\" data-field-name=\"objet\" class=\"jet-form-builder__field text-field\" data-jfb-sync=\"null\" autocomplete=\"off_y1YqAJtL\">\n\t\t\t\t\t<\/div>\n<\/div>\n\n<div  data-value=\"[{&quot;id&quot;:9710,&quot;conditions&quot;:[{&quot;__visible&quot;:true,&quot;value&quot;:&quot;&quot;}],&quot;to_set&quot;:&quot;&quot;}]\" class=\"jet-form-builder-row field-type-select-field wp-block-jet-forms-select-field cb-y2majp1j\">\n<div class=\"jet-form-builder__label\">\r\n<div class=\"jet-form-builder__label-text\">Comment nous avez-vous connu ? <span class=\"jet-form-builder__required\">*<\/span><\/div><\/div><div class=\"jet-form-builder__field-wrap\">\n\t<select class=\"jet-form-builder__field select-field\" required=\"required\" name=\"comment_nous_avez_vous_connu\" data-field-name=\"comment_nous_avez_vous_connu\" id=\"comment_nous_avez_vous_connu\" data-jfb-sync=\"null\">\n\t\t<option value=\"\"  selected>Comment nous avez-vous connu ?<\/option><option value=\"0\" >Recherche Google<\/option><option value=\"1\" >ChatGPT, Gemini, etc&#8230;<\/option><option value=\"2\" >Salon<\/option><option value=\"3\" >Bouche \u00e0 oreille<\/option><option value=\"4\" >R\u00e9seaux sociaux<\/option><option value=\"5\" >Email marketing<\/option>\t<\/select>\n<\/div>\n<\/div>\n\n<div  class=\"jet-form-builder-row field-type-textarea-field cb-uqlcvx1r\" >\n<div class=\"jet-form-builder__label\">\r\n<div class=\"jet-form-builder__label-text\">Message <span class=\"jet-form-builder__required\">*<\/span><\/div><\/div><div class=\"jet-form-builder__field-wrap\">\n\t\t<textarea class=\"jet-form-builder__field textarea-field\" placeholder=\"Message\" required=\"required\" name=\"message\" data-field-name=\"message\" id=\"message\" data-jfb-sync=\"null\"><\/textarea>\n\t<\/div>\n<\/div>\n\n<input type=\"hidden\" class=\"captcha-token cb-ka1iscnf\" name=\"_captcha_token\" value=\"\"\/><div  class=\"jet-form-builder-row field-type-submit-field cb-ka1iscnf\" >\n\t<div data-type=\"submit\" class=\"jet-form-builder__action-button-wrapper jet-form-builder__submit-wrap\">\n\t<button class=\"jet-form-builder__action-button btn--secondary jet-form-builder__submit submit-type-reload\" type=\"submit\">Envoyer<\/button>\n\t<\/div>\n\t\n<\/div>\n\n\n<p><\/p>\n\t<div class=\"jet-form-builder-messages-wrap\" data-form-id=\"42\"><\/div>\n<\/form>\n<\/div> <svg width=\"591\" height=\"1129\" viewBox=\"0 0 591 1129\" fill=\"none\" class=\"section-card__shape\"><path d=\"M401.583 912.12C243.518 804.741 204.314 583.841 314.289 418.737C377.54 323.798 477.359 264.506 588.456 255.897L578.93 2.15619C389.313 16.5793 218.669 117.284 110.132 279.068L108.854 280.982L106.651 284.311C-79.1738 567.059 -10.9712 943.408 259.205 1125.98L401.583 912.12Z\" stroke=\"#0CEF00\" stroke-width=\"4\"><\/path><\/svg> <\/div><div data-etch-element=\"container\" class=\"contact-details\"><div data-etch-element=\"container\" class=\"phone\"><svg xmlns=\"http:\/\/www.w3.org\/2000\/svg\" viewBox=\"0 0 512 512\"><path d=\"M160.2 25C152.3 6.1 131.7-3.9 112.1 1.4l-5.5 1.5c-64.6 17.6-119.8 80.2-103.7 156.4 37.1 175 174.8 312.7 349.8 349.8 76.3 16.2 138.8-39.1 156.4-103.7l1.5-5.5c5.4-19.7-4.7-40.3-23.5-48.1l-97.3-40.5c-16.5-6.9-35.6-2.1-47 11.8l-38.6 47.2C233.9 335.4 177.3 277 144.8 205.3L189 169.3c13.9-11.3 18.6-30.4 11.8-47L160.2 25z\"><\/path><\/svg><p>+33 (0)4 50 98 65 57<\/p><\/div><div data-etch-element=\"container\" class=\"phone\"><svg xmlns=\"http:\/\/www.w3.org\/2000\/svg\" viewBox=\"0 0 512 512\"><path d=\"M48 64c-26.5 0-48 21.5-48 48 0 15.1 7.1 29.3 19.2 38.4l208 156c17.1 12.8 40.5 12.8 57.6 0l208-156c12.1-9.1 19.2-23.3 19.2-38.4 0-26.5-21.5-48-48-48L48 64zM0 196L0 384c0 35.3 28.7 64 64 64l384 0c35.3 0 64-28.7 64-64l0-188-198.4 148.8c-34.1 25.6-81.1 25.6-115.2 0L0 196z\"><\/path><\/svg><p>commercial@palumbo-industries.com<\/p><\/div><div data-etch-element=\"container\" class=\"phone\"><svg xmlns=\"http:\/\/www.w3.org\/2000\/svg\" viewBox=\"0 0 512 512\"><path d=\"M256 0a256 256 0 1 1 0 512 256 256 0 1 1 0-512zM232 120l0 136c0 8 4 15.5 10.7 20l96 64c11 7.4 25.9 4.4 33.3-6.7s4.4-25.9-6.7-33.3L280 243.2 280 120c0-13.3-10.7-24-24-24s-24 10.7-24 24z\"><\/path><\/svg><p>Du lundi au vendredi<br \/> 08h00 \u2013 12h00 \/ 13h30 \u2013 17h30<\/p><\/div><div data-etch-element=\"container\" class=\"phone\"><svg xmlns=\"http:\/\/www.w3.org\/2000\/svg\" viewBox=\"0 0 512 512\"><path d=\"M512 48c0-11.1-5.7-21.4-15.2-27.2s-21.2-6.4-31.1-1.4L349.5 77.5 170.1 17.6c-8.1-2.7-16.8-2.1-24.4 1.7l-128 64C6.8 88.8 0 99.9 0 112L0 464c0 11.1 5.7 21.4 15.2 27.2s21.2 6.4 31.1 1.4l116.1-58.1 179.4 59.8c8.1 2.7 16.8 2.1 24.4-1.7l128-64c10.8-5.4 17.7-16.5 17.7-28.6l0-352zM192 376.9l0-284.5 128 42.7 0 284.5-128-42.7z\"><\/path><\/svg><p>Palumbo Industries Z.I. La Praz <br \/>358 Rue de l\u2019Industrie 74130 Vougy<\/p><\/div><\/div><\/div><\/section>\n\n<section data-etch-element=\"section\" class=\"contact-map width--full\"><div data-etch-element=\"container\" class=\"map-container\" id=\"map\"><\/div><\/section>","protected":false},"excerpt":{"rendered":"","protected":false},"author":1,"featured_media":615,"parent":0,"menu_order":0,"comment_status":"closed","ping_status":"closed","template":"","meta":{"_acf_changed":false,"footnotes":""},"class_list":["post-54","page","type-page","status-publish","has-post-thumbnail","hentry"],"acf":[],"yoast_head":"<!-- This site is optimized with the Yoast SEO plugin v27.5 - https:\/\/yoast.com\/product\/yoast-seo-wordpress\/ -->\n<title>Demande de devis : Usinage de profil\u00e9 de pr\u00e9cision<\/title>\n<meta name=\"description\" content=\"Contactez Palumbo Industries \u00e0 Vougy (Haute-Savoie). Sp\u00e9cialiste de l\u2019usinage de profil\u00e9s aluminium, acier et cuivreux.\" \/>\n<meta name=\"robots\" content=\"index, follow, max-snippet:-1, max-image-preview:large, max-video-preview:-1\" \/>\n<link rel=\"canonical\" href=\"https:\/\/www.palumbo-industries.com\/en\/contact\/\" \/>\n<meta property=\"og:locale\" content=\"en_US\" \/>\n<meta property=\"og:type\" content=\"article\" \/>\n<meta property=\"og:title\" content=\"Demande de devis : Usinage de profil\u00e9 de pr\u00e9cision\" \/>\n<meta property=\"og:description\" content=\"Contactez Palumbo Industries \u00e0 Vougy (Haute-Savoie). Sp\u00e9cialiste de l\u2019usinage de profil\u00e9s aluminium, acier et cuivreux.\" \/>\n<meta property=\"og:url\" content=\"https:\/\/www.palumbo-industries.com\/en\/contact\/\" \/>\n<meta property=\"og:site_name\" content=\"Palumbo Industries\" \/>\n<meta property=\"article:modified_time\" content=\"2026-04-20T14:51:59+00:00\" \/>\n<meta property=\"og:image\" content=\"https:\/\/www.palumbo-industries.com\/wp-content\/uploads\/2026\/01\/Palumbo-Pieces-en-vrac-scaled.jpg\" \/>\n\t<meta property=\"og:image:width\" content=\"2560\" \/>\n\t<meta property=\"og:image:height\" content=\"1707\" \/>\n\t<meta property=\"og:image:type\" content=\"image\/jpeg\" \/>\n<meta name=\"twitter:card\" content=\"summary_large_image\" \/>\n<meta name=\"twitter:label1\" content=\"Est. reading time\" \/>\n\t<meta name=\"twitter:data1\" content=\"1 minute\" \/>\n<script type=\"application\/ld+json\" class=\"yoast-schema-graph\">{\"@context\":\"https:\\\/\\\/schema.org\",\"@graph\":[{\"@type\":\"WebPage\",\"@id\":\"https:\\\/\\\/www.palumbo-industries.com\\\/contact\\\/\",\"url\":\"https:\\\/\\\/www.palumbo-industries.com\\\/contact\\\/\",\"name\":\"Demande de devis : Usinage de profil\u00e9 de pr\u00e9cision\",\"isPartOf\":{\"@id\":\"https:\\\/\\\/www.palumbo-industries.com\\\/#website\"},\"primaryImageOfPage\":{\"@id\":\"https:\\\/\\\/www.palumbo-industries.com\\\/contact\\\/#primaryimage\"},\"image\":{\"@id\":\"https:\\\/\\\/www.palumbo-industries.com\\\/contact\\\/#primaryimage\"},\"thumbnailUrl\":\"https:\\\/\\\/www.palumbo-industries.com\\\/wp-content\\\/uploads\\\/2026\\\/01\\\/Palumbo-Pieces-en-vrac-scaled.jpg\",\"datePublished\":\"2026-01-08T08:16:27+00:00\",\"dateModified\":\"2026-04-20T14:51:59+00:00\",\"description\":\"Contactez Palumbo Industries \u00e0 Vougy (Haute-Savoie). Sp\u00e9cialiste de l\u2019usinage de profil\u00e9s aluminium, acier et cuivreux.\",\"breadcrumb\":{\"@id\":\"https:\\\/\\\/www.palumbo-industries.com\\\/contact\\\/#breadcrumb\"},\"inLanguage\":\"en-US\",\"potentialAction\":[{\"@type\":\"ReadAction\",\"target\":[\"https:\\\/\\\/www.palumbo-industries.com\\\/contact\\\/\"]}]},{\"@type\":\"ImageObject\",\"inLanguage\":\"en-US\",\"@id\":\"https:\\\/\\\/www.palumbo-industries.com\\\/contact\\\/#primaryimage\",\"url\":\"https:\\\/\\\/www.palumbo-industries.com\\\/wp-content\\\/uploads\\\/2026\\\/01\\\/Palumbo-Pieces-en-vrac-scaled.jpg\",\"contentUrl\":\"https:\\\/\\\/www.palumbo-industries.com\\\/wp-content\\\/uploads\\\/2026\\\/01\\\/Palumbo-Pieces-en-vrac-scaled.jpg\",\"width\":2560,\"height\":1707},{\"@type\":\"BreadcrumbList\",\"@id\":\"https:\\\/\\\/www.palumbo-industries.com\\\/contact\\\/#breadcrumb\",\"itemListElement\":[{\"@type\":\"ListItem\",\"position\":1,\"name\":\"Accueil\",\"item\":\"https:\\\/\\\/www.palumbo-industries.com\\\/\"},{\"@type\":\"ListItem\",\"position\":2,\"name\":\"Contact\"}]},{\"@type\":\"WebSite\",\"@id\":\"https:\\\/\\\/www.palumbo-industries.com\\\/#website\",\"url\":\"https:\\\/\\\/www.palumbo-industries.com\\\/\",\"name\":\"Palumbo Industries\",\"description\":\"Profile machining\",\"potentialAction\":[{\"@type\":\"SearchAction\",\"target\":{\"@type\":\"EntryPoint\",\"urlTemplate\":\"https:\\\/\\\/www.palumbo-industries.com\\\/?s={search_term_string}\"},\"query-input\":{\"@type\":\"PropertyValueSpecification\",\"valueRequired\":true,\"valueName\":\"search_term_string\"}}],\"inLanguage\":\"en-US\"}]}<\/script>\n<!-- \/ Yoast SEO plugin. -->","yoast_head_json":{"title":"Request for quotation: Precision profile machining","description":"Contact Palumbo Industries in Vougy (Haute-Savoie). Specialized in machining steel, aluminum, and comme profiles. Phone : +33 4 50 986 557 \u2013 commercial@palumbo-industries.com","robots":{"index":"index","follow":"follow","max-snippet":"max-snippet:-1","max-image-preview":"max-image-preview:large","max-video-preview":"max-video-preview:-1"},"canonical":"https:\/\/www.palumbo-industries.com\/en\/contact\/","og_locale":"en_US","og_type":"article","og_title":"Demande de devis : Usinage de profil\u00e9 de pr\u00e9cision","og_description":"Contactez Palumbo Industries \u00e0 Vougy (Haute-Savoie). Sp\u00e9cialiste de l\u2019usinage de profil\u00e9s aluminium, acier et cuivreux.","og_url":"https:\/\/www.palumbo-industries.com\/en\/contact\/","og_site_name":"Palumbo Industries","article_modified_time":"2026-04-20T14:51:59+00:00","og_image":[{"width":2560,"height":1707,"url":"https:\/\/www.palumbo-industries.com\/wp-content\/uploads\/2026\/01\/Palumbo-Pieces-en-vrac-scaled.jpg","type":"image\/jpeg"}],"twitter_card":"summary_large_image","twitter_misc":{"Est. reading time":"1 minute"},"schema":{"@context":"https:\/\/schema.org","@graph":[{"@type":"WebPage","@id":"https:\/\/www.palumbo-industries.com\/contact\/","url":"https:\/\/www.palumbo-industries.com\/contact\/","name":"Request for quotation: Precision profile machining","isPartOf":{"@id":"https:\/\/www.palumbo-industries.com\/#website"},"primaryImageOfPage":{"@id":"https:\/\/www.palumbo-industries.com\/contact\/#primaryimage"},"image":{"@id":"https:\/\/www.palumbo-industries.com\/contact\/#primaryimage"},"thumbnailUrl":"https:\/\/www.palumbo-industries.com\/wp-content\/uploads\/2026\/01\/Palumbo-Pieces-en-vrac-scaled.jpg","datePublished":"2026-01-08T08:16:27+00:00","dateModified":"2026-04-20T14:51:59+00:00","description":"Contact Palumbo Industries in Vougy (Haute-Savoie). Specialized in machining steel, aluminum, and comme profiles. Phone : +33 4 50 986 557 \u2013 commercial@palumbo-industries.com","breadcrumb":{"@id":"https:\/\/www.palumbo-industries.com\/contact\/#breadcrumb"},"inLanguage":"en-US","potentialAction":[{"@type":"ReadAction","target":["https:\/\/www.palumbo-industries.com\/contact\/"]}]},{"@type":"ImageObject","inLanguage":"en-US","@id":"https:\/\/www.palumbo-industries.com\/contact\/#primaryimage","url":"https:\/\/www.palumbo-industries.com\/wp-content\/uploads\/2026\/01\/Palumbo-Pieces-en-vrac-scaled.jpg","contentUrl":"https:\/\/www.palumbo-industries.com\/wp-content\/uploads\/2026\/01\/Palumbo-Pieces-en-vrac-scaled.jpg","width":2560,"height":1707},{"@type":"BreadcrumbList","@id":"https:\/\/www.palumbo-industries.com\/contact\/#breadcrumb","itemListElement":[{"@type":"ListItem","position":1,"name":"Accueil","item":"https:\/\/www.palumbo-industries.com\/"},{"@type":"ListItem","position":2,"name":"Contact"}]},{"@type":"WebSite","@id":"https:\/\/www.palumbo-industries.com\/#website","url":"https:\/\/www.palumbo-industries.com\/","name":"Palumbo Industries","description":"Profile machining","potentialAction":[{"@type":"SearchAction","target":{"@type":"EntryPoint","urlTemplate":"https:\/\/www.palumbo-industries.com\/?s={search_term_string}"},"query-input":{"@type":"PropertyValueSpecification","valueRequired":true,"valueName":"search_term_string"}}],"inLanguage":"en-US"}]}},"_links":{"self":[{"href":"https:\/\/www.palumbo-industries.com\/en\/wp-json\/wp\/v2\/pages\/54","targetHints":{"allow":["GET"]}}],"collection":[{"href":"https:\/\/www.palumbo-industries.com\/en\/wp-json\/wp\/v2\/pages"}],"about":[{"href":"https:\/\/www.palumbo-industries.com\/en\/wp-json\/wp\/v2\/types\/page"}],"author":[{"embeddable":true,"href":"https:\/\/www.palumbo-industries.com\/en\/wp-json\/wp\/v2\/users\/1"}],"replies":[{"embeddable":true,"href":"https:\/\/www.palumbo-industries.com\/en\/wp-json\/wp\/v2\/comments?post=54"}],"version-history":[{"count":23,"href":"https:\/\/www.palumbo-industries.com\/en\/wp-json\/wp\/v2\/pages\/54\/revisions"}],"predecessor-version":[{"id":1848,"href":"https:\/\/www.palumbo-industries.com\/en\/wp-json\/wp\/v2\/pages\/54\/revisions\/1848"}],"wp:featuredmedia":[{"embeddable":true,"href":"https:\/\/www.palumbo-industries.com\/en\/wp-json\/wp\/v2\/media\/615"}],"wp:attachment":[{"href":"https:\/\/www.palumbo-industries.com\/en\/wp-json\/wp\/v2\/media?parent=54"}],"curies":[{"name":"wp","href":"https:\/\/api.w.org\/{rel}","templated":true}]}}