{"id":143,"date":"2026-01-12T14:08:25","date_gmt":"2026-01-12T13:08:25","guid":{"rendered":"https:\/\/www.palumbo-industries.com\/?page_id=143"},"modified":"2026-02-16T09:13:18","modified_gmt":"2026-02-16T08:13:18","slug":"qualite-environnement","status":"publish","type":"page","link":"https:\/\/www.palumbo-industries.com\/en\/qualite-environnement\/","title":{"rendered":"Quality &amp; environment"},"content":{"rendered":"<section data-etch-element=\"section\" style=\"--background: url(https:\/\/www.palumbo-industries.com\/wp-content\/uploads\/2026\/01\/Palumbo-Engrenages-creux-scaled.jpg);\" class=\"section-hero-alt\"><div data-etch-element=\"container\" class=\"section-hero-alt__container\"><div class=\"section-hero-alt__content-wrapper\"><h1 class=\"section-hero-alt__heading\">Commitment for quality, commitment for the environment<\/h1><div class=\"apollo-breadcrumbs-component\"><nav class=\"apollo-breadcrumbs\" aria-label=\"Breadcrumbs\">\n            <ol class=\"apollo-breadcrumbs__list\">\n                                                       <li class=\"apollo-breadcrumbs__item\">\n                        <a class=\"apollo-breadcrumbs__content\" href=\"https:\/\/www.palumbo-industries.com\/en\/\">\n                            \n                            <span class=\"apollo-breadcrumbs__label\">\n                                Home                            <\/span>\n                        <\/a>\n\n                                            <\/li>\n                \n            <\/ol>\n        <\/nav><\/div><\/div><\/div><\/section><section data-etch-element=\"section\" class=\"media-section\"><div data-etch-element=\"container\" class=\"media-section__container\"><div class=\"media-section__media-wrapper\" style=\"--order: 1\"><img decoding=\"async\" src=\"https:\/\/www.palumbo-industries.com\/wp-content\/uploads\/2026\/02\/Palumbo-Qualite-scaled.jpg\" alt=\"\" class=\"media-section__image\" \/><\/div><div class=\"media-section__wrapper\"><h2 class=\"section-bloc-image__h2\">Quality &amp; certifications<\/h2><p class=\"section-media__text\">A guaranteed quality means a guaranteed trust.\nAt Palumbo Industries, every stage of production, from design to delivery, is governed by a strict quality system, conceived to achieve zero defect.<\/p><p class=\"section-media__text section-media__text-ul\">We are certified :<\/p><ul class=\"section-media__text section-media__unordered-list\"><li>IATF 16949 - automotive<\/li><li>EN 9100 - aeronautics<\/li><li>ISO 14001 - environment<\/li><\/ul><p class=\"section-media__text\">These international certifications recognize the mastery of our processes, of our traceability, and of our our ability to meet the strictest requirements of our customers.<\/p><p class=\"section-media__text section-media__text-ul\">Our inspection equipment includes :<\/p><ul class=\"section-media__text section-media__unordered-list\"><li>Air conditioned measuring room<\/li><li>CMM machines<\/li><li>Optical camera control machines and scanning devices<\/li><li>100 % automatic inspection before shipment<\/li><\/ul><div class=\"section-double-content__button-wrapper\"><a href=\"https:\/\/www.palumbo-industries.com\/wp-content\/uploads\/2026\/02\/Palumbo-Certifications-16949-et-9001-Bilan-carbone.pdf\" target=\"_blank\" class=\"section-media__button btn--secondary\">Our certifications<\/a><\/div><\/div><\/div><\/section><section data-etch-element=\"section\" style=\"--media: url(&#039;&#039;)\" class=\"section-image\"><div data-etch-element=\"container\" style=\"--position: \" class=\"section-image__container width--full\"><figure class=\"section-image__figure\"><img loading=\"lazy\" decoding=\"async\"  sizes=\"auto, (max-width: 2560px) 100vw, 2560px\" srcset=\"https:\/\/www.palumbo-industries.com\/wp-content\/uploads\/2026\/01\/Palumbo-Point-qualite-1-scaled.jpg 2560w, https:\/\/www.palumbo-industries.com\/wp-content\/uploads\/2026\/01\/Palumbo-Point-qualite-1-300x200.jpg 300w, https:\/\/www.palumbo-industries.com\/wp-content\/uploads\/2026\/01\/Palumbo-Point-qualite-1-1024x683.jpg 1024w, https:\/\/www.palumbo-industries.com\/wp-content\/uploads\/2026\/01\/Palumbo-Point-qualite-1-150x150.jpg 150w, https:\/\/www.palumbo-industries.com\/wp-content\/uploads\/2026\/01\/Palumbo-Point-qualite-1-768x512.jpg 768w, https:\/\/www.palumbo-industries.com\/wp-content\/uploads\/2026\/01\/Palumbo-Point-qualite-1-1536x1024.jpg 1536w, https:\/\/www.palumbo-industries.com\/wp-content\/uploads\/2026\/01\/Palumbo-Point-qualite-1-2048x1365.jpg 2048w\" src=\"https:\/\/www.palumbo-industries.com\/wp-content\/uploads\/2026\/01\/Palumbo-Point-qualite-1-scaled.jpg\" alt=\"\" width=\"2560\" height=\"1707\" class=\"section-image__image\" \/><\/figure><\/div><\/section><section data-etch-element=\"section\" class=\"media-section\"><div data-etch-element=\"container\" class=\"media-section__container\"><div class=\"media-section__media-wrapper\" style=\"--order: 0\"><img decoding=\"async\" src=\"https:\/\/www.palumbo-industries.com\/wp-content\/uploads\/2026\/02\/Palumbo-Machine-Promatec-scaled.jpg\" alt=\"\" class=\"media-section__image\" \/><\/div><div class=\"media-section__wrapper\"><h2 class=\"section-bloc-image__h2\">Environmental commitment<\/h2><p class=\"section-media__text\">Palumbo Industries is committed to responsible industry. Our production site, located in the heart of the Technic Valley, implements concrete solutions to reduce our environmental impact:<\/p><ul class=\"section-media__text section-media__unordered-list\"><li>Recycling and reuse of scrap and chips<\/li><li>Filtration and reuse of soluble oils<\/li><li>Oil mist capture systems<\/li><li>Energy optimization and process efficiency<\/li><li>\"D\u00e9carbon\u2019action\" diagnosis<\/li><li>Laur\u00e9at &quot;Arve Pure&quot; pour la protection de l&#039;environnement<\/li><\/ul><p class=\"section-media__text\">Each action contributes to a shared goal: producing better, consuming less, and preserving the future.<\/p><a href=\"\/en\/digital-manufacturing\/\" class=\"section-media__button btn--secondary\">Digital Manufacturing<\/a><\/div><\/div><\/section>","protected":false},"excerpt":{"rendered":"","protected":false},"author":1,"featured_media":565,"parent":0,"menu_order":0,"comment_status":"closed","ping_status":"closed","template":"","meta":{"_acf_changed":false,"footnotes":""},"class_list":["post-143","page","type-page","status-publish","has-post-thumbnail","hentry"],"acf":[],"yoast_head":"<!-- This site is optimized with the Yoast SEO plugin v27.5 - https:\/\/yoast.com\/product\/yoast-seo-wordpress\/ -->\n<title>Palumbo Industries | Qualit\u00e9 &amp; Certifications \u2013 Engagement environnemental en Haute-Savoie<\/title>\n<meta name=\"description\" content=\"Palumbo Industries, certifi\u00e9e IATF 16949, EN 9100 et ISO 14001, garantit une qualit\u00e9 z\u00e9ro d\u00e9faut et une production \u00e9coresponsable en Vall\u00e9e de l\u2019Arve.\" \/>\n<meta name=\"robots\" content=\"index, follow, max-snippet:-1, max-image-preview:large, max-video-preview:-1\" \/>\n<link rel=\"canonical\" href=\"https:\/\/www.palumbo-industries.com\/en\/qualite-environnement\/\" \/>\n<meta property=\"og:locale\" content=\"en_US\" \/>\n<meta property=\"og:type\" content=\"article\" \/>\n<meta property=\"og:title\" content=\"Palumbo Industries | Qualit\u00e9 &amp; Certifications \u2013 Engagement environnemental en Haute-Savoie\" \/>\n<meta property=\"og:description\" content=\"Palumbo Industries, certifi\u00e9e IATF 16949, EN 9100 et ISO 14001, garantit une qualit\u00e9 z\u00e9ro d\u00e9faut et une production \u00e9coresponsable en Vall\u00e9e de l\u2019Arve.\" \/>\n<meta property=\"og:url\" content=\"https:\/\/www.palumbo-industries.com\/en\/qualite-environnement\/\" \/>\n<meta property=\"og:site_name\" content=\"Palumbo Industries\" \/>\n<meta property=\"article:modified_time\" content=\"2026-02-16T08:13:18+00:00\" \/>\n<meta property=\"og:image\" content=\"https:\/\/www.palumbo-industries.com\/wp-content\/uploads\/2026\/01\/Palumbo-Engrenages-creux-scaled.jpg\" \/>\n\t<meta property=\"og:image:width\" content=\"2560\" \/>\n\t<meta property=\"og:image:height\" content=\"1707\" \/>\n\t<meta property=\"og:image:type\" content=\"image\/jpeg\" \/>\n<meta name=\"twitter:card\" content=\"summary_large_image\" \/>\n<script type=\"application\/ld+json\" class=\"yoast-schema-graph\">{\"@context\":\"https:\\\/\\\/schema.org\",\"@graph\":[{\"@type\":\"WebPage\",\"@id\":\"https:\\\/\\\/www.palumbo-industries.com\\\/qualite-environnement\\\/\",\"url\":\"https:\\\/\\\/www.palumbo-industries.com\\\/qualite-environnement\\\/\",\"name\":\"Palumbo Industries | Qualit\u00e9 & Certifications \u2013 Engagement environnemental en Haute-Savoie\",\"isPartOf\":{\"@id\":\"https:\\\/\\\/www.palumbo-industries.com\\\/#website\"},\"primaryImageOfPage\":{\"@id\":\"https:\\\/\\\/www.palumbo-industries.com\\\/qualite-environnement\\\/#primaryimage\"},\"image\":{\"@id\":\"https:\\\/\\\/www.palumbo-industries.com\\\/qualite-environnement\\\/#primaryimage\"},\"thumbnailUrl\":\"https:\\\/\\\/www.palumbo-industries.com\\\/wp-content\\\/uploads\\\/2026\\\/01\\\/Palumbo-Engrenages-creux-scaled.jpg\",\"datePublished\":\"2026-01-12T13:08:25+00:00\",\"dateModified\":\"2026-02-16T08:13:18+00:00\",\"description\":\"Palumbo Industries, certifi\u00e9e IATF 16949, EN 9100 et ISO 14001, garantit une qualit\u00e9 z\u00e9ro d\u00e9faut et une production \u00e9coresponsable en Vall\u00e9e de l\u2019Arve.\",\"breadcrumb\":{\"@id\":\"https:\\\/\\\/www.palumbo-industries.com\\\/qualite-environnement\\\/#breadcrumb\"},\"inLanguage\":\"en-US\",\"potentialAction\":[{\"@type\":\"ReadAction\",\"target\":[\"https:\\\/\\\/www.palumbo-industries.com\\\/qualite-environnement\\\/\"]}]},{\"@type\":\"ImageObject\",\"inLanguage\":\"en-US\",\"@id\":\"https:\\\/\\\/www.palumbo-industries.com\\\/qualite-environnement\\\/#primaryimage\",\"url\":\"https:\\\/\\\/www.palumbo-industries.com\\\/wp-content\\\/uploads\\\/2026\\\/01\\\/Palumbo-Engrenages-creux-scaled.jpg\",\"contentUrl\":\"https:\\\/\\\/www.palumbo-industries.com\\\/wp-content\\\/uploads\\\/2026\\\/01\\\/Palumbo-Engrenages-creux-scaled.jpg\",\"width\":2560,\"height\":1707},{\"@type\":\"BreadcrumbList\",\"@id\":\"https:\\\/\\\/www.palumbo-industries.com\\\/qualite-environnement\\\/#breadcrumb\",\"itemListElement\":[{\"@type\":\"ListItem\",\"position\":1,\"name\":\"Accueil\",\"item\":\"https:\\\/\\\/www.palumbo-industries.com\\\/\"},{\"@type\":\"ListItem\",\"position\":2,\"name\":\"Qualit\u00e9 &amp; environnement\"}]},{\"@type\":\"WebSite\",\"@id\":\"https:\\\/\\\/www.palumbo-industries.com\\\/#website\",\"url\":\"https:\\\/\\\/www.palumbo-industries.com\\\/\",\"name\":\"Palumbo Industries\",\"description\":\"Profile machining\",\"potentialAction\":[{\"@type\":\"SearchAction\",\"target\":{\"@type\":\"EntryPoint\",\"urlTemplate\":\"https:\\\/\\\/www.palumbo-industries.com\\\/?s={search_term_string}\"},\"query-input\":{\"@type\":\"PropertyValueSpecification\",\"valueRequired\":true,\"valueName\":\"search_term_string\"}}],\"inLanguage\":\"en-US\"}]}<\/script>\n<!-- \/ Yoast SEO plugin. -->","yoast_head_json":{"title":"Palumbo Industries | Quality &amp; Certifications \u2013 Environmental commitment in Haute-Savoie","description":"Palumbo Industries, IATF 16949, EN 9100 and ISO 14001 certified, guarantees a zero defect quality and an eco-friendly production in the Arve Valley.","robots":{"index":"index","follow":"follow","max-snippet":"max-snippet:-1","max-image-preview":"max-image-preview:large","max-video-preview":"max-video-preview:-1"},"canonical":"https:\/\/www.palumbo-industries.com\/en\/qualite-environnement\/","og_locale":"en_US","og_type":"article","og_title":"Palumbo Industries | Qualit\u00e9 & Certifications \u2013 Engagement environnemental en Haute-Savoie","og_description":"Palumbo Industries, certifi\u00e9e IATF 16949, EN 9100 et ISO 14001, garantit une qualit\u00e9 z\u00e9ro d\u00e9faut et une production \u00e9coresponsable en Vall\u00e9e de l\u2019Arve.","og_url":"https:\/\/www.palumbo-industries.com\/en\/qualite-environnement\/","og_site_name":"Palumbo Industries","article_modified_time":"2026-02-16T08:13:18+00:00","og_image":[{"width":2560,"height":1707,"url":"https:\/\/www.palumbo-industries.com\/wp-content\/uploads\/2026\/01\/Palumbo-Engrenages-creux-scaled.jpg","type":"image\/jpeg"}],"twitter_card":"summary_large_image","schema":{"@context":"https:\/\/schema.org","@graph":[{"@type":"WebPage","@id":"https:\/\/www.palumbo-industries.com\/qualite-environnement\/","url":"https:\/\/www.palumbo-industries.com\/qualite-environnement\/","name":"Palumbo Industries | Quality &amp; Certifications \u2013 Environmental commitment in Haute-Savoie","isPartOf":{"@id":"https:\/\/www.palumbo-industries.com\/#website"},"primaryImageOfPage":{"@id":"https:\/\/www.palumbo-industries.com\/qualite-environnement\/#primaryimage"},"image":{"@id":"https:\/\/www.palumbo-industries.com\/qualite-environnement\/#primaryimage"},"thumbnailUrl":"https:\/\/www.palumbo-industries.com\/wp-content\/uploads\/2026\/01\/Palumbo-Engrenages-creux-scaled.jpg","datePublished":"2026-01-12T13:08:25+00:00","dateModified":"2026-02-16T08:13:18+00:00","description":"Palumbo Industries, IATF 16949, EN 9100 and ISO 14001 certified, guarantees a zero defect quality and an eco-friendly production in the Arve Valley.","breadcrumb":{"@id":"https:\/\/www.palumbo-industries.com\/qualite-environnement\/#breadcrumb"},"inLanguage":"en-US","potentialAction":[{"@type":"ReadAction","target":["https:\/\/www.palumbo-industries.com\/qualite-environnement\/"]}]},{"@type":"ImageObject","inLanguage":"en-US","@id":"https:\/\/www.palumbo-industries.com\/qualite-environnement\/#primaryimage","url":"https:\/\/www.palumbo-industries.com\/wp-content\/uploads\/2026\/01\/Palumbo-Engrenages-creux-scaled.jpg","contentUrl":"https:\/\/www.palumbo-industries.com\/wp-content\/uploads\/2026\/01\/Palumbo-Engrenages-creux-scaled.jpg","width":2560,"height":1707},{"@type":"BreadcrumbList","@id":"https:\/\/www.palumbo-industries.com\/qualite-environnement\/#breadcrumb","itemListElement":[{"@type":"ListItem","position":1,"name":"Accueil","item":"https:\/\/www.palumbo-industries.com\/"},{"@type":"ListItem","position":2,"name":"Qualit\u00e9 &amp; environnement"}]},{"@type":"WebSite","@id":"https:\/\/www.palumbo-industries.com\/#website","url":"https:\/\/www.palumbo-industries.com\/","name":"Palumbo Industries","description":"Profile machining","potentialAction":[{"@type":"SearchAction","target":{"@type":"EntryPoint","urlTemplate":"https:\/\/www.palumbo-industries.com\/?s={search_term_string}"},"query-input":{"@type":"PropertyValueSpecification","valueRequired":true,"valueName":"search_term_string"}}],"inLanguage":"en-US"}]}},"_links":{"self":[{"href":"https:\/\/www.palumbo-industries.com\/en\/wp-json\/wp\/v2\/pages\/143","targetHints":{"allow":["GET"]}}],"collection":[{"href":"https:\/\/www.palumbo-industries.com\/en\/wp-json\/wp\/v2\/pages"}],"about":[{"href":"https:\/\/www.palumbo-industries.com\/en\/wp-json\/wp\/v2\/types\/page"}],"author":[{"embeddable":true,"href":"https:\/\/www.palumbo-industries.com\/en\/wp-json\/wp\/v2\/users\/1"}],"replies":[{"embeddable":true,"href":"https:\/\/www.palumbo-industries.com\/en\/wp-json\/wp\/v2\/comments?post=143"}],"version-history":[{"count":22,"href":"https:\/\/www.palumbo-industries.com\/en\/wp-json\/wp\/v2\/pages\/143\/revisions"}],"predecessor-version":[{"id":1160,"href":"https:\/\/www.palumbo-industries.com\/en\/wp-json\/wp\/v2\/pages\/143\/revisions\/1160"}],"wp:featuredmedia":[{"embeddable":true,"href":"https:\/\/www.palumbo-industries.com\/en\/wp-json\/wp\/v2\/media\/565"}],"wp:attachment":[{"href":"https:\/\/www.palumbo-industries.com\/en\/wp-json\/wp\/v2\/media?parent=143"}],"curies":[{"name":"wp","href":"https:\/\/api.w.org\/{rel}","templated":true}]}}